{"id":3823,"date":"2022-01-07T17:48:04","date_gmt":"2022-01-07T17:48:04","guid":{"rendered":"https:\/\/mcazorla.com\/producto\/cofre\/"},"modified":"2022-08-11T14:40:52","modified_gmt":"2022-08-11T14:40:52","slug":"cofre","status":"publish","type":"product","link":"https:\/\/mcazorla.com\/fr\/producte\/cofre\/","title":{"rendered":"Cofre (engrais)"},"content":{"rendered":"","protected":false},"excerpt":{"rendered":"<p>Cofre est une solution nutritive \u00e0 base de cuivre (Cu<sup>2+<\/sup>) qui offre une excellente capacit\u00e9 de p\u00e9n\u00e9tration et syst\u00e9mie \u00e0 trav\u00e9s les vaisseaux de la s\u00e8ve (xyleme et floeme), atteignant rapidement toutes les extremit\u00e9s de la plante.<\/p>\n<p>Cofre est complex\u00e9 avec une mol\u00e9cule organique d&rsquo;origine v\u00e9g\u00e9tal formant un complexe de pyrrolate de cuivre qui, polymeris\u00e9, est un pr\u00e9curseur de la clorofille.<\/p>\n<p>Le cuivre en tant que micronutrient est un \u00e9l\u00e9ment essentiel pour le metabolisme des plantes.<\/p>\n<p>Sa pr\u00e9sence dans les tissus v\u00e9g\u00e9talaux permet, entre autres propi\u00e9t\u00e9s, d&rsquo;augmenter la synthese de chlorophylle et de renforcer la capacit\u00e9 de r\u00e9sistance de la plante contre divers champignons et bact\u00e9ries.<\/p>\n","protected":false},"featured_media":4301,"template":"","meta":[],"product_brand":[],"product_cat":[208,207],"product_tag":[],"class_list":{"0":"post-3823","1":"product","2":"type-product","3":"status-publish","4":"has-post-thumbnail","6":"product_cat-cuivres-en-bio","7":"product_cat-produits-en-bio","9":"first","10":"instock","11":"shipping-taxable","12":"product-type-simple"},"yoast_head":"<!-- This site is optimized with the Yoast SEO plugin v27.3 - https:\/\/yoast.com\/product\/yoast-seo-wordpress\/ -->\n<title>Cofre (engrais) - M. Cazorla<\/title>\n<meta name=\"robots\" content=\"index, follow, max-snippet:-1, max-image-preview:large, max-video-preview:-1\" \/>\n<link rel=\"canonical\" href=\"https:\/\/mcazorla.com\/fr\/producte\/cofre\/\" \/>\n<meta property=\"og:locale\" content=\"fr_FR\" \/>\n<meta property=\"og:type\" content=\"article\" \/>\n<meta property=\"og:title\" content=\"Cofre (engrais) - M. Cazorla\" \/>\n<meta property=\"og:description\" content=\"Cofre est une solution nutritive \u00e0 base de cuivre (Cu2+) qui offre une excellente capacit\u00e9 de p\u00e9n\u00e9tration et syst\u00e9mie \u00e0 trav\u00e9s les vaisseaux de la s\u00e8ve (xyleme et floeme), atteignant rapidement toutes les extremit\u00e9s de la plante.  Cofre est complex\u00e9 avec une mol\u00e9cule organique d&#039;origine v\u00e9g\u00e9tal formant un complexe de pyrrolate de cuivre qui, polymeris\u00e9, est un pr\u00e9curseur de la clorofille.  Le cuivre en tant que micronutrient est un \u00e9l\u00e9ment essentiel pour le metabolisme des plantes.  Sa pr\u00e9sence dans les tissus v\u00e9g\u00e9talaux permet, entre autres propi\u00e9t\u00e9s, d&#039;augmenter la synthese de chlorophylle et de renforcer la capacit\u00e9 de r\u00e9sistance de la plante contre divers champignons et bact\u00e9ries.\" \/>\n<meta property=\"og:url\" content=\"https:\/\/mcazorla.com\/fr\/producte\/cofre\/\" \/>\n<meta property=\"og:site_name\" content=\"M. Cazorla\" \/>\n<meta property=\"article:modified_time\" content=\"2022-08-11T14:40:52+00:00\" \/>\n<meta property=\"og:image\" content=\"https:\/\/mcazorla.com\/wp-content\/uploads\/2022\/01\/Cofre.jpg\" \/>\n\t<meta property=\"og:image:width\" content=\"500\" \/>\n\t<meta property=\"og:image:height\" content=\"386\" \/>\n\t<meta property=\"og:image:type\" content=\"image\/jpeg\" \/>\n<meta name=\"twitter:card\" content=\"summary_large_image\" \/>\n<script type=\"application\/ld+json\" class=\"yoast-schema-graph\">{\"@context\":\"https:\\\/\\\/schema.org\",\"@graph\":[{\"@type\":\"WebPage\",\"@id\":\"https:\\\/\\\/mcazorla.com\\\/fr\\\/producte\\\/cofre\\\/\",\"url\":\"https:\\\/\\\/mcazorla.com\\\/fr\\\/producte\\\/cofre\\\/\",\"name\":\"Cofre (engrais) - M. Cazorla\",\"isPartOf\":{\"@id\":\"https:\\\/\\\/mcazorla.com\\\/#website\"},\"primaryImageOfPage\":{\"@id\":\"https:\\\/\\\/mcazorla.com\\\/fr\\\/producte\\\/cofre\\\/#primaryimage\"},\"image\":{\"@id\":\"https:\\\/\\\/mcazorla.com\\\/fr\\\/producte\\\/cofre\\\/#primaryimage\"},\"thumbnailUrl\":\"https:\\\/\\\/mcazorla.com\\\/wp-content\\\/uploads\\\/2022\\\/01\\\/Cofre.jpg\",\"datePublished\":\"2022-01-07T17:48:04+00:00\",\"dateModified\":\"2022-08-11T14:40:52+00:00\",\"breadcrumb\":{\"@id\":\"https:\\\/\\\/mcazorla.com\\\/fr\\\/producte\\\/cofre\\\/#breadcrumb\"},\"inLanguage\":\"fr-FR\",\"potentialAction\":[{\"@type\":\"ReadAction\",\"target\":[\"https:\\\/\\\/mcazorla.com\\\/fr\\\/producte\\\/cofre\\\/\"]}]},{\"@type\":\"ImageObject\",\"inLanguage\":\"fr-FR\",\"@id\":\"https:\\\/\\\/mcazorla.com\\\/fr\\\/producte\\\/cofre\\\/#primaryimage\",\"url\":\"https:\\\/\\\/mcazorla.com\\\/wp-content\\\/uploads\\\/2022\\\/01\\\/Cofre.jpg\",\"contentUrl\":\"https:\\\/\\\/mcazorla.com\\\/wp-content\\\/uploads\\\/2022\\\/01\\\/Cofre.jpg\",\"width\":500,\"height\":386},{\"@type\":\"BreadcrumbList\",\"@id\":\"https:\\\/\\\/mcazorla.com\\\/fr\\\/producte\\\/cofre\\\/#breadcrumb\",\"itemListElement\":[{\"@type\":\"ListItem\",\"position\":1,\"name\":\"Portada\",\"item\":\"https:\\\/\\\/mcazorla.com\\\/fr\\\/\"},{\"@type\":\"ListItem\",\"position\":2,\"name\":\"Productes\",\"item\":\"https:\\\/\\\/mcazorla.com\\\/productes\\\/\"},{\"@type\":\"ListItem\",\"position\":3,\"name\":\"Cofre (engrais)\"}]},{\"@type\":\"WebSite\",\"@id\":\"https:\\\/\\\/mcazorla.com\\\/#website\",\"url\":\"https:\\\/\\\/mcazorla.com\\\/\",\"name\":\"M. Cazorla\",\"description\":\"Comercialitzaci\u00f3 de llavors, fertilizants, adobs ,fitosanitaris i cereals.\",\"potentialAction\":[{\"@type\":\"SearchAction\",\"target\":{\"@type\":\"EntryPoint\",\"urlTemplate\":\"https:\\\/\\\/mcazorla.com\\\/?s={search_term_string}\"},\"query-input\":{\"@type\":\"PropertyValueSpecification\",\"valueRequired\":true,\"valueName\":\"search_term_string\"}}],\"inLanguage\":\"fr-FR\"}]}<\/script>\n<!-- \/ Yoast SEO plugin. -->","yoast_head_json":{"title":"Cofre (engrais) - M. Cazorla","robots":{"index":"index","follow":"follow","max-snippet":"max-snippet:-1","max-image-preview":"max-image-preview:large","max-video-preview":"max-video-preview:-1"},"canonical":"https:\/\/mcazorla.com\/fr\/producte\/cofre\/","og_locale":"fr_FR","og_type":"article","og_title":"Cofre (engrais) - M. Cazorla","og_description":"Cofre est une solution nutritive \u00e0 base de cuivre (Cu2+) qui offre une excellente capacit\u00e9 de p\u00e9n\u00e9tration et syst\u00e9mie \u00e0 trav\u00e9s les vaisseaux de la s\u00e8ve (xyleme et floeme), atteignant rapidement toutes les extremit\u00e9s de la plante.  Cofre est complex\u00e9 avec une mol\u00e9cule organique d'origine v\u00e9g\u00e9tal formant un complexe de pyrrolate de cuivre qui, polymeris\u00e9, est un pr\u00e9curseur de la clorofille.  Le cuivre en tant que micronutrient est un \u00e9l\u00e9ment essentiel pour le metabolisme des plantes.  Sa pr\u00e9sence dans les tissus v\u00e9g\u00e9talaux permet, entre autres propi\u00e9t\u00e9s, d'augmenter la synthese de chlorophylle et de renforcer la capacit\u00e9 de r\u00e9sistance de la plante contre divers champignons et bact\u00e9ries.","og_url":"https:\/\/mcazorla.com\/fr\/producte\/cofre\/","og_site_name":"M. Cazorla","article_modified_time":"2022-08-11T14:40:52+00:00","og_image":[{"width":500,"height":386,"url":"https:\/\/mcazorla.com\/wp-content\/uploads\/2022\/01\/Cofre.jpg","type":"image\/jpeg"}],"twitter_card":"summary_large_image","schema":{"@context":"https:\/\/schema.org","@graph":[{"@type":"WebPage","@id":"https:\/\/mcazorla.com\/fr\/producte\/cofre\/","url":"https:\/\/mcazorla.com\/fr\/producte\/cofre\/","name":"Cofre (engrais) - M. Cazorla","isPartOf":{"@id":"https:\/\/mcazorla.com\/#website"},"primaryImageOfPage":{"@id":"https:\/\/mcazorla.com\/fr\/producte\/cofre\/#primaryimage"},"image":{"@id":"https:\/\/mcazorla.com\/fr\/producte\/cofre\/#primaryimage"},"thumbnailUrl":"https:\/\/mcazorla.com\/wp-content\/uploads\/2022\/01\/Cofre.jpg","datePublished":"2022-01-07T17:48:04+00:00","dateModified":"2022-08-11T14:40:52+00:00","breadcrumb":{"@id":"https:\/\/mcazorla.com\/fr\/producte\/cofre\/#breadcrumb"},"inLanguage":"fr-FR","potentialAction":[{"@type":"ReadAction","target":["https:\/\/mcazorla.com\/fr\/producte\/cofre\/"]}]},{"@type":"ImageObject","inLanguage":"fr-FR","@id":"https:\/\/mcazorla.com\/fr\/producte\/cofre\/#primaryimage","url":"https:\/\/mcazorla.com\/wp-content\/uploads\/2022\/01\/Cofre.jpg","contentUrl":"https:\/\/mcazorla.com\/wp-content\/uploads\/2022\/01\/Cofre.jpg","width":500,"height":386},{"@type":"BreadcrumbList","@id":"https:\/\/mcazorla.com\/fr\/producte\/cofre\/#breadcrumb","itemListElement":[{"@type":"ListItem","position":1,"name":"Portada","item":"https:\/\/mcazorla.com\/fr\/"},{"@type":"ListItem","position":2,"name":"Productes","item":"https:\/\/mcazorla.com\/productes\/"},{"@type":"ListItem","position":3,"name":"Cofre (engrais)"}]},{"@type":"WebSite","@id":"https:\/\/mcazorla.com\/#website","url":"https:\/\/mcazorla.com\/","name":"M. Cazorla","description":"Comercialitzaci\u00f3 de llavors, fertilizants, adobs ,fitosanitaris i cereals.","potentialAction":[{"@type":"SearchAction","target":{"@type":"EntryPoint","urlTemplate":"https:\/\/mcazorla.com\/?s={search_term_string}"},"query-input":{"@type":"PropertyValueSpecification","valueRequired":true,"valueName":"search_term_string"}}],"inLanguage":"fr-FR"}]}},"_links":{"self":[{"href":"https:\/\/mcazorla.com\/fr\/wp-json\/wp\/v2\/product\/3823","targetHints":{"allow":["GET"]}}],"collection":[{"href":"https:\/\/mcazorla.com\/fr\/wp-json\/wp\/v2\/product"}],"about":[{"href":"https:\/\/mcazorla.com\/fr\/wp-json\/wp\/v2\/types\/product"}],"wp:featuredmedia":[{"embeddable":true,"href":"https:\/\/mcazorla.com\/fr\/wp-json\/wp\/v2\/media\/4301"}],"wp:attachment":[{"href":"https:\/\/mcazorla.com\/fr\/wp-json\/wp\/v2\/media?parent=3823"}],"wp:term":[{"taxonomy":"product_brand","embeddable":true,"href":"https:\/\/mcazorla.com\/fr\/wp-json\/wp\/v2\/product_brand?post=3823"},{"taxonomy":"product_cat","embeddable":true,"href":"https:\/\/mcazorla.com\/fr\/wp-json\/wp\/v2\/product_cat?post=3823"},{"taxonomy":"product_tag","embeddable":true,"href":"https:\/\/mcazorla.com\/fr\/wp-json\/wp\/v2\/product_tag?post=3823"}],"curies":[{"name":"wp","href":"https:\/\/api.w.org\/{rel}","templated":true}]}}