{"id":3850,"date":"2022-01-04T15:43:20","date_gmt":"2022-01-04T15:43:20","guid":{"rendered":"https:\/\/mcazorla.com\/producto\/importaciones-paralelas\/"},"modified":"2022-02-21T14:39:16","modified_gmt":"2022-02-21T14:39:16","slug":"importations-paralleles","status":"publish","type":"product","link":"https:\/\/mcazorla.com\/fr\/producte\/importations-paralleles\/","title":{"rendered":"Importations parall\u00e8les"},"content":{"rendered":"","protected":false},"excerpt":{"rendered":"<p>Nous avons une gamme des produits phytos avec l&rsquo;homologation fran\u00e7aise obtenu par Permis de Commerce Parallelle (PCP).<\/p>\n<p>Cette gamme des phytos homologu\u00e9s et \u00e9tiquett\u00e9s en fran\u00e7ais vous pouvez la consulter dans l&rsquo;onglet du menu intitul\u00e9 \u00ab\u00a0Fiches de s\u00e9curit\u00e9\u00a0\u00bb ou vous trouverez deux colonnes differentes o\u00f9 vous pouvez consulter:<\/p>\n<p>&#8211; Fiche du produit avec doses et cultures homologu\u00e9s en France.<br \/>\n&#8211; Fiche de S\u00e9curit\u00e9.<\/p>\n","protected":false},"featured_media":3967,"template":"","meta":[],"product_brand":[],"product_cat":[197,192],"product_tag":[],"class_list":{"0":"post-3850","1":"product","2":"type-product","3":"status-publish","4":"has-post-thumbnail","6":"product_cat-importations-paralleles","7":"product_cat-phytosanitaires","9":"first","10":"instock","11":"shipping-taxable","12":"product-type-simple"},"yoast_head":"<!-- This site is optimized with the Yoast SEO plugin v27.4 - https:\/\/yoast.com\/product\/yoast-seo-wordpress\/ -->\n<title>Importations parall\u00e8les - M. Cazorla<\/title>\n<meta name=\"robots\" content=\"index, follow, max-snippet:-1, max-image-preview:large, max-video-preview:-1\" \/>\n<link rel=\"canonical\" href=\"https:\/\/mcazorla.com\/fr\/producte\/importations-paralleles\/\" \/>\n<meta property=\"og:locale\" content=\"fr_FR\" \/>\n<meta property=\"og:type\" content=\"article\" \/>\n<meta property=\"og:title\" content=\"Importations parall\u00e8les - M. Cazorla\" \/>\n<meta property=\"og:description\" content=\"Nous avons une gamme des produits phytos avec l&#039;homologation fran\u00e7aise obtenu par Permis de Commerce Parallelle (PCP).  Cette gamme des phytos homologu\u00e9s et \u00e9tiquett\u00e9s en fran\u00e7ais vous pouvez la consulter dans l&#039;onglet du menu intitul\u00e9 &quot;Fiches de s\u00e9curit\u00e9&quot; ou vous trouverez deux colonnes differentes o\u00f9 vous pouvez consulter:  - Fiche du produit avec doses et cultures homologu\u00e9s en France. - Fiche de S\u00e9curit\u00e9.\" \/>\n<meta property=\"og:url\" content=\"https:\/\/mcazorla.com\/fr\/producte\/importations-paralleles\/\" \/>\n<meta property=\"og:site_name\" content=\"M. Cazorla\" \/>\n<meta property=\"article:modified_time\" content=\"2022-02-21T14:39:16+00:00\" \/>\n<meta property=\"og:image\" content=\"https:\/\/mcazorla.com\/wp-content\/uploads\/2021\/12\/img-productes-no-producte.jpg\" \/>\n\t<meta property=\"og:image:width\" content=\"500\" \/>\n\t<meta property=\"og:image:height\" content=\"386\" \/>\n\t<meta property=\"og:image:type\" content=\"image\/jpeg\" \/>\n<meta name=\"twitter:card\" content=\"summary_large_image\" \/>\n<script type=\"application\/ld+json\" class=\"yoast-schema-graph\">{\"@context\":\"https:\\\/\\\/schema.org\",\"@graph\":[{\"@type\":\"WebPage\",\"@id\":\"https:\\\/\\\/mcazorla.com\\\/fr\\\/producte\\\/importations-paralleles\\\/\",\"url\":\"https:\\\/\\\/mcazorla.com\\\/fr\\\/producte\\\/importations-paralleles\\\/\",\"name\":\"Importations parall\u00e8les - M. Cazorla\",\"isPartOf\":{\"@id\":\"https:\\\/\\\/mcazorla.com\\\/#website\"},\"primaryImageOfPage\":{\"@id\":\"https:\\\/\\\/mcazorla.com\\\/fr\\\/producte\\\/importations-paralleles\\\/#primaryimage\"},\"image\":{\"@id\":\"https:\\\/\\\/mcazorla.com\\\/fr\\\/producte\\\/importations-paralleles\\\/#primaryimage\"},\"thumbnailUrl\":\"https:\\\/\\\/mcazorla.com\\\/wp-content\\\/uploads\\\/2021\\\/12\\\/img-productes-no-producte.jpg\",\"datePublished\":\"2022-01-04T15:43:20+00:00\",\"dateModified\":\"2022-02-21T14:39:16+00:00\",\"breadcrumb\":{\"@id\":\"https:\\\/\\\/mcazorla.com\\\/fr\\\/producte\\\/importations-paralleles\\\/#breadcrumb\"},\"inLanguage\":\"fr-FR\",\"potentialAction\":[{\"@type\":\"ReadAction\",\"target\":[\"https:\\\/\\\/mcazorla.com\\\/fr\\\/producte\\\/importations-paralleles\\\/\"]}]},{\"@type\":\"ImageObject\",\"inLanguage\":\"fr-FR\",\"@id\":\"https:\\\/\\\/mcazorla.com\\\/fr\\\/producte\\\/importations-paralleles\\\/#primaryimage\",\"url\":\"https:\\\/\\\/mcazorla.com\\\/wp-content\\\/uploads\\\/2021\\\/12\\\/img-productes-no-producte.jpg\",\"contentUrl\":\"https:\\\/\\\/mcazorla.com\\\/wp-content\\\/uploads\\\/2021\\\/12\\\/img-productes-no-producte.jpg\",\"width\":500,\"height\":386},{\"@type\":\"BreadcrumbList\",\"@id\":\"https:\\\/\\\/mcazorla.com\\\/fr\\\/producte\\\/importations-paralleles\\\/#breadcrumb\",\"itemListElement\":[{\"@type\":\"ListItem\",\"position\":1,\"name\":\"Portada\",\"item\":\"https:\\\/\\\/mcazorla.com\\\/fr\\\/\"},{\"@type\":\"ListItem\",\"position\":2,\"name\":\"Productes\",\"item\":\"https:\\\/\\\/mcazorla.com\\\/productes\\\/\"},{\"@type\":\"ListItem\",\"position\":3,\"name\":\"Importations parall\u00e8les\"}]},{\"@type\":\"WebSite\",\"@id\":\"https:\\\/\\\/mcazorla.com\\\/#website\",\"url\":\"https:\\\/\\\/mcazorla.com\\\/\",\"name\":\"M. Cazorla\",\"description\":\"Comercialitzaci\u00f3 de llavors, fertilizants, adobs ,fitosanitaris i cereals.\",\"potentialAction\":[{\"@type\":\"SearchAction\",\"target\":{\"@type\":\"EntryPoint\",\"urlTemplate\":\"https:\\\/\\\/mcazorla.com\\\/?s={search_term_string}\"},\"query-input\":{\"@type\":\"PropertyValueSpecification\",\"valueRequired\":true,\"valueName\":\"search_term_string\"}}],\"inLanguage\":\"fr-FR\"}]}<\/script>\n<!-- \/ Yoast SEO plugin. -->","yoast_head_json":{"title":"Importations parall\u00e8les - M. Cazorla","robots":{"index":"index","follow":"follow","max-snippet":"max-snippet:-1","max-image-preview":"max-image-preview:large","max-video-preview":"max-video-preview:-1"},"canonical":"https:\/\/mcazorla.com\/fr\/producte\/importations-paralleles\/","og_locale":"fr_FR","og_type":"article","og_title":"Importations parall\u00e8les - M. Cazorla","og_description":"Nous avons une gamme des produits phytos avec l'homologation fran\u00e7aise obtenu par Permis de Commerce Parallelle (PCP).  Cette gamme des phytos homologu\u00e9s et \u00e9tiquett\u00e9s en fran\u00e7ais vous pouvez la consulter dans l'onglet du menu intitul\u00e9 \"Fiches de s\u00e9curit\u00e9\" ou vous trouverez deux colonnes differentes o\u00f9 vous pouvez consulter:  - Fiche du produit avec doses et cultures homologu\u00e9s en France. - Fiche de S\u00e9curit\u00e9.","og_url":"https:\/\/mcazorla.com\/fr\/producte\/importations-paralleles\/","og_site_name":"M. Cazorla","article_modified_time":"2022-02-21T14:39:16+00:00","og_image":[{"width":500,"height":386,"url":"https:\/\/mcazorla.com\/wp-content\/uploads\/2021\/12\/img-productes-no-producte.jpg","type":"image\/jpeg"}],"twitter_card":"summary_large_image","schema":{"@context":"https:\/\/schema.org","@graph":[{"@type":"WebPage","@id":"https:\/\/mcazorla.com\/fr\/producte\/importations-paralleles\/","url":"https:\/\/mcazorla.com\/fr\/producte\/importations-paralleles\/","name":"Importations parall\u00e8les - M. Cazorla","isPartOf":{"@id":"https:\/\/mcazorla.com\/#website"},"primaryImageOfPage":{"@id":"https:\/\/mcazorla.com\/fr\/producte\/importations-paralleles\/#primaryimage"},"image":{"@id":"https:\/\/mcazorla.com\/fr\/producte\/importations-paralleles\/#primaryimage"},"thumbnailUrl":"https:\/\/mcazorla.com\/wp-content\/uploads\/2021\/12\/img-productes-no-producte.jpg","datePublished":"2022-01-04T15:43:20+00:00","dateModified":"2022-02-21T14:39:16+00:00","breadcrumb":{"@id":"https:\/\/mcazorla.com\/fr\/producte\/importations-paralleles\/#breadcrumb"},"inLanguage":"fr-FR","potentialAction":[{"@type":"ReadAction","target":["https:\/\/mcazorla.com\/fr\/producte\/importations-paralleles\/"]}]},{"@type":"ImageObject","inLanguage":"fr-FR","@id":"https:\/\/mcazorla.com\/fr\/producte\/importations-paralleles\/#primaryimage","url":"https:\/\/mcazorla.com\/wp-content\/uploads\/2021\/12\/img-productes-no-producte.jpg","contentUrl":"https:\/\/mcazorla.com\/wp-content\/uploads\/2021\/12\/img-productes-no-producte.jpg","width":500,"height":386},{"@type":"BreadcrumbList","@id":"https:\/\/mcazorla.com\/fr\/producte\/importations-paralleles\/#breadcrumb","itemListElement":[{"@type":"ListItem","position":1,"name":"Portada","item":"https:\/\/mcazorla.com\/fr\/"},{"@type":"ListItem","position":2,"name":"Productes","item":"https:\/\/mcazorla.com\/productes\/"},{"@type":"ListItem","position":3,"name":"Importations parall\u00e8les"}]},{"@type":"WebSite","@id":"https:\/\/mcazorla.com\/#website","url":"https:\/\/mcazorla.com\/","name":"M. Cazorla","description":"Comercialitzaci\u00f3 de llavors, fertilizants, adobs ,fitosanitaris i cereals.","potentialAction":[{"@type":"SearchAction","target":{"@type":"EntryPoint","urlTemplate":"https:\/\/mcazorla.com\/?s={search_term_string}"},"query-input":{"@type":"PropertyValueSpecification","valueRequired":true,"valueName":"search_term_string"}}],"inLanguage":"fr-FR"}]}},"_links":{"self":[{"href":"https:\/\/mcazorla.com\/fr\/wp-json\/wp\/v2\/product\/3850","targetHints":{"allow":["GET"]}}],"collection":[{"href":"https:\/\/mcazorla.com\/fr\/wp-json\/wp\/v2\/product"}],"about":[{"href":"https:\/\/mcazorla.com\/fr\/wp-json\/wp\/v2\/types\/product"}],"wp:featuredmedia":[{"embeddable":true,"href":"https:\/\/mcazorla.com\/fr\/wp-json\/wp\/v2\/media\/3967"}],"wp:attachment":[{"href":"https:\/\/mcazorla.com\/fr\/wp-json\/wp\/v2\/media?parent=3850"}],"wp:term":[{"taxonomy":"product_brand","embeddable":true,"href":"https:\/\/mcazorla.com\/fr\/wp-json\/wp\/v2\/product_brand?post=3850"},{"taxonomy":"product_cat","embeddable":true,"href":"https:\/\/mcazorla.com\/fr\/wp-json\/wp\/v2\/product_cat?post=3850"},{"taxonomy":"product_tag","embeddable":true,"href":"https:\/\/mcazorla.com\/fr\/wp-json\/wp\/v2\/product_tag?post=3850"}],"curies":[{"name":"wp","href":"https:\/\/api.w.org\/{rel}","templated":true}]}}