{"id":3869,"date":"2021-12-28T16:00:26","date_gmt":"2021-12-28T16:00:26","guid":{"rendered":"https:\/\/mcazorla.com\/producto\/umostart-perfect\/"},"modified":"2022-02-21T15:14:09","modified_gmt":"2022-02-21T15:14:09","slug":"umostart-perfect","status":"publish","type":"product","link":"https:\/\/mcazorla.com\/fr\/producte\/umostart-perfect\/","title":{"rendered":"Umostart perfect"},"content":{"rendered":"","protected":false},"excerpt":{"rendered":"<p class=\"product_title\"><strong>COMPOSITION: AZOTE TOTAL (N) 11% ( ORGANIQUE 0.80% + AMMONIACALE 10.20% )<\/strong><\/p>\n<p><strong>+ Pentoxyde de Phosphore (P2O5) 49%<\/strong><br \/>\n<strong>+ Acides amin\u00e9s 2%<\/strong><br \/>\n<strong>+ Oligoelements: Fer 0.60% + Manganese 0.11 % + Zinc 1.00%<\/strong><\/p>\n<p>Engrais mineral microgranul\u00e9 (NP) fait pour son application dans la ligne de semis. Gr\u00e2ce \u00e0 son equilibre de phosphore et azote et \u00e0 l&rsquo;apport des oligoelements, le systeme racinaire se voit amelior\u00e9 et renforc\u00e9, ce qui fait une meilleur implantation de la culture et un correcte ahijado, d\u00fb \u00e0 l&rsquo;absortion du Phosphore dans les moments initiales et a l&rsquo;effet stimulant de l&rsquo;amoniaque dans la proximit\u00e9 des racines. En plus, il est dot\u00e9 d&rsquo;un equilibre contenu des oligoelements et des acides amin\u00e9s. <\/p>\n<p><strong>Cet phosphore est completement soluble dans l&rsquo;eau \u00e0 difference d&rsquo;autres produits similaires!!<\/strong><\/p>\n<p>DOSE:<\/p>\n<table border=\"1\" cellspacing=\"0\" cellpadding=\"0\">\n<tbody>\n<tr>\n<td valign=\"top\" width=\"334\">\n<p align=\"center\"><strong>CULTURE <\/strong><\/p>\n<\/td>\n<td valign=\"top\" width=\"142\">\n<p align=\"center\"><strong>DOSE<\/strong><\/p>\n<\/td>\n<\/tr>\n<tr>\n<td valign=\"top\" width=\"334\">\n<p align=\"center\">Mais, tournesol, soja, riz et sorgho<\/p>\n<\/td>\n<td valign=\"top\" width=\"142\">\n<p align=\"center\">15 \u2013 60\u00a0 Kg \/Ha<\/p>\n<\/td>\n<\/tr>\n<tr>\n<td valign=\"top\" width=\"334\">\n<p align=\"center\">Pomme de terre, betterave<\/p>\n<\/td>\n<td valign=\"top\" width=\"142\">\n<p align=\"center\">30 \u2013 50 Kg\/ Ha<\/p>\n<\/td>\n<\/tr>\n<tr>\n<td valign=\"top\" width=\"334\">\n<p align=\"center\">Cereales, colza, tomates de conserve et maraichage<\/p>\n<\/td>\n<td valign=\"top\" width=\"142\">\n<p align=\"center\">30 \u00a0 \u2013 60\u00a0 Kg\/ Ha<\/p>\n<\/td>\n<\/tr>\n<tr>\n<td valign=\"top\" width=\"334\">\n<p align=\"center\">Cultures de pepiniere<\/p>\n<\/td>\n<td valign=\"top\" width=\"142\">\n<p align=\"center\">40 \u00a0 \u2013 80 Kg\/ Ha<\/p>\n<\/td>\n<\/tr>\n<tr>\n<td valign=\"top\" width=\"334\">\n<p align=\"center\">Vignes<\/p>\n<\/td>\n<td valign=\"top\" width=\"142\">\n<p align=\"center\">5 \u00a0 \u2013 15 g\/ planta<\/p>\n<\/td>\n<\/tr>\n<tr>\n<td valign=\"top\" width=\"334\">\n<p align=\"center\">Olivier et des arbres fruitiers<\/p>\n<\/td>\n<td valign=\"top\" width=\"142\">\n<p align=\"center\">20 \u00a0 \u2013 50 g\/planta<\/p>\n<\/td>\n<\/tr>\n<tr>\n<td valign=\"top\" width=\"334\">\n<p align=\"center\">Substrates et terreau<\/p>\n<\/td>\n<td valign=\"top\" width=\"142\">\n<p align=\"center\">30 \u00a0 g\/m\u00b2 &#8211; 350 g\/m\u00b3<\/p>\n<div><\/div>\n<\/td>\n<\/tr>\n<\/tbody>\n<\/table>\n","protected":false},"featured_media":2872,"template":"","meta":[],"product_brand":[],"product_cat":[181,183],"product_tag":[],"class_list":{"0":"post-3869","1":"product","2":"type-product","3":"status-publish","4":"has-post-thumbnail","6":"product_cat-engrais","7":"product_cat-engrais-starter","9":"first","10":"instock","11":"shipping-taxable","12":"product-type-simple"},"yoast_head":"<!-- This site is optimized with the Yoast SEO plugin v27.4 - https:\/\/yoast.com\/product\/yoast-seo-wordpress\/ -->\n<title>Umostart perfect - M. Cazorla<\/title>\n<meta name=\"robots\" content=\"index, follow, max-snippet:-1, max-image-preview:large, max-video-preview:-1\" \/>\n<link rel=\"canonical\" href=\"https:\/\/mcazorla.com\/fr\/producte\/umostart-perfect\/\" \/>\n<meta property=\"og:locale\" content=\"fr_FR\" \/>\n<meta property=\"og:type\" content=\"article\" \/>\n<meta property=\"og:title\" content=\"Umostart perfect - M. Cazorla\" \/>\n<meta property=\"og:description\" content=\"COMPOSITION: AZOTE TOTAL (N) 11% ( ORGANIQUE 0.80% + AMMONIACALE 10.20% )  + Pentoxyde de Phosphore (P2O5) 49% + Acides amin\u00e9s 2% + Oligoelements: Fer 0.60% + Manganese 0.11 % + Zinc 1.00%  Engrais mineral microgranul\u00e9 (NP) fait pour son application dans la ligne de semis. Gr\u00e2ce \u00e0 son equilibre de phosphore et azote et \u00e0 l&#039;apport des oligoelements, le systeme racinaire se voit amelior\u00e9 et renforc\u00e9, ce qui fait une meilleur implantation de la culture et un correcte ahijado, d\u00fb \u00e0 l&#039;absortion du Phosphore dans les moments initiales et a l&#039;effet stimulant de l&#039;amoniaque dans la proximit\u00e9 des racines. En plus, il est dot\u00e9 d&#039;un equilibre contenu des oligoelements et des acides amin\u00e9s.   Cet phosphore est completement soluble dans l&#039;eau \u00e0 difference d&#039;autres produits similaires!!  DOSE:     CULTURE    DOSE     Mais, tournesol, soja, riz et sorgho   15 \u2013 60\u00a0 Kg \/Ha     Pomme de terre, betterave   30 \u2013 50 Kg\/ Ha     Cereales, colza, tomates de conserve et maraichage   30 \u00a0 \u2013 60\u00a0 Kg\/ Ha     Cultures de pepiniere   40 \u00a0 \u2013 80 Kg\/ Ha     Vignes   5 \u00a0 \u2013 15 g\/ planta     Olivier et des arbres fruitiers   20 \u00a0 \u2013 50 g\/planta     Substrates et terreau   30 \u00a0 g\/m\u00b2 - 350 g\/m\u00b3\" \/>\n<meta property=\"og:url\" content=\"https:\/\/mcazorla.com\/fr\/producte\/umostart-perfect\/\" \/>\n<meta property=\"og:site_name\" content=\"M. Cazorla\" \/>\n<meta property=\"article:modified_time\" content=\"2022-02-21T15:14:09+00:00\" \/>\n<meta property=\"og:image\" content=\"https:\/\/mcazorla.com\/wp-content\/uploads\/2021\/12\/img-productes-umostard-perfect.jpg\" \/>\n\t<meta property=\"og:image:width\" content=\"500\" \/>\n\t<meta property=\"og:image:height\" content=\"500\" \/>\n\t<meta property=\"og:image:type\" content=\"image\/jpeg\" \/>\n<meta name=\"twitter:card\" content=\"summary_large_image\" \/>\n<script type=\"application\/ld+json\" class=\"yoast-schema-graph\">{\"@context\":\"https:\\\/\\\/schema.org\",\"@graph\":[{\"@type\":\"WebPage\",\"@id\":\"https:\\\/\\\/mcazorla.com\\\/fr\\\/producte\\\/umostart-perfect\\\/\",\"url\":\"https:\\\/\\\/mcazorla.com\\\/fr\\\/producte\\\/umostart-perfect\\\/\",\"name\":\"Umostart perfect - M. Cazorla\",\"isPartOf\":{\"@id\":\"https:\\\/\\\/mcazorla.com\\\/#website\"},\"primaryImageOfPage\":{\"@id\":\"https:\\\/\\\/mcazorla.com\\\/fr\\\/producte\\\/umostart-perfect\\\/#primaryimage\"},\"image\":{\"@id\":\"https:\\\/\\\/mcazorla.com\\\/fr\\\/producte\\\/umostart-perfect\\\/#primaryimage\"},\"thumbnailUrl\":\"https:\\\/\\\/mcazorla.com\\\/wp-content\\\/uploads\\\/2021\\\/12\\\/img-productes-umostard-perfect.jpg\",\"datePublished\":\"2021-12-28T16:00:26+00:00\",\"dateModified\":\"2022-02-21T15:14:09+00:00\",\"breadcrumb\":{\"@id\":\"https:\\\/\\\/mcazorla.com\\\/fr\\\/producte\\\/umostart-perfect\\\/#breadcrumb\"},\"inLanguage\":\"fr-FR\",\"potentialAction\":[{\"@type\":\"ReadAction\",\"target\":[\"https:\\\/\\\/mcazorla.com\\\/fr\\\/producte\\\/umostart-perfect\\\/\"]}]},{\"@type\":\"ImageObject\",\"inLanguage\":\"fr-FR\",\"@id\":\"https:\\\/\\\/mcazorla.com\\\/fr\\\/producte\\\/umostart-perfect\\\/#primaryimage\",\"url\":\"https:\\\/\\\/mcazorla.com\\\/wp-content\\\/uploads\\\/2021\\\/12\\\/img-productes-umostard-perfect.jpg\",\"contentUrl\":\"https:\\\/\\\/mcazorla.com\\\/wp-content\\\/uploads\\\/2021\\\/12\\\/img-productes-umostard-perfect.jpg\",\"width\":500,\"height\":500},{\"@type\":\"BreadcrumbList\",\"@id\":\"https:\\\/\\\/mcazorla.com\\\/fr\\\/producte\\\/umostart-perfect\\\/#breadcrumb\",\"itemListElement\":[{\"@type\":\"ListItem\",\"position\":1,\"name\":\"Portada\",\"item\":\"https:\\\/\\\/mcazorla.com\\\/fr\\\/\"},{\"@type\":\"ListItem\",\"position\":2,\"name\":\"Productes\",\"item\":\"https:\\\/\\\/mcazorla.com\\\/productes\\\/\"},{\"@type\":\"ListItem\",\"position\":3,\"name\":\"Umostart perfect\"}]},{\"@type\":\"WebSite\",\"@id\":\"https:\\\/\\\/mcazorla.com\\\/#website\",\"url\":\"https:\\\/\\\/mcazorla.com\\\/\",\"name\":\"M. Cazorla\",\"description\":\"Comercialitzaci\u00f3 de llavors, fertilizants, adobs ,fitosanitaris i cereals.\",\"potentialAction\":[{\"@type\":\"SearchAction\",\"target\":{\"@type\":\"EntryPoint\",\"urlTemplate\":\"https:\\\/\\\/mcazorla.com\\\/?s={search_term_string}\"},\"query-input\":{\"@type\":\"PropertyValueSpecification\",\"valueRequired\":true,\"valueName\":\"search_term_string\"}}],\"inLanguage\":\"fr-FR\"}]}<\/script>\n<!-- \/ Yoast SEO plugin. -->","yoast_head_json":{"title":"Umostart perfect - M. Cazorla","robots":{"index":"index","follow":"follow","max-snippet":"max-snippet:-1","max-image-preview":"max-image-preview:large","max-video-preview":"max-video-preview:-1"},"canonical":"https:\/\/mcazorla.com\/fr\/producte\/umostart-perfect\/","og_locale":"fr_FR","og_type":"article","og_title":"Umostart perfect - M. Cazorla","og_description":"COMPOSITION: AZOTE TOTAL (N) 11% ( ORGANIQUE 0.80% + AMMONIACALE 10.20% )  + Pentoxyde de Phosphore (P2O5) 49% + Acides amin\u00e9s 2% + Oligoelements: Fer 0.60% + Manganese 0.11 % + Zinc 1.00%  Engrais mineral microgranul\u00e9 (NP) fait pour son application dans la ligne de semis. Gr\u00e2ce \u00e0 son equilibre de phosphore et azote et \u00e0 l'apport des oligoelements, le systeme racinaire se voit amelior\u00e9 et renforc\u00e9, ce qui fait une meilleur implantation de la culture et un correcte ahijado, d\u00fb \u00e0 l'absortion du Phosphore dans les moments initiales et a l'effet stimulant de l'amoniaque dans la proximit\u00e9 des racines. En plus, il est dot\u00e9 d'un equilibre contenu des oligoelements et des acides amin\u00e9s.   Cet phosphore est completement soluble dans l'eau \u00e0 difference d'autres produits similaires!!  DOSE:     CULTURE    DOSE     Mais, tournesol, soja, riz et sorgho   15 \u2013 60\u00a0 Kg \/Ha     Pomme de terre, betterave   30 \u2013 50 Kg\/ Ha     Cereales, colza, tomates de conserve et maraichage   30 \u00a0 \u2013 60\u00a0 Kg\/ Ha     Cultures de pepiniere   40 \u00a0 \u2013 80 Kg\/ Ha     Vignes   5 \u00a0 \u2013 15 g\/ planta     Olivier et des arbres fruitiers   20 \u00a0 \u2013 50 g\/planta     Substrates et terreau   30 \u00a0 g\/m\u00b2 - 350 g\/m\u00b3","og_url":"https:\/\/mcazorla.com\/fr\/producte\/umostart-perfect\/","og_site_name":"M. Cazorla","article_modified_time":"2022-02-21T15:14:09+00:00","og_image":[{"width":500,"height":500,"url":"https:\/\/mcazorla.com\/wp-content\/uploads\/2021\/12\/img-productes-umostard-perfect.jpg","type":"image\/jpeg"}],"twitter_card":"summary_large_image","schema":{"@context":"https:\/\/schema.org","@graph":[{"@type":"WebPage","@id":"https:\/\/mcazorla.com\/fr\/producte\/umostart-perfect\/","url":"https:\/\/mcazorla.com\/fr\/producte\/umostart-perfect\/","name":"Umostart perfect - M. Cazorla","isPartOf":{"@id":"https:\/\/mcazorla.com\/#website"},"primaryImageOfPage":{"@id":"https:\/\/mcazorla.com\/fr\/producte\/umostart-perfect\/#primaryimage"},"image":{"@id":"https:\/\/mcazorla.com\/fr\/producte\/umostart-perfect\/#primaryimage"},"thumbnailUrl":"https:\/\/mcazorla.com\/wp-content\/uploads\/2021\/12\/img-productes-umostard-perfect.jpg","datePublished":"2021-12-28T16:00:26+00:00","dateModified":"2022-02-21T15:14:09+00:00","breadcrumb":{"@id":"https:\/\/mcazorla.com\/fr\/producte\/umostart-perfect\/#breadcrumb"},"inLanguage":"fr-FR","potentialAction":[{"@type":"ReadAction","target":["https:\/\/mcazorla.com\/fr\/producte\/umostart-perfect\/"]}]},{"@type":"ImageObject","inLanguage":"fr-FR","@id":"https:\/\/mcazorla.com\/fr\/producte\/umostart-perfect\/#primaryimage","url":"https:\/\/mcazorla.com\/wp-content\/uploads\/2021\/12\/img-productes-umostard-perfect.jpg","contentUrl":"https:\/\/mcazorla.com\/wp-content\/uploads\/2021\/12\/img-productes-umostard-perfect.jpg","width":500,"height":500},{"@type":"BreadcrumbList","@id":"https:\/\/mcazorla.com\/fr\/producte\/umostart-perfect\/#breadcrumb","itemListElement":[{"@type":"ListItem","position":1,"name":"Portada","item":"https:\/\/mcazorla.com\/fr\/"},{"@type":"ListItem","position":2,"name":"Productes","item":"https:\/\/mcazorla.com\/productes\/"},{"@type":"ListItem","position":3,"name":"Umostart perfect"}]},{"@type":"WebSite","@id":"https:\/\/mcazorla.com\/#website","url":"https:\/\/mcazorla.com\/","name":"M. Cazorla","description":"Comercialitzaci\u00f3 de llavors, fertilizants, adobs ,fitosanitaris i cereals.","potentialAction":[{"@type":"SearchAction","target":{"@type":"EntryPoint","urlTemplate":"https:\/\/mcazorla.com\/?s={search_term_string}"},"query-input":{"@type":"PropertyValueSpecification","valueRequired":true,"valueName":"search_term_string"}}],"inLanguage":"fr-FR"}]}},"_links":{"self":[{"href":"https:\/\/mcazorla.com\/fr\/wp-json\/wp\/v2\/product\/3869","targetHints":{"allow":["GET"]}}],"collection":[{"href":"https:\/\/mcazorla.com\/fr\/wp-json\/wp\/v2\/product"}],"about":[{"href":"https:\/\/mcazorla.com\/fr\/wp-json\/wp\/v2\/types\/product"}],"wp:featuredmedia":[{"embeddable":true,"href":"https:\/\/mcazorla.com\/fr\/wp-json\/wp\/v2\/media\/2872"}],"wp:attachment":[{"href":"https:\/\/mcazorla.com\/fr\/wp-json\/wp\/v2\/media?parent=3869"}],"wp:term":[{"taxonomy":"product_brand","embeddable":true,"href":"https:\/\/mcazorla.com\/fr\/wp-json\/wp\/v2\/product_brand?post=3869"},{"taxonomy":"product_cat","embeddable":true,"href":"https:\/\/mcazorla.com\/fr\/wp-json\/wp\/v2\/product_cat?post=3869"},{"taxonomy":"product_tag","embeddable":true,"href":"https:\/\/mcazorla.com\/fr\/wp-json\/wp\/v2\/product_tag?post=3869"}],"curies":[{"name":"wp","href":"https:\/\/api.w.org\/{rel}","templated":true}]}}