{"id":3895,"date":"2021-12-28T15:32:51","date_gmt":"2021-12-28T15:32:51","guid":{"rendered":"https:\/\/mcazorla.com\/producto\/queiron-11-8-30\/"},"modified":"2022-02-22T13:25:11","modified_gmt":"2022-02-22T13:25:11","slug":"queiron-11-8-30","status":"publish","type":"product","link":"https:\/\/mcazorla.com\/fr\/producte\/queiron-11-8-30\/","title":{"rendered":"Queiron 11-8-30"},"content":{"rendered":"<p>Richesses garanties:<\/p>\n<ul>\n<li>Azote total (N): 11% p\/p (Azote ammoniacal 2.2%, 8.9% Azote nitrique) .<\/li>\n<li>Anhydride phosphorique (P2O5): 8% p\/p (Soluble en citrat ammonique et de l&rsquo;eau) .<\/li>\n<li>Anhydride phosphorique (P2O5): 8% p\/p (Soluble en eau) .<\/li>\n<li>Oxyde de Potasse (K2O): 30% p\/p (Soluble en eau) .<\/li>\n<li>Oxyde de Magnesium (MgO): 2% p\/p (Soluble en eau) .<\/li>\n<li>Bore (B): 1% p\/p (Soluble en eau) .<\/li>\n<\/ul>\n","protected":false},"excerpt":{"rendered":"<p>Engrais foliaire conseill\u00e9 en arbres fruitiers, oliviers et vigne. Stimule la croissance et la formation de bourgeons. Il favorise la nouaison et la formation des fruits, en augmentant le rendement. Il s&rsquo;agit d&rsquo;un produit pr\u00e9ventif des carences de bore et magn\u00e9sium, fr\u00e9quents en l&rsquo;olivier.<\/p>\n<p>DOSE:<\/p>\n<ul>\n<li>Pulv\u00e9risation normal de 600 gr. \/ HL <\/li>\n<\/ul>\n<p>OBSERVATIONS:<br \/>\nOn conseille faire de 2 \u00e0 3 traitements par an, les mois de Mars, Mai et Septembre. On peut l&rsquo;utiliser pendant tout le cycle v\u00e9getatif jusqu&rsquo;en automne. <\/p>\n","protected":false},"featured_media":2851,"template":"","meta":[],"product_brand":[],"product_cat":[181,190],"product_tag":[],"class_list":{"0":"post-3895","1":"product","2":"type-product","3":"status-publish","4":"has-post-thumbnail","6":"product_cat-engrais","7":"product_cat-engrais-wp-ou-mg","9":"first","10":"instock","11":"shipping-taxable","12":"product-type-simple"},"yoast_head":"<!-- This site is optimized with the Yoast SEO plugin v27.5 - https:\/\/yoast.com\/product\/yoast-seo-wordpress\/ -->\n<title>Queiron 11-8-30 - M. Cazorla<\/title>\n<meta name=\"robots\" content=\"index, follow, max-snippet:-1, max-image-preview:large, max-video-preview:-1\" \/>\n<link rel=\"canonical\" href=\"https:\/\/mcazorla.com\/fr\/producte\/queiron-11-8-30\/\" \/>\n<meta property=\"og:locale\" content=\"fr_FR\" \/>\n<meta property=\"og:type\" content=\"article\" \/>\n<meta property=\"og:title\" content=\"Queiron 11-8-30 - M. Cazorla\" \/>\n<meta property=\"og:description\" content=\"Engrais foliaire conseill\u00e9 en arbres fruitiers, oliviers et vigne. Stimule la croissance et la formation de bourgeons. Il favorise la nouaison et la formation des fruits, en augmentant le rendement. Il s&#039;agit d&#039;un produit pr\u00e9ventif des carences de bore et magn\u00e9sium, fr\u00e9quents en l&#039;olivier.  DOSE:   Pulv\u00e9risation normal de 600 gr. \/ HL   OBSERVATIONS: On conseille faire de 2 \u00e0 3 traitements par an, les mois de Mars, Mai et Septembre. On peut l&#039;utiliser pendant tout le cycle v\u00e9getatif jusqu&#039;en automne.\" \/>\n<meta property=\"og:url\" content=\"https:\/\/mcazorla.com\/fr\/producte\/queiron-11-8-30\/\" \/>\n<meta property=\"og:site_name\" content=\"M. Cazorla\" \/>\n<meta property=\"article:modified_time\" content=\"2022-02-22T13:25:11+00:00\" \/>\n<meta property=\"og:image\" content=\"https:\/\/mcazorla.com\/wp-content\/uploads\/2021\/12\/img-productes-queiron-11-8-30.jpg\" \/>\n\t<meta property=\"og:image:width\" content=\"500\" \/>\n\t<meta property=\"og:image:height\" content=\"500\" \/>\n\t<meta property=\"og:image:type\" content=\"image\/jpeg\" \/>\n<meta name=\"twitter:card\" content=\"summary_large_image\" \/>\n<meta name=\"twitter:label1\" content=\"Dur\u00e9e de lecture estim\u00e9e\" \/>\n\t<meta name=\"twitter:data1\" content=\"1 minute\" \/>\n<script type=\"application\/ld+json\" class=\"yoast-schema-graph\">{\"@context\":\"https:\\\/\\\/schema.org\",\"@graph\":[{\"@type\":\"WebPage\",\"@id\":\"https:\\\/\\\/mcazorla.com\\\/fr\\\/producte\\\/queiron-11-8-30\\\/\",\"url\":\"https:\\\/\\\/mcazorla.com\\\/fr\\\/producte\\\/queiron-11-8-30\\\/\",\"name\":\"Queiron 11-8-30 - M. Cazorla\",\"isPartOf\":{\"@id\":\"https:\\\/\\\/mcazorla.com\\\/#website\"},\"primaryImageOfPage\":{\"@id\":\"https:\\\/\\\/mcazorla.com\\\/fr\\\/producte\\\/queiron-11-8-30\\\/#primaryimage\"},\"image\":{\"@id\":\"https:\\\/\\\/mcazorla.com\\\/fr\\\/producte\\\/queiron-11-8-30\\\/#primaryimage\"},\"thumbnailUrl\":\"https:\\\/\\\/mcazorla.com\\\/wp-content\\\/uploads\\\/2021\\\/12\\\/img-productes-queiron-11-8-30.jpg\",\"datePublished\":\"2021-12-28T15:32:51+00:00\",\"dateModified\":\"2022-02-22T13:25:11+00:00\",\"breadcrumb\":{\"@id\":\"https:\\\/\\\/mcazorla.com\\\/fr\\\/producte\\\/queiron-11-8-30\\\/#breadcrumb\"},\"inLanguage\":\"fr-FR\",\"potentialAction\":[{\"@type\":\"ReadAction\",\"target\":[\"https:\\\/\\\/mcazorla.com\\\/fr\\\/producte\\\/queiron-11-8-30\\\/\"]}]},{\"@type\":\"ImageObject\",\"inLanguage\":\"fr-FR\",\"@id\":\"https:\\\/\\\/mcazorla.com\\\/fr\\\/producte\\\/queiron-11-8-30\\\/#primaryimage\",\"url\":\"https:\\\/\\\/mcazorla.com\\\/wp-content\\\/uploads\\\/2021\\\/12\\\/img-productes-queiron-11-8-30.jpg\",\"contentUrl\":\"https:\\\/\\\/mcazorla.com\\\/wp-content\\\/uploads\\\/2021\\\/12\\\/img-productes-queiron-11-8-30.jpg\",\"width\":500,\"height\":500},{\"@type\":\"BreadcrumbList\",\"@id\":\"https:\\\/\\\/mcazorla.com\\\/fr\\\/producte\\\/queiron-11-8-30\\\/#breadcrumb\",\"itemListElement\":[{\"@type\":\"ListItem\",\"position\":1,\"name\":\"Portada\",\"item\":\"https:\\\/\\\/mcazorla.com\\\/fr\\\/\"},{\"@type\":\"ListItem\",\"position\":2,\"name\":\"Productes\",\"item\":\"https:\\\/\\\/mcazorla.com\\\/productes\\\/\"},{\"@type\":\"ListItem\",\"position\":3,\"name\":\"Queiron 11-8-30\"}]},{\"@type\":\"WebSite\",\"@id\":\"https:\\\/\\\/mcazorla.com\\\/#website\",\"url\":\"https:\\\/\\\/mcazorla.com\\\/\",\"name\":\"M. Cazorla\",\"description\":\"Comercialitzaci\u00f3 de llavors, fertilizants, adobs ,fitosanitaris i cereals.\",\"potentialAction\":[{\"@type\":\"SearchAction\",\"target\":{\"@type\":\"EntryPoint\",\"urlTemplate\":\"https:\\\/\\\/mcazorla.com\\\/?s={search_term_string}\"},\"query-input\":{\"@type\":\"PropertyValueSpecification\",\"valueRequired\":true,\"valueName\":\"search_term_string\"}}],\"inLanguage\":\"fr-FR\"}]}<\/script>\n<!-- \/ Yoast SEO plugin. -->","yoast_head_json":{"title":"Queiron 11-8-30 - M. Cazorla","robots":{"index":"index","follow":"follow","max-snippet":"max-snippet:-1","max-image-preview":"max-image-preview:large","max-video-preview":"max-video-preview:-1"},"canonical":"https:\/\/mcazorla.com\/fr\/producte\/queiron-11-8-30\/","og_locale":"fr_FR","og_type":"article","og_title":"Queiron 11-8-30 - M. Cazorla","og_description":"Engrais foliaire conseill\u00e9 en arbres fruitiers, oliviers et vigne. Stimule la croissance et la formation de bourgeons. Il favorise la nouaison et la formation des fruits, en augmentant le rendement. Il s'agit d'un produit pr\u00e9ventif des carences de bore et magn\u00e9sium, fr\u00e9quents en l'olivier.  DOSE:   Pulv\u00e9risation normal de 600 gr. \/ HL   OBSERVATIONS: On conseille faire de 2 \u00e0 3 traitements par an, les mois de Mars, Mai et Septembre. On peut l'utiliser pendant tout le cycle v\u00e9getatif jusqu'en automne.","og_url":"https:\/\/mcazorla.com\/fr\/producte\/queiron-11-8-30\/","og_site_name":"M. Cazorla","article_modified_time":"2022-02-22T13:25:11+00:00","og_image":[{"width":500,"height":500,"url":"https:\/\/mcazorla.com\/wp-content\/uploads\/2021\/12\/img-productes-queiron-11-8-30.jpg","type":"image\/jpeg"}],"twitter_card":"summary_large_image","twitter_misc":{"Dur\u00e9e de lecture estim\u00e9e":"1 minute"},"schema":{"@context":"https:\/\/schema.org","@graph":[{"@type":"WebPage","@id":"https:\/\/mcazorla.com\/fr\/producte\/queiron-11-8-30\/","url":"https:\/\/mcazorla.com\/fr\/producte\/queiron-11-8-30\/","name":"Queiron 11-8-30 - M. Cazorla","isPartOf":{"@id":"https:\/\/mcazorla.com\/#website"},"primaryImageOfPage":{"@id":"https:\/\/mcazorla.com\/fr\/producte\/queiron-11-8-30\/#primaryimage"},"image":{"@id":"https:\/\/mcazorla.com\/fr\/producte\/queiron-11-8-30\/#primaryimage"},"thumbnailUrl":"https:\/\/mcazorla.com\/wp-content\/uploads\/2021\/12\/img-productes-queiron-11-8-30.jpg","datePublished":"2021-12-28T15:32:51+00:00","dateModified":"2022-02-22T13:25:11+00:00","breadcrumb":{"@id":"https:\/\/mcazorla.com\/fr\/producte\/queiron-11-8-30\/#breadcrumb"},"inLanguage":"fr-FR","potentialAction":[{"@type":"ReadAction","target":["https:\/\/mcazorla.com\/fr\/producte\/queiron-11-8-30\/"]}]},{"@type":"ImageObject","inLanguage":"fr-FR","@id":"https:\/\/mcazorla.com\/fr\/producte\/queiron-11-8-30\/#primaryimage","url":"https:\/\/mcazorla.com\/wp-content\/uploads\/2021\/12\/img-productes-queiron-11-8-30.jpg","contentUrl":"https:\/\/mcazorla.com\/wp-content\/uploads\/2021\/12\/img-productes-queiron-11-8-30.jpg","width":500,"height":500},{"@type":"BreadcrumbList","@id":"https:\/\/mcazorla.com\/fr\/producte\/queiron-11-8-30\/#breadcrumb","itemListElement":[{"@type":"ListItem","position":1,"name":"Portada","item":"https:\/\/mcazorla.com\/fr\/"},{"@type":"ListItem","position":2,"name":"Productes","item":"https:\/\/mcazorla.com\/productes\/"},{"@type":"ListItem","position":3,"name":"Queiron 11-8-30"}]},{"@type":"WebSite","@id":"https:\/\/mcazorla.com\/#website","url":"https:\/\/mcazorla.com\/","name":"M. Cazorla","description":"Comercialitzaci\u00f3 de llavors, fertilizants, adobs ,fitosanitaris i cereals.","potentialAction":[{"@type":"SearchAction","target":{"@type":"EntryPoint","urlTemplate":"https:\/\/mcazorla.com\/?s={search_term_string}"},"query-input":{"@type":"PropertyValueSpecification","valueRequired":true,"valueName":"search_term_string"}}],"inLanguage":"fr-FR"}]}},"_links":{"self":[{"href":"https:\/\/mcazorla.com\/fr\/wp-json\/wp\/v2\/product\/3895","targetHints":{"allow":["GET"]}}],"collection":[{"href":"https:\/\/mcazorla.com\/fr\/wp-json\/wp\/v2\/product"}],"about":[{"href":"https:\/\/mcazorla.com\/fr\/wp-json\/wp\/v2\/types\/product"}],"wp:featuredmedia":[{"embeddable":true,"href":"https:\/\/mcazorla.com\/fr\/wp-json\/wp\/v2\/media\/2851"}],"wp:attachment":[{"href":"https:\/\/mcazorla.com\/fr\/wp-json\/wp\/v2\/media?parent=3895"}],"wp:term":[{"taxonomy":"product_brand","embeddable":true,"href":"https:\/\/mcazorla.com\/fr\/wp-json\/wp\/v2\/product_brand?post=3895"},{"taxonomy":"product_cat","embeddable":true,"href":"https:\/\/mcazorla.com\/fr\/wp-json\/wp\/v2\/product_cat?post=3895"},{"taxonomy":"product_tag","embeddable":true,"href":"https:\/\/mcazorla.com\/fr\/wp-json\/wp\/v2\/product_tag?post=3895"}],"curies":[{"name":"wp","href":"https:\/\/api.w.org\/{rel}","templated":true}]}}