{"id":3901,"date":"2021-12-28T15:30:35","date_gmt":"2021-12-28T15:30:35","guid":{"rendered":"https:\/\/mcazorla.com\/producto\/queiron-20-20-20\/"},"modified":"2022-02-22T13:39:14","modified_gmt":"2022-02-22T13:39:14","slug":"queiron-20-20-20","status":"publish","type":"product","link":"https:\/\/mcazorla.com\/fr\/producte\/queiron-20-20-20\/","title":{"rendered":"Queiron 20-20-20"},"content":{"rendered":"<p>Richesses garanties:<\/p>\n<ul>\n<li>Azote total: 20% p\/p.<\/li>\n<li>Anhydride phosphorique (P2O5): 20% p\/p (soluble en citrat ammoniacal neutre et de l&rsquo;eau).<\/li>\n<li>Oxyde de Potasse (K2O): 20% p\/p (soluble en eau).<\/li>\n<li>BorE (B): 0.02% p\/p<\/li>\n<li>Cuivre (Cu): 0.05% p\/p<\/li>\n<li>Zinc (Zn): 0.05% p\/p<\/li>\n<li>Fer (Fe): 0.05% p\/p<\/li>\n<li>Mangan\u00e8s (Mn): 0.05% p\/p<\/li>\n<li>Molybd\u00e8ne (Mo): 0.0025% p\/p<\/li>\n<\/ul>\n","protected":false},"excerpt":{"rendered":"<p>Engrais foliaire conseill\u00e9 en citriques, vigne, arbres fruitiers, mara\u00eechage, ornementaux et industrielles, notamment indiqu\u00e9 en p\u00e9riodes de croissance pour pr\u00e9venir carences en g\u00e9n\u00e9ral et augmenter le rendement des r\u00e9coltes. Tr\u00e8s assimilable par la plante, avec une gamme compl\u00e8te de microelements, en la renfor\u00e7ant au moment optimale, quand le transport de l&rsquo;engrais est plus lent. On peut m\u00e9langer avec la plupart de traitements phytosanitaires pendant tout le cycle v\u00e9g\u00e9tatif. Il r\u00e9duit le pH des bouillies phytosanitaires, am\u00e9liorant l&rsquo;efficacit\u00e9 des produits utilis\u00e9s. <\/p>\n<p>DOSE:<\/p>\n<ul>\n<li>Pulv\u00e9risation de 250 \u00e0 300 gr. \/ HL<\/li>\n<\/ul>\n<p>OBSERVATIONS: Dans des p\u00e9riodes de besoins plus hauts, on conseille faire 2 \u00e0 3 traitements avec un intervalle de 15 \u00e0 20 jours. <\/p>\n","protected":false},"featured_media":2848,"template":"","meta":[],"product_brand":[],"product_cat":[181,190],"product_tag":[],"class_list":{"0":"post-3901","1":"product","2":"type-product","3":"status-publish","4":"has-post-thumbnail","6":"product_cat-engrais","7":"product_cat-engrais-wp-ou-mg","9":"first","10":"instock","11":"shipping-taxable","12":"product-type-simple"},"yoast_head":"<!-- This site is optimized with the Yoast SEO plugin v27.4 - https:\/\/yoast.com\/product\/yoast-seo-wordpress\/ -->\n<title>Queiron 20-20-20 - M. Cazorla<\/title>\n<meta name=\"robots\" content=\"index, follow, max-snippet:-1, max-image-preview:large, max-video-preview:-1\" \/>\n<link rel=\"canonical\" href=\"https:\/\/mcazorla.com\/fr\/producte\/queiron-20-20-20\/\" \/>\n<meta property=\"og:locale\" content=\"fr_FR\" \/>\n<meta property=\"og:type\" content=\"article\" \/>\n<meta property=\"og:title\" content=\"Queiron 20-20-20 - M. Cazorla\" \/>\n<meta property=\"og:description\" content=\"Engrais foliaire conseill\u00e9 en citriques, vigne, arbres fruitiers, mara\u00eechage, ornementaux et industrielles, notamment indiqu\u00e9 en p\u00e9riodes de croissance pour pr\u00e9venir carences en g\u00e9n\u00e9ral et augmenter le rendement des r\u00e9coltes. Tr\u00e8s assimilable par la plante, avec une gamme compl\u00e8te de microelements, en la renfor\u00e7ant au moment optimale, quand le transport de l&#039;engrais est plus lent. On peut m\u00e9langer avec la plupart de traitements phytosanitaires pendant tout le cycle v\u00e9g\u00e9tatif. Il r\u00e9duit le pH des bouillies phytosanitaires, am\u00e9liorant l&#039;efficacit\u00e9 des produits utilis\u00e9s.   DOSE:   Pulv\u00e9risation de 250 \u00e0 300 gr. \/ HL  OBSERVATIONS: Dans des p\u00e9riodes de besoins plus hauts, on conseille faire 2 \u00e0 3 traitements avec un intervalle de 15 \u00e0 20 jours.\" \/>\n<meta property=\"og:url\" content=\"https:\/\/mcazorla.com\/fr\/producte\/queiron-20-20-20\/\" \/>\n<meta property=\"og:site_name\" content=\"M. Cazorla\" \/>\n<meta property=\"article:modified_time\" content=\"2022-02-22T13:39:14+00:00\" \/>\n<meta property=\"og:image\" content=\"https:\/\/mcazorla.com\/wp-content\/uploads\/2021\/12\/img-productes-queiron-20-20-20.jpg\" \/>\n\t<meta property=\"og:image:width\" content=\"500\" \/>\n\t<meta property=\"og:image:height\" content=\"500\" \/>\n\t<meta property=\"og:image:type\" content=\"image\/jpeg\" \/>\n<meta name=\"twitter:card\" content=\"summary_large_image\" \/>\n<meta name=\"twitter:label1\" content=\"Dur\u00e9e de lecture estim\u00e9e\" \/>\n\t<meta name=\"twitter:data1\" content=\"1 minute\" \/>\n<script type=\"application\/ld+json\" class=\"yoast-schema-graph\">{\"@context\":\"https:\\\/\\\/schema.org\",\"@graph\":[{\"@type\":\"WebPage\",\"@id\":\"https:\\\/\\\/mcazorla.com\\\/fr\\\/producte\\\/queiron-20-20-20\\\/\",\"url\":\"https:\\\/\\\/mcazorla.com\\\/fr\\\/producte\\\/queiron-20-20-20\\\/\",\"name\":\"Queiron 20-20-20 - M. Cazorla\",\"isPartOf\":{\"@id\":\"https:\\\/\\\/mcazorla.com\\\/#website\"},\"primaryImageOfPage\":{\"@id\":\"https:\\\/\\\/mcazorla.com\\\/fr\\\/producte\\\/queiron-20-20-20\\\/#primaryimage\"},\"image\":{\"@id\":\"https:\\\/\\\/mcazorla.com\\\/fr\\\/producte\\\/queiron-20-20-20\\\/#primaryimage\"},\"thumbnailUrl\":\"https:\\\/\\\/mcazorla.com\\\/wp-content\\\/uploads\\\/2021\\\/12\\\/img-productes-queiron-20-20-20.jpg\",\"datePublished\":\"2021-12-28T15:30:35+00:00\",\"dateModified\":\"2022-02-22T13:39:14+00:00\",\"breadcrumb\":{\"@id\":\"https:\\\/\\\/mcazorla.com\\\/fr\\\/producte\\\/queiron-20-20-20\\\/#breadcrumb\"},\"inLanguage\":\"fr-FR\",\"potentialAction\":[{\"@type\":\"ReadAction\",\"target\":[\"https:\\\/\\\/mcazorla.com\\\/fr\\\/producte\\\/queiron-20-20-20\\\/\"]}]},{\"@type\":\"ImageObject\",\"inLanguage\":\"fr-FR\",\"@id\":\"https:\\\/\\\/mcazorla.com\\\/fr\\\/producte\\\/queiron-20-20-20\\\/#primaryimage\",\"url\":\"https:\\\/\\\/mcazorla.com\\\/wp-content\\\/uploads\\\/2021\\\/12\\\/img-productes-queiron-20-20-20.jpg\",\"contentUrl\":\"https:\\\/\\\/mcazorla.com\\\/wp-content\\\/uploads\\\/2021\\\/12\\\/img-productes-queiron-20-20-20.jpg\",\"width\":500,\"height\":500},{\"@type\":\"BreadcrumbList\",\"@id\":\"https:\\\/\\\/mcazorla.com\\\/fr\\\/producte\\\/queiron-20-20-20\\\/#breadcrumb\",\"itemListElement\":[{\"@type\":\"ListItem\",\"position\":1,\"name\":\"Portada\",\"item\":\"https:\\\/\\\/mcazorla.com\\\/fr\\\/\"},{\"@type\":\"ListItem\",\"position\":2,\"name\":\"Productes\",\"item\":\"https:\\\/\\\/mcazorla.com\\\/productes\\\/\"},{\"@type\":\"ListItem\",\"position\":3,\"name\":\"Queiron 20-20-20\"}]},{\"@type\":\"WebSite\",\"@id\":\"https:\\\/\\\/mcazorla.com\\\/#website\",\"url\":\"https:\\\/\\\/mcazorla.com\\\/\",\"name\":\"M. Cazorla\",\"description\":\"Comercialitzaci\u00f3 de llavors, fertilizants, adobs ,fitosanitaris i cereals.\",\"potentialAction\":[{\"@type\":\"SearchAction\",\"target\":{\"@type\":\"EntryPoint\",\"urlTemplate\":\"https:\\\/\\\/mcazorla.com\\\/?s={search_term_string}\"},\"query-input\":{\"@type\":\"PropertyValueSpecification\",\"valueRequired\":true,\"valueName\":\"search_term_string\"}}],\"inLanguage\":\"fr-FR\"}]}<\/script>\n<!-- \/ Yoast SEO plugin. -->","yoast_head_json":{"title":"Queiron 20-20-20 - M. Cazorla","robots":{"index":"index","follow":"follow","max-snippet":"max-snippet:-1","max-image-preview":"max-image-preview:large","max-video-preview":"max-video-preview:-1"},"canonical":"https:\/\/mcazorla.com\/fr\/producte\/queiron-20-20-20\/","og_locale":"fr_FR","og_type":"article","og_title":"Queiron 20-20-20 - M. Cazorla","og_description":"Engrais foliaire conseill\u00e9 en citriques, vigne, arbres fruitiers, mara\u00eechage, ornementaux et industrielles, notamment indiqu\u00e9 en p\u00e9riodes de croissance pour pr\u00e9venir carences en g\u00e9n\u00e9ral et augmenter le rendement des r\u00e9coltes. Tr\u00e8s assimilable par la plante, avec une gamme compl\u00e8te de microelements, en la renfor\u00e7ant au moment optimale, quand le transport de l'engrais est plus lent. On peut m\u00e9langer avec la plupart de traitements phytosanitaires pendant tout le cycle v\u00e9g\u00e9tatif. Il r\u00e9duit le pH des bouillies phytosanitaires, am\u00e9liorant l'efficacit\u00e9 des produits utilis\u00e9s.   DOSE:   Pulv\u00e9risation de 250 \u00e0 300 gr. \/ HL  OBSERVATIONS: Dans des p\u00e9riodes de besoins plus hauts, on conseille faire 2 \u00e0 3 traitements avec un intervalle de 15 \u00e0 20 jours.","og_url":"https:\/\/mcazorla.com\/fr\/producte\/queiron-20-20-20\/","og_site_name":"M. Cazorla","article_modified_time":"2022-02-22T13:39:14+00:00","og_image":[{"width":500,"height":500,"url":"https:\/\/mcazorla.com\/wp-content\/uploads\/2021\/12\/img-productes-queiron-20-20-20.jpg","type":"image\/jpeg"}],"twitter_card":"summary_large_image","twitter_misc":{"Dur\u00e9e de lecture estim\u00e9e":"1 minute"},"schema":{"@context":"https:\/\/schema.org","@graph":[{"@type":"WebPage","@id":"https:\/\/mcazorla.com\/fr\/producte\/queiron-20-20-20\/","url":"https:\/\/mcazorla.com\/fr\/producte\/queiron-20-20-20\/","name":"Queiron 20-20-20 - M. Cazorla","isPartOf":{"@id":"https:\/\/mcazorla.com\/#website"},"primaryImageOfPage":{"@id":"https:\/\/mcazorla.com\/fr\/producte\/queiron-20-20-20\/#primaryimage"},"image":{"@id":"https:\/\/mcazorla.com\/fr\/producte\/queiron-20-20-20\/#primaryimage"},"thumbnailUrl":"https:\/\/mcazorla.com\/wp-content\/uploads\/2021\/12\/img-productes-queiron-20-20-20.jpg","datePublished":"2021-12-28T15:30:35+00:00","dateModified":"2022-02-22T13:39:14+00:00","breadcrumb":{"@id":"https:\/\/mcazorla.com\/fr\/producte\/queiron-20-20-20\/#breadcrumb"},"inLanguage":"fr-FR","potentialAction":[{"@type":"ReadAction","target":["https:\/\/mcazorla.com\/fr\/producte\/queiron-20-20-20\/"]}]},{"@type":"ImageObject","inLanguage":"fr-FR","@id":"https:\/\/mcazorla.com\/fr\/producte\/queiron-20-20-20\/#primaryimage","url":"https:\/\/mcazorla.com\/wp-content\/uploads\/2021\/12\/img-productes-queiron-20-20-20.jpg","contentUrl":"https:\/\/mcazorla.com\/wp-content\/uploads\/2021\/12\/img-productes-queiron-20-20-20.jpg","width":500,"height":500},{"@type":"BreadcrumbList","@id":"https:\/\/mcazorla.com\/fr\/producte\/queiron-20-20-20\/#breadcrumb","itemListElement":[{"@type":"ListItem","position":1,"name":"Portada","item":"https:\/\/mcazorla.com\/fr\/"},{"@type":"ListItem","position":2,"name":"Productes","item":"https:\/\/mcazorla.com\/productes\/"},{"@type":"ListItem","position":3,"name":"Queiron 20-20-20"}]},{"@type":"WebSite","@id":"https:\/\/mcazorla.com\/#website","url":"https:\/\/mcazorla.com\/","name":"M. Cazorla","description":"Comercialitzaci\u00f3 de llavors, fertilizants, adobs ,fitosanitaris i cereals.","potentialAction":[{"@type":"SearchAction","target":{"@type":"EntryPoint","urlTemplate":"https:\/\/mcazorla.com\/?s={search_term_string}"},"query-input":{"@type":"PropertyValueSpecification","valueRequired":true,"valueName":"search_term_string"}}],"inLanguage":"fr-FR"}]}},"_links":{"self":[{"href":"https:\/\/mcazorla.com\/fr\/wp-json\/wp\/v2\/product\/3901","targetHints":{"allow":["GET"]}}],"collection":[{"href":"https:\/\/mcazorla.com\/fr\/wp-json\/wp\/v2\/product"}],"about":[{"href":"https:\/\/mcazorla.com\/fr\/wp-json\/wp\/v2\/types\/product"}],"wp:featuredmedia":[{"embeddable":true,"href":"https:\/\/mcazorla.com\/fr\/wp-json\/wp\/v2\/media\/2848"}],"wp:attachment":[{"href":"https:\/\/mcazorla.com\/fr\/wp-json\/wp\/v2\/media?parent=3901"}],"wp:term":[{"taxonomy":"product_brand","embeddable":true,"href":"https:\/\/mcazorla.com\/fr\/wp-json\/wp\/v2\/product_brand?post=3901"},{"taxonomy":"product_cat","embeddable":true,"href":"https:\/\/mcazorla.com\/fr\/wp-json\/wp\/v2\/product_cat?post=3901"},{"taxonomy":"product_tag","embeddable":true,"href":"https:\/\/mcazorla.com\/fr\/wp-json\/wp\/v2\/product_tag?post=3901"}],"curies":[{"name":"wp","href":"https:\/\/api.w.org\/{rel}","templated":true}]}}