{"id":3915,"date":"2021-12-28T15:15:41","date_gmt":"2021-12-28T15:15:41","guid":{"rendered":"https:\/\/mcazorla.com\/producto\/queiron-10-7-9\/"},"modified":"2022-02-22T13:55:02","modified_gmt":"2022-02-22T13:55:02","slug":"queiron-10-7-9","status":"publish","type":"product","link":"https:\/\/mcazorla.com\/fr\/producte\/queiron-10-7-9\/","title":{"rendered":"Queiron 10-7-9"},"content":{"rendered":"<p>Richesses garanties:<\/p>\n<ul>\n<li>Azote ur\u00e9ique total (N): 10\u00a0% p\/p<\/li>\n<li>Anhydride phosphorique (P<sub>2<\/sub>O 5<sub><\/sub>): 7\u00a0% p\/p (soluble dans l&rsquo;eau)<\/li>\n<li>Oxyde de potassium (K2O): 9\u00a0% p\/p (soluble dans l&rsquo;eau)<\/li>\n<li>Bore (B): 0,02\u00a0% p\/p<\/li>\n<li>Cuisson (Cu): 0,05\u00a0% p\/p<\/li>\n<li>Fer (Fe): 0,05\u00a0% p\/p<\/li>\n<li>Mangan\u00e8se (Mn): 0,05\u00a0% p\/p<\/li>\n<li>Molybd\u00e8ne (Mo): 0,0025\u00a0% p\/p<\/li>\n<li>Zinc (Zn): 0,05\u00a0% p\/p<\/li>\n<\/ul>\n","protected":false},"excerpt":{"rendered":"<p>PROAN L est un engrais recommand\u00e9 pour l&rsquo;horticulture, les fruits, les agrumes, les vignes, les c\u00e9r\u00e9ales, etc. surtout quand la croissance est n\u00e9cessaire. Il est assimil\u00e9 par les plantes \u00e0 travers la s\u00e8ve, la renfor\u00e7ant. Il peut \u00eatre m\u00e9lang\u00e9 avec la plupart des insecticides et fongicides, am\u00e9liorant ainsi la production et la qualit\u00e9.<\/p>\n<p>Il est appliqu\u00e9 de 300 cc \u00e0 600 cc \/HL en pulv\u00e9risation foliaire.<\/p>\n","protected":false},"featured_media":2836,"template":"","meta":[],"product_brand":[],"product_cat":[181,189],"product_tag":[],"class_list":{"0":"post-3915","1":"product","2":"type-product","3":"status-publish","4":"has-post-thumbnail","6":"product_cat-engrais","7":"product_cat-engrais-liquides","9":"first","10":"instock","11":"shipping-taxable","12":"product-type-simple"},"yoast_head":"<!-- This site is optimized with the Yoast SEO plugin v27.4 - https:\/\/yoast.com\/product\/yoast-seo-wordpress\/ -->\n<title>Queiron 10-7-9 - M. Cazorla<\/title>\n<meta name=\"robots\" content=\"index, follow, max-snippet:-1, max-image-preview:large, max-video-preview:-1\" \/>\n<link rel=\"canonical\" href=\"https:\/\/mcazorla.com\/fr\/producte\/queiron-10-7-9\/\" \/>\n<meta property=\"og:locale\" content=\"fr_FR\" \/>\n<meta property=\"og:type\" content=\"article\" \/>\n<meta property=\"og:title\" content=\"Queiron 10-7-9 - M. Cazorla\" \/>\n<meta property=\"og:description\" content=\"PROAN L est un engrais recommand\u00e9 pour l&#039;horticulture, les fruits, les agrumes, les vignes, les c\u00e9r\u00e9ales, etc. surtout quand la croissance est n\u00e9cessaire. Il est assimil\u00e9 par les plantes \u00e0 travers la s\u00e8ve, la renfor\u00e7ant. Il peut \u00eatre m\u00e9lang\u00e9 avec la plupart des insecticides et fongicides, am\u00e9liorant ainsi la production et la qualit\u00e9.  Il est appliqu\u00e9 de 300 cc \u00e0 600 cc \/HL en pulv\u00e9risation foliaire.\" \/>\n<meta property=\"og:url\" content=\"https:\/\/mcazorla.com\/fr\/producte\/queiron-10-7-9\/\" \/>\n<meta property=\"og:site_name\" content=\"M. Cazorla\" \/>\n<meta property=\"article:modified_time\" content=\"2022-02-22T13:55:02+00:00\" \/>\n<meta property=\"og:image\" content=\"https:\/\/mcazorla.com\/wp-content\/uploads\/2021\/12\/img-productes-queiron-foliar.jpg\" \/>\n\t<meta property=\"og:image:width\" content=\"500\" \/>\n\t<meta property=\"og:image:height\" content=\"500\" \/>\n\t<meta property=\"og:image:type\" content=\"image\/jpeg\" \/>\n<meta name=\"twitter:card\" content=\"summary_large_image\" \/>\n<meta name=\"twitter:label1\" content=\"Dur\u00e9e de lecture estim\u00e9e\" \/>\n\t<meta name=\"twitter:data1\" content=\"1 minute\" \/>\n<script type=\"application\/ld+json\" class=\"yoast-schema-graph\">{\"@context\":\"https:\\\/\\\/schema.org\",\"@graph\":[{\"@type\":\"WebPage\",\"@id\":\"https:\\\/\\\/mcazorla.com\\\/fr\\\/producte\\\/queiron-10-7-9\\\/\",\"url\":\"https:\\\/\\\/mcazorla.com\\\/fr\\\/producte\\\/queiron-10-7-9\\\/\",\"name\":\"Queiron 10-7-9 - M. Cazorla\",\"isPartOf\":{\"@id\":\"https:\\\/\\\/mcazorla.com\\\/#website\"},\"primaryImageOfPage\":{\"@id\":\"https:\\\/\\\/mcazorla.com\\\/fr\\\/producte\\\/queiron-10-7-9\\\/#primaryimage\"},\"image\":{\"@id\":\"https:\\\/\\\/mcazorla.com\\\/fr\\\/producte\\\/queiron-10-7-9\\\/#primaryimage\"},\"thumbnailUrl\":\"https:\\\/\\\/mcazorla.com\\\/wp-content\\\/uploads\\\/2021\\\/12\\\/img-productes-queiron-foliar.jpg\",\"datePublished\":\"2021-12-28T15:15:41+00:00\",\"dateModified\":\"2022-02-22T13:55:02+00:00\",\"breadcrumb\":{\"@id\":\"https:\\\/\\\/mcazorla.com\\\/fr\\\/producte\\\/queiron-10-7-9\\\/#breadcrumb\"},\"inLanguage\":\"fr-FR\",\"potentialAction\":[{\"@type\":\"ReadAction\",\"target\":[\"https:\\\/\\\/mcazorla.com\\\/fr\\\/producte\\\/queiron-10-7-9\\\/\"]}]},{\"@type\":\"ImageObject\",\"inLanguage\":\"fr-FR\",\"@id\":\"https:\\\/\\\/mcazorla.com\\\/fr\\\/producte\\\/queiron-10-7-9\\\/#primaryimage\",\"url\":\"https:\\\/\\\/mcazorla.com\\\/wp-content\\\/uploads\\\/2021\\\/12\\\/img-productes-queiron-foliar.jpg\",\"contentUrl\":\"https:\\\/\\\/mcazorla.com\\\/wp-content\\\/uploads\\\/2021\\\/12\\\/img-productes-queiron-foliar.jpg\",\"width\":500,\"height\":500},{\"@type\":\"BreadcrumbList\",\"@id\":\"https:\\\/\\\/mcazorla.com\\\/fr\\\/producte\\\/queiron-10-7-9\\\/#breadcrumb\",\"itemListElement\":[{\"@type\":\"ListItem\",\"position\":1,\"name\":\"Portada\",\"item\":\"https:\\\/\\\/mcazorla.com\\\/fr\\\/\"},{\"@type\":\"ListItem\",\"position\":2,\"name\":\"Productes\",\"item\":\"https:\\\/\\\/mcazorla.com\\\/productes\\\/\"},{\"@type\":\"ListItem\",\"position\":3,\"name\":\"Queiron 10-7-9\"}]},{\"@type\":\"WebSite\",\"@id\":\"https:\\\/\\\/mcazorla.com\\\/#website\",\"url\":\"https:\\\/\\\/mcazorla.com\\\/\",\"name\":\"M. Cazorla\",\"description\":\"Comercialitzaci\u00f3 de llavors, fertilizants, adobs ,fitosanitaris i cereals.\",\"potentialAction\":[{\"@type\":\"SearchAction\",\"target\":{\"@type\":\"EntryPoint\",\"urlTemplate\":\"https:\\\/\\\/mcazorla.com\\\/?s={search_term_string}\"},\"query-input\":{\"@type\":\"PropertyValueSpecification\",\"valueRequired\":true,\"valueName\":\"search_term_string\"}}],\"inLanguage\":\"fr-FR\"}]}<\/script>\n<!-- \/ Yoast SEO plugin. -->","yoast_head_json":{"title":"Queiron 10-7-9 - M. Cazorla","robots":{"index":"index","follow":"follow","max-snippet":"max-snippet:-1","max-image-preview":"max-image-preview:large","max-video-preview":"max-video-preview:-1"},"canonical":"https:\/\/mcazorla.com\/fr\/producte\/queiron-10-7-9\/","og_locale":"fr_FR","og_type":"article","og_title":"Queiron 10-7-9 - M. Cazorla","og_description":"PROAN L est un engrais recommand\u00e9 pour l'horticulture, les fruits, les agrumes, les vignes, les c\u00e9r\u00e9ales, etc. surtout quand la croissance est n\u00e9cessaire. Il est assimil\u00e9 par les plantes \u00e0 travers la s\u00e8ve, la renfor\u00e7ant. Il peut \u00eatre m\u00e9lang\u00e9 avec la plupart des insecticides et fongicides, am\u00e9liorant ainsi la production et la qualit\u00e9.  Il est appliqu\u00e9 de 300 cc \u00e0 600 cc \/HL en pulv\u00e9risation foliaire.","og_url":"https:\/\/mcazorla.com\/fr\/producte\/queiron-10-7-9\/","og_site_name":"M. Cazorla","article_modified_time":"2022-02-22T13:55:02+00:00","og_image":[{"width":500,"height":500,"url":"https:\/\/mcazorla.com\/wp-content\/uploads\/2021\/12\/img-productes-queiron-foliar.jpg","type":"image\/jpeg"}],"twitter_card":"summary_large_image","twitter_misc":{"Dur\u00e9e de lecture estim\u00e9e":"1 minute"},"schema":{"@context":"https:\/\/schema.org","@graph":[{"@type":"WebPage","@id":"https:\/\/mcazorla.com\/fr\/producte\/queiron-10-7-9\/","url":"https:\/\/mcazorla.com\/fr\/producte\/queiron-10-7-9\/","name":"Queiron 10-7-9 - M. Cazorla","isPartOf":{"@id":"https:\/\/mcazorla.com\/#website"},"primaryImageOfPage":{"@id":"https:\/\/mcazorla.com\/fr\/producte\/queiron-10-7-9\/#primaryimage"},"image":{"@id":"https:\/\/mcazorla.com\/fr\/producte\/queiron-10-7-9\/#primaryimage"},"thumbnailUrl":"https:\/\/mcazorla.com\/wp-content\/uploads\/2021\/12\/img-productes-queiron-foliar.jpg","datePublished":"2021-12-28T15:15:41+00:00","dateModified":"2022-02-22T13:55:02+00:00","breadcrumb":{"@id":"https:\/\/mcazorla.com\/fr\/producte\/queiron-10-7-9\/#breadcrumb"},"inLanguage":"fr-FR","potentialAction":[{"@type":"ReadAction","target":["https:\/\/mcazorla.com\/fr\/producte\/queiron-10-7-9\/"]}]},{"@type":"ImageObject","inLanguage":"fr-FR","@id":"https:\/\/mcazorla.com\/fr\/producte\/queiron-10-7-9\/#primaryimage","url":"https:\/\/mcazorla.com\/wp-content\/uploads\/2021\/12\/img-productes-queiron-foliar.jpg","contentUrl":"https:\/\/mcazorla.com\/wp-content\/uploads\/2021\/12\/img-productes-queiron-foliar.jpg","width":500,"height":500},{"@type":"BreadcrumbList","@id":"https:\/\/mcazorla.com\/fr\/producte\/queiron-10-7-9\/#breadcrumb","itemListElement":[{"@type":"ListItem","position":1,"name":"Portada","item":"https:\/\/mcazorla.com\/fr\/"},{"@type":"ListItem","position":2,"name":"Productes","item":"https:\/\/mcazorla.com\/productes\/"},{"@type":"ListItem","position":3,"name":"Queiron 10-7-9"}]},{"@type":"WebSite","@id":"https:\/\/mcazorla.com\/#website","url":"https:\/\/mcazorla.com\/","name":"M. Cazorla","description":"Comercialitzaci\u00f3 de llavors, fertilizants, adobs ,fitosanitaris i cereals.","potentialAction":[{"@type":"SearchAction","target":{"@type":"EntryPoint","urlTemplate":"https:\/\/mcazorla.com\/?s={search_term_string}"},"query-input":{"@type":"PropertyValueSpecification","valueRequired":true,"valueName":"search_term_string"}}],"inLanguage":"fr-FR"}]}},"_links":{"self":[{"href":"https:\/\/mcazorla.com\/fr\/wp-json\/wp\/v2\/product\/3915","targetHints":{"allow":["GET"]}}],"collection":[{"href":"https:\/\/mcazorla.com\/fr\/wp-json\/wp\/v2\/product"}],"about":[{"href":"https:\/\/mcazorla.com\/fr\/wp-json\/wp\/v2\/types\/product"}],"wp:featuredmedia":[{"embeddable":true,"href":"https:\/\/mcazorla.com\/fr\/wp-json\/wp\/v2\/media\/2836"}],"wp:attachment":[{"href":"https:\/\/mcazorla.com\/fr\/wp-json\/wp\/v2\/media?parent=3915"}],"wp:term":[{"taxonomy":"product_brand","embeddable":true,"href":"https:\/\/mcazorla.com\/fr\/wp-json\/wp\/v2\/product_brand?post=3915"},{"taxonomy":"product_cat","embeddable":true,"href":"https:\/\/mcazorla.com\/fr\/wp-json\/wp\/v2\/product_cat?post=3915"},{"taxonomy":"product_tag","embeddable":true,"href":"https:\/\/mcazorla.com\/fr\/wp-json\/wp\/v2\/product_tag?post=3915"}],"curies":[{"name":"wp","href":"https:\/\/api.w.org\/{rel}","templated":true}]}}