{"id":3919,"date":"2021-12-28T15:04:58","date_gmt":"2021-12-28T15:04:58","guid":{"rendered":"https:\/\/mcazorla.com\/producto\/queiron-k-liquid\/"},"modified":"2022-02-22T14:15:30","modified_gmt":"2022-02-22T14:15:30","slug":"queiron-k-liquid","status":"publish","type":"product","link":"https:\/\/mcazorla.com\/fr\/producte\/queiron-k-liquid\/","title":{"rendered":"Queiron K l\u00edquid"},"content":{"rendered":"<p>Richesses garanties:<\/p>\n<ul>\n<li>Azote total: 5,2\u00a0% p\/v: 3,5\u00a0% p\/p<\/li>\n<li>Azote ur\u00e9ique: 5,2\u00a0% p\/v: 3,5\u00a0% p\/p<\/li>\n<li>Oxyde de potassium (K<sub>2<\/sub>O)(soluble dans l&rsquo;eau): 46,5\u00a0% p\/v\u00a0: 31\u00a0%<\/li>\n<\/ul>\n<div>Autres fonctionnalit\u00e9s:<\/div>\n<div>\n<ul>\n<li>Agent ch\u00e9lat\u00e9 EDTA: 1,5\u00a0% p\/v: 1\u00a0% p\/p<\/li>\n<li>Densit\u00e9: 1:1,50<\/li>\n<li>Faible teneur en chlore<\/li>\n<\/ul>\n<\/div>\n","protected":false},"excerpt":{"rendered":"<p>QUEIRON K LIQUID c&rsquo;est un engrais NK 3.5-0-31, tr\u00e8s riche en potasse avec une dose appropri\u00e9e d&rsquo;agent quelatant.Il est conseill\u00e9 pour utilisation en foliaire comme appliqu\u00e9 direct au sol, comme compl\u00e9ment de l&rsquo;amendement de fond pendant l&rsquo;\u00e9tape de maturation du fruit pour am\u00e9liorer son calibrage, aspect et qualit\u00e9. <\/p>\n<p>DOSE:<\/p>\n<table style=\"height: 335px;\" border=\"1\" width=\"571\" frame=\"box\" cellspacing=\"0\" cellpadding=\"0\" align=\"left\">\n<tbody>\n<tr>\n<td colspan=\"2\">\n<p align=\"center\"><strong>APPLICATION AU SOL<\/strong><\/p>\n<\/td>\n<\/tr>\n<tr>\n<td>\n<p align=\"center\"><strong>CULTURE<\/strong><\/p>\n<\/td>\n<td>\n<p align=\"center\"><strong>DOSE<\/strong><\/p>\n<\/td>\n<\/tr>\n<tr>\n<td style=\"text-align: center;\">Agrumes et fruitiers<\/td>\n<td style=\"text-align: center;\">50-150 cc \/ peu<\/td>\n<\/tr>\n<tr>\n<td style=\"text-align: center;\">Coton<\/td>\n<td style=\"text-align: center;\">5-10 L \/Ha<\/td>\n<\/tr>\n<tr>\n<td style=\"text-align: center;\">Cultures mara\u00eech\u00e8res<\/td>\n<td style=\"text-align: center;\">5-15 L \/Ha<\/td>\n<\/tr>\n<tr>\n<td style=\"text-align: center;\">Pomme de terre<\/td>\n<td style=\"text-align: center;\">5-20 L \/Ha<\/td>\n<\/tr>\n<\/tbody>\n<\/table>\n<table style=\"height: 294px;\" border=\"1\" width=\"621\" frame=\"box\" cellspacing=\"0\" cellpadding=\"0\" align=\"left\">\n<tbody>\n<tr>\n<td colspan=\"2\">\n<p align=\"center\"><strong>APPLICATION FOLIAIRE<\/strong><\/p>\n<\/td>\n<\/tr>\n<tr>\n<td>\n<p align=\"center\"><strong>CULTURE<\/strong><\/p>\n<\/td>\n<td>\n<p align=\"center\"><strong>DOSE<\/strong><\/p>\n<\/td>\n<\/tr>\n<tr>\n<td>\n<p align=\"center\">Cultures Florales, arbres fruitiers<\/p>\n<\/td>\n<td>\n<p align=\"center\">150-250 cc \/ HL<\/p>\n<\/td>\n<\/tr>\n<tr>\n<td>\n<p align=\"center\">Aubergines, agrumes, poivron et tomates <\/p>\n<\/td>\n<td>\n<p align=\"center\">150-300 cc \/ HL<\/p>\n<\/td>\n<\/tr>\n<tr>\n<td>\n<p align=\"center\">Coton, melon, oliviers, pomme de terre et past\u00e8ques<\/p>\n<\/td>\n<td>\n<p align=\"center\">100-250 cc \/ HL<\/p>\n<\/td>\n<\/tr>\n<\/tbody>\n<\/table>\n","protected":false},"featured_media":2833,"template":"","meta":[],"product_brand":[],"product_cat":[181,189],"product_tag":[],"class_list":{"0":"post-3919","1":"product","2":"type-product","3":"status-publish","4":"has-post-thumbnail","6":"product_cat-engrais","7":"product_cat-engrais-liquides","9":"first","10":"instock","11":"shipping-taxable","12":"product-type-simple"},"yoast_head":"<!-- This site is optimized with the Yoast SEO plugin v27.4 - https:\/\/yoast.com\/product\/yoast-seo-wordpress\/ -->\n<title>Queiron K l\u00edquid - M. Cazorla<\/title>\n<meta name=\"robots\" content=\"index, follow, max-snippet:-1, max-image-preview:large, max-video-preview:-1\" \/>\n<link rel=\"canonical\" href=\"https:\/\/mcazorla.com\/fr\/producte\/queiron-k-liquid\/\" \/>\n<meta property=\"og:locale\" content=\"fr_FR\" \/>\n<meta property=\"og:type\" content=\"article\" \/>\n<meta property=\"og:title\" content=\"Queiron K l\u00edquid - M. Cazorla\" \/>\n<meta property=\"og:description\" content=\"QUEIRON K LIQUID c&#039;est un engrais NK 3.5-0-31, tr\u00e8s riche en potasse avec une dose appropri\u00e9e d&#039;agent quelatant.Il est conseill\u00e9 pour utilisation en foliaire comme appliqu\u00e9 direct au sol, comme compl\u00e9ment de l&#039;amendement de fond pendant l&#039;\u00e9tape de maturation du fruit pour am\u00e9liorer son calibrage, aspect et qualit\u00e9.   DOSE:      APPLICATION AU SOL     CULTURE   DOSE    Agrumes et fruitiers 50-150 cc \/ peu   Coton 5-10 L \/Ha   Cultures mara\u00eech\u00e8res 5-15 L \/Ha   Pomme de terre 5-20 L \/Ha        APPLICATION FOLIAIRE     CULTURE   DOSE     Cultures Florales, arbres fruitiers   150-250 cc \/ HL     Aubergines, agrumes, poivron et tomates    150-300 cc \/ HL     Coton, melon, oliviers, pomme de terre et past\u00e8ques   100-250 cc \/ HL\" \/>\n<meta property=\"og:url\" content=\"https:\/\/mcazorla.com\/fr\/producte\/queiron-k-liquid\/\" \/>\n<meta property=\"og:site_name\" content=\"M. Cazorla\" \/>\n<meta property=\"article:modified_time\" content=\"2022-02-22T14:15:30+00:00\" \/>\n<meta property=\"og:image\" content=\"https:\/\/mcazorla.com\/wp-content\/uploads\/2021\/12\/img-productes-queiron-k-liquid.jpg\" \/>\n\t<meta property=\"og:image:width\" content=\"500\" \/>\n\t<meta property=\"og:image:height\" content=\"500\" \/>\n\t<meta property=\"og:image:type\" content=\"image\/jpeg\" \/>\n<meta name=\"twitter:card\" content=\"summary_large_image\" \/>\n<meta name=\"twitter:label1\" content=\"Dur\u00e9e de lecture estim\u00e9e\" \/>\n\t<meta name=\"twitter:data1\" content=\"1 minute\" \/>\n<script type=\"application\/ld+json\" class=\"yoast-schema-graph\">{\"@context\":\"https:\\\/\\\/schema.org\",\"@graph\":[{\"@type\":\"WebPage\",\"@id\":\"https:\\\/\\\/mcazorla.com\\\/fr\\\/producte\\\/queiron-k-liquid\\\/\",\"url\":\"https:\\\/\\\/mcazorla.com\\\/fr\\\/producte\\\/queiron-k-liquid\\\/\",\"name\":\"Queiron K l\u00edquid - M. Cazorla\",\"isPartOf\":{\"@id\":\"https:\\\/\\\/mcazorla.com\\\/#website\"},\"primaryImageOfPage\":{\"@id\":\"https:\\\/\\\/mcazorla.com\\\/fr\\\/producte\\\/queiron-k-liquid\\\/#primaryimage\"},\"image\":{\"@id\":\"https:\\\/\\\/mcazorla.com\\\/fr\\\/producte\\\/queiron-k-liquid\\\/#primaryimage\"},\"thumbnailUrl\":\"https:\\\/\\\/mcazorla.com\\\/wp-content\\\/uploads\\\/2021\\\/12\\\/img-productes-queiron-k-liquid.jpg\",\"datePublished\":\"2021-12-28T15:04:58+00:00\",\"dateModified\":\"2022-02-22T14:15:30+00:00\",\"breadcrumb\":{\"@id\":\"https:\\\/\\\/mcazorla.com\\\/fr\\\/producte\\\/queiron-k-liquid\\\/#breadcrumb\"},\"inLanguage\":\"fr-FR\",\"potentialAction\":[{\"@type\":\"ReadAction\",\"target\":[\"https:\\\/\\\/mcazorla.com\\\/fr\\\/producte\\\/queiron-k-liquid\\\/\"]}]},{\"@type\":\"ImageObject\",\"inLanguage\":\"fr-FR\",\"@id\":\"https:\\\/\\\/mcazorla.com\\\/fr\\\/producte\\\/queiron-k-liquid\\\/#primaryimage\",\"url\":\"https:\\\/\\\/mcazorla.com\\\/wp-content\\\/uploads\\\/2021\\\/12\\\/img-productes-queiron-k-liquid.jpg\",\"contentUrl\":\"https:\\\/\\\/mcazorla.com\\\/wp-content\\\/uploads\\\/2021\\\/12\\\/img-productes-queiron-k-liquid.jpg\",\"width\":500,\"height\":500},{\"@type\":\"BreadcrumbList\",\"@id\":\"https:\\\/\\\/mcazorla.com\\\/fr\\\/producte\\\/queiron-k-liquid\\\/#breadcrumb\",\"itemListElement\":[{\"@type\":\"ListItem\",\"position\":1,\"name\":\"Portada\",\"item\":\"https:\\\/\\\/mcazorla.com\\\/fr\\\/\"},{\"@type\":\"ListItem\",\"position\":2,\"name\":\"Productes\",\"item\":\"https:\\\/\\\/mcazorla.com\\\/productes\\\/\"},{\"@type\":\"ListItem\",\"position\":3,\"name\":\"Queiron K l\u00edquid\"}]},{\"@type\":\"WebSite\",\"@id\":\"https:\\\/\\\/mcazorla.com\\\/#website\",\"url\":\"https:\\\/\\\/mcazorla.com\\\/\",\"name\":\"M. Cazorla\",\"description\":\"Comercialitzaci\u00f3 de llavors, fertilizants, adobs ,fitosanitaris i cereals.\",\"potentialAction\":[{\"@type\":\"SearchAction\",\"target\":{\"@type\":\"EntryPoint\",\"urlTemplate\":\"https:\\\/\\\/mcazorla.com\\\/?s={search_term_string}\"},\"query-input\":{\"@type\":\"PropertyValueSpecification\",\"valueRequired\":true,\"valueName\":\"search_term_string\"}}],\"inLanguage\":\"fr-FR\"}]}<\/script>\n<!-- \/ Yoast SEO plugin. -->","yoast_head_json":{"title":"Queiron K l\u00edquid - M. Cazorla","robots":{"index":"index","follow":"follow","max-snippet":"max-snippet:-1","max-image-preview":"max-image-preview:large","max-video-preview":"max-video-preview:-1"},"canonical":"https:\/\/mcazorla.com\/fr\/producte\/queiron-k-liquid\/","og_locale":"fr_FR","og_type":"article","og_title":"Queiron K l\u00edquid - M. Cazorla","og_description":"QUEIRON K LIQUID c'est un engrais NK 3.5-0-31, tr\u00e8s riche en potasse avec une dose appropri\u00e9e d'agent quelatant.Il est conseill\u00e9 pour utilisation en foliaire comme appliqu\u00e9 direct au sol, comme compl\u00e9ment de l'amendement de fond pendant l'\u00e9tape de maturation du fruit pour am\u00e9liorer son calibrage, aspect et qualit\u00e9.   DOSE:      APPLICATION AU SOL     CULTURE   DOSE    Agrumes et fruitiers 50-150 cc \/ peu   Coton 5-10 L \/Ha   Cultures mara\u00eech\u00e8res 5-15 L \/Ha   Pomme de terre 5-20 L \/Ha        APPLICATION FOLIAIRE     CULTURE   DOSE     Cultures Florales, arbres fruitiers   150-250 cc \/ HL     Aubergines, agrumes, poivron et tomates    150-300 cc \/ HL     Coton, melon, oliviers, pomme de terre et past\u00e8ques   100-250 cc \/ HL","og_url":"https:\/\/mcazorla.com\/fr\/producte\/queiron-k-liquid\/","og_site_name":"M. Cazorla","article_modified_time":"2022-02-22T14:15:30+00:00","og_image":[{"width":500,"height":500,"url":"https:\/\/mcazorla.com\/wp-content\/uploads\/2021\/12\/img-productes-queiron-k-liquid.jpg","type":"image\/jpeg"}],"twitter_card":"summary_large_image","twitter_misc":{"Dur\u00e9e de lecture estim\u00e9e":"1 minute"},"schema":{"@context":"https:\/\/schema.org","@graph":[{"@type":"WebPage","@id":"https:\/\/mcazorla.com\/fr\/producte\/queiron-k-liquid\/","url":"https:\/\/mcazorla.com\/fr\/producte\/queiron-k-liquid\/","name":"Queiron K l\u00edquid - M. Cazorla","isPartOf":{"@id":"https:\/\/mcazorla.com\/#website"},"primaryImageOfPage":{"@id":"https:\/\/mcazorla.com\/fr\/producte\/queiron-k-liquid\/#primaryimage"},"image":{"@id":"https:\/\/mcazorla.com\/fr\/producte\/queiron-k-liquid\/#primaryimage"},"thumbnailUrl":"https:\/\/mcazorla.com\/wp-content\/uploads\/2021\/12\/img-productes-queiron-k-liquid.jpg","datePublished":"2021-12-28T15:04:58+00:00","dateModified":"2022-02-22T14:15:30+00:00","breadcrumb":{"@id":"https:\/\/mcazorla.com\/fr\/producte\/queiron-k-liquid\/#breadcrumb"},"inLanguage":"fr-FR","potentialAction":[{"@type":"ReadAction","target":["https:\/\/mcazorla.com\/fr\/producte\/queiron-k-liquid\/"]}]},{"@type":"ImageObject","inLanguage":"fr-FR","@id":"https:\/\/mcazorla.com\/fr\/producte\/queiron-k-liquid\/#primaryimage","url":"https:\/\/mcazorla.com\/wp-content\/uploads\/2021\/12\/img-productes-queiron-k-liquid.jpg","contentUrl":"https:\/\/mcazorla.com\/wp-content\/uploads\/2021\/12\/img-productes-queiron-k-liquid.jpg","width":500,"height":500},{"@type":"BreadcrumbList","@id":"https:\/\/mcazorla.com\/fr\/producte\/queiron-k-liquid\/#breadcrumb","itemListElement":[{"@type":"ListItem","position":1,"name":"Portada","item":"https:\/\/mcazorla.com\/fr\/"},{"@type":"ListItem","position":2,"name":"Productes","item":"https:\/\/mcazorla.com\/productes\/"},{"@type":"ListItem","position":3,"name":"Queiron K l\u00edquid"}]},{"@type":"WebSite","@id":"https:\/\/mcazorla.com\/#website","url":"https:\/\/mcazorla.com\/","name":"M. Cazorla","description":"Comercialitzaci\u00f3 de llavors, fertilizants, adobs ,fitosanitaris i cereals.","potentialAction":[{"@type":"SearchAction","target":{"@type":"EntryPoint","urlTemplate":"https:\/\/mcazorla.com\/?s={search_term_string}"},"query-input":{"@type":"PropertyValueSpecification","valueRequired":true,"valueName":"search_term_string"}}],"inLanguage":"fr-FR"}]}},"_links":{"self":[{"href":"https:\/\/mcazorla.com\/fr\/wp-json\/wp\/v2\/product\/3919","targetHints":{"allow":["GET"]}}],"collection":[{"href":"https:\/\/mcazorla.com\/fr\/wp-json\/wp\/v2\/product"}],"about":[{"href":"https:\/\/mcazorla.com\/fr\/wp-json\/wp\/v2\/types\/product"}],"wp:featuredmedia":[{"embeddable":true,"href":"https:\/\/mcazorla.com\/fr\/wp-json\/wp\/v2\/media\/2833"}],"wp:attachment":[{"href":"https:\/\/mcazorla.com\/fr\/wp-json\/wp\/v2\/media?parent=3919"}],"wp:term":[{"taxonomy":"product_brand","embeddable":true,"href":"https:\/\/mcazorla.com\/fr\/wp-json\/wp\/v2\/product_brand?post=3919"},{"taxonomy":"product_cat","embeddable":true,"href":"https:\/\/mcazorla.com\/fr\/wp-json\/wp\/v2\/product_cat?post=3919"},{"taxonomy":"product_tag","embeddable":true,"href":"https:\/\/mcazorla.com\/fr\/wp-json\/wp\/v2\/product_tag?post=3919"}],"curies":[{"name":"wp","href":"https:\/\/api.w.org\/{rel}","templated":true}]}}