{"id":3925,"date":"2021-12-28T15:01:40","date_gmt":"2021-12-28T15:01:40","guid":{"rendered":"https:\/\/mcazorla.com\/producto\/queiron-glu\/"},"modified":"2022-02-22T14:24:31","modified_gmt":"2022-02-22T14:24:31","slug":"queiron-glu","status":"publish","type":"product","link":"https:\/\/mcazorla.com\/fr\/producte\/queiron-glu\/","title":{"rendered":"Queiron Glu"},"content":{"rendered":"<p><strong>Composition: gluconate de cuivre 8\u00a0% p\/v<\/strong><\/p>\n","protected":false},"excerpt":{"rendered":"<p><strong>QUEIRON GLU<\/strong>\u00a0est une solution de Cuivre complex\u00e9 sous forme de Gluconate. C&rsquo;est totalment assimilable et avec action syst\u00e9mique. Produit pr\u00e9par\u00e9 pour application foliaire, qui rentre dans la feuille d\u00fb \u00e0 sa syst\u00e9mie. Parmi ses effets, on remarque son action sur les processus enzymatique et la photosynth\u00e8se, conf\u00e9rant \u00e0 la plante d&rsquo;une r\u00e9sistance sup\u00e9rieure sur les fongs. Le produit est r\u00e9sistant au lessivage, d\u00fb \u00e0 son action syst\u00e9mique. <\/p>\n<p>Produit utilisable en agriculture biologique conform\u00e9ment au R\u00e8glement (CE) n\u00ba 834\/2007 de l&rsquo;Agriculture Biologique. <\/p>\n<p><strong>DOSES<\/strong>:<\/p>\n<p>&#8211; Agrumes et arbres fruitiers: De 150 a 250 cc \/HL<br \/>\n&#8211; Mara\u00eechage: De 100 a 300 cc \/HL<br \/>\n&#8211; Vigne et Oliviers: De 200 a 300 cc \/HL <\/p>\n","protected":false},"featured_media":2830,"template":"","meta":[],"product_brand":[],"product_cat":[181,189],"product_tag":[],"class_list":{"0":"post-3925","1":"product","2":"type-product","3":"status-publish","4":"has-post-thumbnail","6":"product_cat-engrais","7":"product_cat-engrais-liquides","9":"first","10":"instock","11":"shipping-taxable","12":"product-type-simple"},"yoast_head":"<!-- This site is optimized with the Yoast SEO plugin v27.4 - https:\/\/yoast.com\/product\/yoast-seo-wordpress\/ -->\n<title>Queiron Glu - M. Cazorla<\/title>\n<meta name=\"robots\" content=\"index, follow, max-snippet:-1, max-image-preview:large, max-video-preview:-1\" \/>\n<link rel=\"canonical\" href=\"https:\/\/mcazorla.com\/fr\/producte\/queiron-glu\/\" \/>\n<meta property=\"og:locale\" content=\"fr_FR\" \/>\n<meta property=\"og:type\" content=\"article\" \/>\n<meta property=\"og:title\" content=\"Queiron Glu - M. Cazorla\" \/>\n<meta property=\"og:description\" content=\"QUEIRON GLU\u00a0est une solution de Cuivre complex\u00e9 sous forme de Gluconate. C&#039;est totalment assimilable et avec action syst\u00e9mique. Produit pr\u00e9par\u00e9 pour application foliaire, qui rentre dans la feuille d\u00fb \u00e0 sa syst\u00e9mie. Parmi ses effets, on remarque son action sur les processus enzymatique et la photosynth\u00e8se, conf\u00e9rant \u00e0 la plante d&#039;une r\u00e9sistance sup\u00e9rieure sur les fongs. Le produit est r\u00e9sistant au lessivage, d\u00fb \u00e0 son action syst\u00e9mique.   Produit utilisable en agriculture biologique conform\u00e9ment au R\u00e8glement (CE) n\u00ba 834\/2007 de l&#039;Agriculture Biologique.   DOSES:  - Agrumes et arbres fruitiers: De 150 a 250 cc \/HL  - Mara\u00eechage: De 100 a 300 cc \/HL  - Vigne et Oliviers: De 200 a 300 cc \/HL\" \/>\n<meta property=\"og:url\" content=\"https:\/\/mcazorla.com\/fr\/producte\/queiron-glu\/\" \/>\n<meta property=\"og:site_name\" content=\"M. Cazorla\" \/>\n<meta property=\"article:modified_time\" content=\"2022-02-22T14:24:31+00:00\" \/>\n<meta property=\"og:image\" content=\"https:\/\/mcazorla.com\/wp-content\/uploads\/2021\/12\/img-productes-queiron-glu.jpg\" \/>\n\t<meta property=\"og:image:width\" content=\"500\" \/>\n\t<meta property=\"og:image:height\" content=\"500\" \/>\n\t<meta property=\"og:image:type\" content=\"image\/jpeg\" \/>\n<meta name=\"twitter:card\" content=\"summary_large_image\" \/>\n<meta name=\"twitter:label1\" content=\"Dur\u00e9e de lecture estim\u00e9e\" \/>\n\t<meta name=\"twitter:data1\" content=\"1 minute\" \/>\n<script type=\"application\/ld+json\" class=\"yoast-schema-graph\">{\"@context\":\"https:\\\/\\\/schema.org\",\"@graph\":[{\"@type\":\"WebPage\",\"@id\":\"https:\\\/\\\/mcazorla.com\\\/fr\\\/producte\\\/queiron-glu\\\/\",\"url\":\"https:\\\/\\\/mcazorla.com\\\/fr\\\/producte\\\/queiron-glu\\\/\",\"name\":\"Queiron Glu - M. Cazorla\",\"isPartOf\":{\"@id\":\"https:\\\/\\\/mcazorla.com\\\/#website\"},\"primaryImageOfPage\":{\"@id\":\"https:\\\/\\\/mcazorla.com\\\/fr\\\/producte\\\/queiron-glu\\\/#primaryimage\"},\"image\":{\"@id\":\"https:\\\/\\\/mcazorla.com\\\/fr\\\/producte\\\/queiron-glu\\\/#primaryimage\"},\"thumbnailUrl\":\"https:\\\/\\\/mcazorla.com\\\/wp-content\\\/uploads\\\/2021\\\/12\\\/img-productes-queiron-glu.jpg\",\"datePublished\":\"2021-12-28T15:01:40+00:00\",\"dateModified\":\"2022-02-22T14:24:31+00:00\",\"breadcrumb\":{\"@id\":\"https:\\\/\\\/mcazorla.com\\\/fr\\\/producte\\\/queiron-glu\\\/#breadcrumb\"},\"inLanguage\":\"fr-FR\",\"potentialAction\":[{\"@type\":\"ReadAction\",\"target\":[\"https:\\\/\\\/mcazorla.com\\\/fr\\\/producte\\\/queiron-glu\\\/\"]}]},{\"@type\":\"ImageObject\",\"inLanguage\":\"fr-FR\",\"@id\":\"https:\\\/\\\/mcazorla.com\\\/fr\\\/producte\\\/queiron-glu\\\/#primaryimage\",\"url\":\"https:\\\/\\\/mcazorla.com\\\/wp-content\\\/uploads\\\/2021\\\/12\\\/img-productes-queiron-glu.jpg\",\"contentUrl\":\"https:\\\/\\\/mcazorla.com\\\/wp-content\\\/uploads\\\/2021\\\/12\\\/img-productes-queiron-glu.jpg\",\"width\":500,\"height\":500},{\"@type\":\"BreadcrumbList\",\"@id\":\"https:\\\/\\\/mcazorla.com\\\/fr\\\/producte\\\/queiron-glu\\\/#breadcrumb\",\"itemListElement\":[{\"@type\":\"ListItem\",\"position\":1,\"name\":\"Portada\",\"item\":\"https:\\\/\\\/mcazorla.com\\\/fr\\\/\"},{\"@type\":\"ListItem\",\"position\":2,\"name\":\"Productes\",\"item\":\"https:\\\/\\\/mcazorla.com\\\/productes\\\/\"},{\"@type\":\"ListItem\",\"position\":3,\"name\":\"Queiron Glu\"}]},{\"@type\":\"WebSite\",\"@id\":\"https:\\\/\\\/mcazorla.com\\\/#website\",\"url\":\"https:\\\/\\\/mcazorla.com\\\/\",\"name\":\"M. Cazorla\",\"description\":\"Comercialitzaci\u00f3 de llavors, fertilizants, adobs ,fitosanitaris i cereals.\",\"potentialAction\":[{\"@type\":\"SearchAction\",\"target\":{\"@type\":\"EntryPoint\",\"urlTemplate\":\"https:\\\/\\\/mcazorla.com\\\/?s={search_term_string}\"},\"query-input\":{\"@type\":\"PropertyValueSpecification\",\"valueRequired\":true,\"valueName\":\"search_term_string\"}}],\"inLanguage\":\"fr-FR\"}]}<\/script>\n<!-- \/ Yoast SEO plugin. -->","yoast_head_json":{"title":"Queiron Glu - M. Cazorla","robots":{"index":"index","follow":"follow","max-snippet":"max-snippet:-1","max-image-preview":"max-image-preview:large","max-video-preview":"max-video-preview:-1"},"canonical":"https:\/\/mcazorla.com\/fr\/producte\/queiron-glu\/","og_locale":"fr_FR","og_type":"article","og_title":"Queiron Glu - M. Cazorla","og_description":"QUEIRON GLU\u00a0est une solution de Cuivre complex\u00e9 sous forme de Gluconate. C'est totalment assimilable et avec action syst\u00e9mique. Produit pr\u00e9par\u00e9 pour application foliaire, qui rentre dans la feuille d\u00fb \u00e0 sa syst\u00e9mie. Parmi ses effets, on remarque son action sur les processus enzymatique et la photosynth\u00e8se, conf\u00e9rant \u00e0 la plante d'une r\u00e9sistance sup\u00e9rieure sur les fongs. Le produit est r\u00e9sistant au lessivage, d\u00fb \u00e0 son action syst\u00e9mique.   Produit utilisable en agriculture biologique conform\u00e9ment au R\u00e8glement (CE) n\u00ba 834\/2007 de l'Agriculture Biologique.   DOSES:  - Agrumes et arbres fruitiers: De 150 a 250 cc \/HL  - Mara\u00eechage: De 100 a 300 cc \/HL  - Vigne et Oliviers: De 200 a 300 cc \/HL","og_url":"https:\/\/mcazorla.com\/fr\/producte\/queiron-glu\/","og_site_name":"M. Cazorla","article_modified_time":"2022-02-22T14:24:31+00:00","og_image":[{"width":500,"height":500,"url":"https:\/\/mcazorla.com\/wp-content\/uploads\/2021\/12\/img-productes-queiron-glu.jpg","type":"image\/jpeg"}],"twitter_card":"summary_large_image","twitter_misc":{"Dur\u00e9e de lecture estim\u00e9e":"1 minute"},"schema":{"@context":"https:\/\/schema.org","@graph":[{"@type":"WebPage","@id":"https:\/\/mcazorla.com\/fr\/producte\/queiron-glu\/","url":"https:\/\/mcazorla.com\/fr\/producte\/queiron-glu\/","name":"Queiron Glu - M. Cazorla","isPartOf":{"@id":"https:\/\/mcazorla.com\/#website"},"primaryImageOfPage":{"@id":"https:\/\/mcazorla.com\/fr\/producte\/queiron-glu\/#primaryimage"},"image":{"@id":"https:\/\/mcazorla.com\/fr\/producte\/queiron-glu\/#primaryimage"},"thumbnailUrl":"https:\/\/mcazorla.com\/wp-content\/uploads\/2021\/12\/img-productes-queiron-glu.jpg","datePublished":"2021-12-28T15:01:40+00:00","dateModified":"2022-02-22T14:24:31+00:00","breadcrumb":{"@id":"https:\/\/mcazorla.com\/fr\/producte\/queiron-glu\/#breadcrumb"},"inLanguage":"fr-FR","potentialAction":[{"@type":"ReadAction","target":["https:\/\/mcazorla.com\/fr\/producte\/queiron-glu\/"]}]},{"@type":"ImageObject","inLanguage":"fr-FR","@id":"https:\/\/mcazorla.com\/fr\/producte\/queiron-glu\/#primaryimage","url":"https:\/\/mcazorla.com\/wp-content\/uploads\/2021\/12\/img-productes-queiron-glu.jpg","contentUrl":"https:\/\/mcazorla.com\/wp-content\/uploads\/2021\/12\/img-productes-queiron-glu.jpg","width":500,"height":500},{"@type":"BreadcrumbList","@id":"https:\/\/mcazorla.com\/fr\/producte\/queiron-glu\/#breadcrumb","itemListElement":[{"@type":"ListItem","position":1,"name":"Portada","item":"https:\/\/mcazorla.com\/fr\/"},{"@type":"ListItem","position":2,"name":"Productes","item":"https:\/\/mcazorla.com\/productes\/"},{"@type":"ListItem","position":3,"name":"Queiron Glu"}]},{"@type":"WebSite","@id":"https:\/\/mcazorla.com\/#website","url":"https:\/\/mcazorla.com\/","name":"M. Cazorla","description":"Comercialitzaci\u00f3 de llavors, fertilizants, adobs ,fitosanitaris i cereals.","potentialAction":[{"@type":"SearchAction","target":{"@type":"EntryPoint","urlTemplate":"https:\/\/mcazorla.com\/?s={search_term_string}"},"query-input":{"@type":"PropertyValueSpecification","valueRequired":true,"valueName":"search_term_string"}}],"inLanguage":"fr-FR"}]}},"_links":{"self":[{"href":"https:\/\/mcazorla.com\/fr\/wp-json\/wp\/v2\/product\/3925","targetHints":{"allow":["GET"]}}],"collection":[{"href":"https:\/\/mcazorla.com\/fr\/wp-json\/wp\/v2\/product"}],"about":[{"href":"https:\/\/mcazorla.com\/fr\/wp-json\/wp\/v2\/types\/product"}],"wp:featuredmedia":[{"embeddable":true,"href":"https:\/\/mcazorla.com\/fr\/wp-json\/wp\/v2\/media\/2830"}],"wp:attachment":[{"href":"https:\/\/mcazorla.com\/fr\/wp-json\/wp\/v2\/media?parent=3925"}],"wp:term":[{"taxonomy":"product_brand","embeddable":true,"href":"https:\/\/mcazorla.com\/fr\/wp-json\/wp\/v2\/product_brand?post=3925"},{"taxonomy":"product_cat","embeddable":true,"href":"https:\/\/mcazorla.com\/fr\/wp-json\/wp\/v2\/product_cat?post=3925"},{"taxonomy":"product_tag","embeddable":true,"href":"https:\/\/mcazorla.com\/fr\/wp-json\/wp\/v2\/product_tag?post=3925"}],"curies":[{"name":"wp","href":"https:\/\/api.w.org\/{rel}","templated":true}]}}