{"id":3935,"date":"2021-12-28T14:52:34","date_gmt":"2021-12-28T14:52:34","guid":{"rendered":"https:\/\/mcazorla.com\/producto\/yara-liva-calcinit\/"},"modified":"2022-02-23T14:35:54","modified_gmt":"2022-02-23T14:35:54","slug":"yara-liva-calcinit","status":"publish","type":"product","link":"https:\/\/mcazorla.com\/fr\/producte\/yara-liva-calcinit\/","title":{"rendered":"Yara Liva Calcinit"},"content":{"rendered":"<p>Composition:<\/p>\n<ul>\n<li>Azote total (N)\u00a0: 15,5\u00a0%<\/li>\n<li>Azote (N) nitrique\u00a0: 14,4\u00a0%<\/li>\n<li>Azote ammoniacal (N)\u00a0: 1,1\u00a0%<\/li>\n<li>Oxyde de Calcium (CaO) Soluble dans l&rsquo;eau\u00a0: 26,3\u00a0%<\/li>\n<li>Calcium (Canette) Soluble dans l&rsquo;eau\u00a0: 19,0\u00a0%<\/li>\n<li>Solubilit\u00e9 (20\u00a0\u00b0C)\u00a0: 1\u00a0200\u00a0g\/l d&rsquo;eau<\/li>\n<li>CE (\u03bcg\/l \u00e0 25\u00a0\u00b0C)\u00a0: 1,2\u00a0mS\/cm<\/li>\n<li>pH (solution \u00e0 10\u00a0%)\u00a0: 6<\/li>\n<\/ul>\n","protected":false},"excerpt":{"rendered":"<p>Yara Liva Calcinit c&rsquo;est un engrais \u00e0 base d&rsquo;Azote Nitrique et du Calcium, qui se dissout rapidement dans l&rsquo;eau, aplicable dans tout type de syst\u00e8me de fertirrigation, hydroponique, arrossage localis\u00e9, micro aspersion, pivot aspersion et aussi en pulv\u00e9risation. L&rsquo;azote directement disponnible pour l&rsquo;absorption des plantes, il a comme resultat une rapide et calcul\u00e9e r\u00e9ponse pour le d\u00e9veloppement. Il n&rsquo;y a pas de volatilisation ni fixation dans le sol, ce qui comporte une totale disposition pour son absorption. Concernant le Calcium, il favorise la r\u00e9sistance face aux attaques des plaies et maladies, avec une plus haute qualit\u00e9 et duration du produit jusqu&rsquo;\u00e0 arriver au consommateur finale.<\/p>\n<p style=\"text-align: center;\">\n","protected":false},"featured_media":2821,"template":"","meta":[],"product_brand":[],"product_cat":[181,188],"product_tag":[],"class_list":{"0":"post-3935","1":"product","2":"type-product","3":"status-publish","4":"has-post-thumbnail","6":"product_cat-engrais","7":"product_cat-engrais-speciaux","9":"first","10":"instock","11":"shipping-taxable","12":"product-type-simple"},"yoast_head":"<!-- This site is optimized with the Yoast SEO plugin v27.4 - https:\/\/yoast.com\/product\/yoast-seo-wordpress\/ -->\n<title>Yara Liva Calcinit - M. Cazorla<\/title>\n<meta name=\"robots\" content=\"index, follow, max-snippet:-1, max-image-preview:large, max-video-preview:-1\" \/>\n<link rel=\"canonical\" href=\"https:\/\/mcazorla.com\/fr\/producte\/yara-liva-calcinit\/\" \/>\n<meta property=\"og:locale\" content=\"fr_FR\" \/>\n<meta property=\"og:type\" content=\"article\" \/>\n<meta property=\"og:title\" content=\"Yara Liva Calcinit - M. Cazorla\" \/>\n<meta property=\"og:description\" content=\"Yara Liva Calcinit c&#039;est un engrais \u00e0 base d&#039;Azote Nitrique et du Calcium, qui se dissout rapidement dans l&#039;eau, aplicable dans tout type de syst\u00e8me de fertirrigation, hydroponique, arrossage localis\u00e9, micro aspersion, pivot aspersion et aussi en pulv\u00e9risation. L&#039;azote directement disponnible pour l&#039;absorption des plantes, il a comme resultat une rapide et calcul\u00e9e r\u00e9ponse pour le d\u00e9veloppement. Il n&#039;y a pas de volatilisation ni fixation dans le sol, ce qui comporte une totale disposition pour son absorption. Concernant le Calcium, il favorise la r\u00e9sistance face aux attaques des plaies et maladies, avec une plus haute qualit\u00e9 et duration du produit jusqu&#039;\u00e0 arriver au consommateur finale.\" \/>\n<meta property=\"og:url\" content=\"https:\/\/mcazorla.com\/fr\/producte\/yara-liva-calcinit\/\" \/>\n<meta property=\"og:site_name\" content=\"M. Cazorla\" \/>\n<meta property=\"article:modified_time\" content=\"2022-02-23T14:35:54+00:00\" \/>\n<meta property=\"og:image\" content=\"https:\/\/mcazorla.com\/wp-content\/uploads\/2021\/12\/img-productes-yara-liva-calcinit.jpg\" \/>\n\t<meta property=\"og:image:width\" content=\"500\" \/>\n\t<meta property=\"og:image:height\" content=\"500\" \/>\n\t<meta property=\"og:image:type\" content=\"image\/jpeg\" \/>\n<meta name=\"twitter:card\" content=\"summary_large_image\" \/>\n<meta name=\"twitter:label1\" content=\"Dur\u00e9e de lecture estim\u00e9e\" \/>\n\t<meta name=\"twitter:data1\" content=\"1 minute\" \/>\n<script type=\"application\/ld+json\" class=\"yoast-schema-graph\">{\"@context\":\"https:\\\/\\\/schema.org\",\"@graph\":[{\"@type\":\"WebPage\",\"@id\":\"https:\\\/\\\/mcazorla.com\\\/fr\\\/producte\\\/yara-liva-calcinit\\\/\",\"url\":\"https:\\\/\\\/mcazorla.com\\\/fr\\\/producte\\\/yara-liva-calcinit\\\/\",\"name\":\"Yara Liva Calcinit - M. Cazorla\",\"isPartOf\":{\"@id\":\"https:\\\/\\\/mcazorla.com\\\/#website\"},\"primaryImageOfPage\":{\"@id\":\"https:\\\/\\\/mcazorla.com\\\/fr\\\/producte\\\/yara-liva-calcinit\\\/#primaryimage\"},\"image\":{\"@id\":\"https:\\\/\\\/mcazorla.com\\\/fr\\\/producte\\\/yara-liva-calcinit\\\/#primaryimage\"},\"thumbnailUrl\":\"https:\\\/\\\/mcazorla.com\\\/wp-content\\\/uploads\\\/2021\\\/12\\\/img-productes-yara-liva-calcinit.jpg\",\"datePublished\":\"2021-12-28T14:52:34+00:00\",\"dateModified\":\"2022-02-23T14:35:54+00:00\",\"breadcrumb\":{\"@id\":\"https:\\\/\\\/mcazorla.com\\\/fr\\\/producte\\\/yara-liva-calcinit\\\/#breadcrumb\"},\"inLanguage\":\"fr-FR\",\"potentialAction\":[{\"@type\":\"ReadAction\",\"target\":[\"https:\\\/\\\/mcazorla.com\\\/fr\\\/producte\\\/yara-liva-calcinit\\\/\"]}]},{\"@type\":\"ImageObject\",\"inLanguage\":\"fr-FR\",\"@id\":\"https:\\\/\\\/mcazorla.com\\\/fr\\\/producte\\\/yara-liva-calcinit\\\/#primaryimage\",\"url\":\"https:\\\/\\\/mcazorla.com\\\/wp-content\\\/uploads\\\/2021\\\/12\\\/img-productes-yara-liva-calcinit.jpg\",\"contentUrl\":\"https:\\\/\\\/mcazorla.com\\\/wp-content\\\/uploads\\\/2021\\\/12\\\/img-productes-yara-liva-calcinit.jpg\",\"width\":500,\"height\":500},{\"@type\":\"BreadcrumbList\",\"@id\":\"https:\\\/\\\/mcazorla.com\\\/fr\\\/producte\\\/yara-liva-calcinit\\\/#breadcrumb\",\"itemListElement\":[{\"@type\":\"ListItem\",\"position\":1,\"name\":\"Portada\",\"item\":\"https:\\\/\\\/mcazorla.com\\\/fr\\\/\"},{\"@type\":\"ListItem\",\"position\":2,\"name\":\"Productes\",\"item\":\"https:\\\/\\\/mcazorla.com\\\/productes\\\/\"},{\"@type\":\"ListItem\",\"position\":3,\"name\":\"Yara Liva Calcinit\"}]},{\"@type\":\"WebSite\",\"@id\":\"https:\\\/\\\/mcazorla.com\\\/#website\",\"url\":\"https:\\\/\\\/mcazorla.com\\\/\",\"name\":\"M. Cazorla\",\"description\":\"Comercialitzaci\u00f3 de llavors, fertilizants, adobs ,fitosanitaris i cereals.\",\"potentialAction\":[{\"@type\":\"SearchAction\",\"target\":{\"@type\":\"EntryPoint\",\"urlTemplate\":\"https:\\\/\\\/mcazorla.com\\\/?s={search_term_string}\"},\"query-input\":{\"@type\":\"PropertyValueSpecification\",\"valueRequired\":true,\"valueName\":\"search_term_string\"}}],\"inLanguage\":\"fr-FR\"}]}<\/script>\n<!-- \/ Yoast SEO plugin. -->","yoast_head_json":{"title":"Yara Liva Calcinit - M. Cazorla","robots":{"index":"index","follow":"follow","max-snippet":"max-snippet:-1","max-image-preview":"max-image-preview:large","max-video-preview":"max-video-preview:-1"},"canonical":"https:\/\/mcazorla.com\/fr\/producte\/yara-liva-calcinit\/","og_locale":"fr_FR","og_type":"article","og_title":"Yara Liva Calcinit - M. Cazorla","og_description":"Yara Liva Calcinit c'est un engrais \u00e0 base d'Azote Nitrique et du Calcium, qui se dissout rapidement dans l'eau, aplicable dans tout type de syst\u00e8me de fertirrigation, hydroponique, arrossage localis\u00e9, micro aspersion, pivot aspersion et aussi en pulv\u00e9risation. L'azote directement disponnible pour l'absorption des plantes, il a comme resultat une rapide et calcul\u00e9e r\u00e9ponse pour le d\u00e9veloppement. Il n'y a pas de volatilisation ni fixation dans le sol, ce qui comporte une totale disposition pour son absorption. Concernant le Calcium, il favorise la r\u00e9sistance face aux attaques des plaies et maladies, avec une plus haute qualit\u00e9 et duration du produit jusqu'\u00e0 arriver au consommateur finale.","og_url":"https:\/\/mcazorla.com\/fr\/producte\/yara-liva-calcinit\/","og_site_name":"M. Cazorla","article_modified_time":"2022-02-23T14:35:54+00:00","og_image":[{"width":500,"height":500,"url":"https:\/\/mcazorla.com\/wp-content\/uploads\/2021\/12\/img-productes-yara-liva-calcinit.jpg","type":"image\/jpeg"}],"twitter_card":"summary_large_image","twitter_misc":{"Dur\u00e9e de lecture estim\u00e9e":"1 minute"},"schema":{"@context":"https:\/\/schema.org","@graph":[{"@type":"WebPage","@id":"https:\/\/mcazorla.com\/fr\/producte\/yara-liva-calcinit\/","url":"https:\/\/mcazorla.com\/fr\/producte\/yara-liva-calcinit\/","name":"Yara Liva Calcinit - M. Cazorla","isPartOf":{"@id":"https:\/\/mcazorla.com\/#website"},"primaryImageOfPage":{"@id":"https:\/\/mcazorla.com\/fr\/producte\/yara-liva-calcinit\/#primaryimage"},"image":{"@id":"https:\/\/mcazorla.com\/fr\/producte\/yara-liva-calcinit\/#primaryimage"},"thumbnailUrl":"https:\/\/mcazorla.com\/wp-content\/uploads\/2021\/12\/img-productes-yara-liva-calcinit.jpg","datePublished":"2021-12-28T14:52:34+00:00","dateModified":"2022-02-23T14:35:54+00:00","breadcrumb":{"@id":"https:\/\/mcazorla.com\/fr\/producte\/yara-liva-calcinit\/#breadcrumb"},"inLanguage":"fr-FR","potentialAction":[{"@type":"ReadAction","target":["https:\/\/mcazorla.com\/fr\/producte\/yara-liva-calcinit\/"]}]},{"@type":"ImageObject","inLanguage":"fr-FR","@id":"https:\/\/mcazorla.com\/fr\/producte\/yara-liva-calcinit\/#primaryimage","url":"https:\/\/mcazorla.com\/wp-content\/uploads\/2021\/12\/img-productes-yara-liva-calcinit.jpg","contentUrl":"https:\/\/mcazorla.com\/wp-content\/uploads\/2021\/12\/img-productes-yara-liva-calcinit.jpg","width":500,"height":500},{"@type":"BreadcrumbList","@id":"https:\/\/mcazorla.com\/fr\/producte\/yara-liva-calcinit\/#breadcrumb","itemListElement":[{"@type":"ListItem","position":1,"name":"Portada","item":"https:\/\/mcazorla.com\/fr\/"},{"@type":"ListItem","position":2,"name":"Productes","item":"https:\/\/mcazorla.com\/productes\/"},{"@type":"ListItem","position":3,"name":"Yara Liva Calcinit"}]},{"@type":"WebSite","@id":"https:\/\/mcazorla.com\/#website","url":"https:\/\/mcazorla.com\/","name":"M. Cazorla","description":"Comercialitzaci\u00f3 de llavors, fertilizants, adobs ,fitosanitaris i cereals.","potentialAction":[{"@type":"SearchAction","target":{"@type":"EntryPoint","urlTemplate":"https:\/\/mcazorla.com\/?s={search_term_string}"},"query-input":{"@type":"PropertyValueSpecification","valueRequired":true,"valueName":"search_term_string"}}],"inLanguage":"fr-FR"}]}},"_links":{"self":[{"href":"https:\/\/mcazorla.com\/fr\/wp-json\/wp\/v2\/product\/3935","targetHints":{"allow":["GET"]}}],"collection":[{"href":"https:\/\/mcazorla.com\/fr\/wp-json\/wp\/v2\/product"}],"about":[{"href":"https:\/\/mcazorla.com\/fr\/wp-json\/wp\/v2\/types\/product"}],"wp:featuredmedia":[{"embeddable":true,"href":"https:\/\/mcazorla.com\/fr\/wp-json\/wp\/v2\/media\/2821"}],"wp:attachment":[{"href":"https:\/\/mcazorla.com\/fr\/wp-json\/wp\/v2\/media?parent=3935"}],"wp:term":[{"taxonomy":"product_brand","embeddable":true,"href":"https:\/\/mcazorla.com\/fr\/wp-json\/wp\/v2\/product_brand?post=3935"},{"taxonomy":"product_cat","embeddable":true,"href":"https:\/\/mcazorla.com\/fr\/wp-json\/wp\/v2\/product_cat?post=3935"},{"taxonomy":"product_tag","embeddable":true,"href":"https:\/\/mcazorla.com\/fr\/wp-json\/wp\/v2\/product_tag?post=3935"}],"curies":[{"name":"wp","href":"https:\/\/api.w.org\/{rel}","templated":true}]}}