{"id":3943,"date":"2021-12-28T14:44:38","date_gmt":"2021-12-28T14:44:38","guid":{"rendered":"https:\/\/mcazorla.com\/producto\/yara-mila-complex\/"},"modified":"2022-02-23T15:06:22","modified_gmt":"2022-02-23T15:06:22","slug":"yara-mila-complex","status":"publish","type":"product","link":"https:\/\/mcazorla.com\/fr\/producte\/yara-mila-complex\/","title":{"rendered":"Yara Mila Complex"},"content":{"rendered":"<p>Composition:<\/p>\n<ul>\n<li>Azote total (N)\u00a0: 12\u00a0%<\/li>\n<li>Azote (N) nitrique\u00a0: 5\u00a0%<\/li>\n<li>Azote (N) ammoniacal\u00a0: 7\u00a0%<\/li>\n<li>Pentoxyde de phosphore (P2O5)\u00a0: 11\u00a0% (Soluble dans l&rsquo;eau et le Citrat Am\u00f2nic)<\/li>\n<li>Pentoxyde de phosphore (P2O5)\u00a0: 8\u00a0% (Soluble dans l&rsquo;eau)<\/li>\n<li>Oxyde de magn\u00e9sium total (MgO)\u00a0: 2,7\u00a0%<\/li>\n<li>Oxyde de potasse (K2O)\u00a0: 18\u00a0% (Soluble dans l&rsquo;eau)<\/li>\n<li>Trioxyde de Sofre (SO3)\u00a0: 20\u00a0% (Soluble dans l&rsquo;eau)<\/li>\n<li>Mangan\u00e8s (Mn)\u00a0: 0,02\u00a0% (Soluble dans l&rsquo;eau)<\/li>\n<li>Bor (B)\u00a0Total\u00a0: 0,015\u00a0%<\/li>\n<li>Ferro total (Fe)\u00a0: 0,2\u00a0%<\/li>\n<li>Zinc (Zn) total\u00a0: 0,02\u00a0%<\/li>\n<\/ul>\n","protected":false},"excerpt":{"rendered":"<p>YARA MILA COMPLEX apporte un amendement NPK \u00e9quilibr\u00e9, riche en \u00e9l\u00e9ments nutritives et tr\u00e8s faible contenu en Chlore. Sa rapide solubilit\u00e9 permet de l&rsquo;utiliser tant comme amendement de semaille comme de couverture. La proportion \u00e9quilibr\u00e9e d&rsquo;Azote Nitrique et Azote Ammoniacal, suit le d\u00e9v\u00e9loppement des plantes dans des diff\u00e9rentes phases. Son contenu en polyphosphates assure une assimilation de longue dur\u00e9e du Phosphore par les plantes. <\/p>\n<p style=\"text-align: center;\">\n","protected":false},"featured_media":2815,"template":"","meta":[],"product_brand":[],"product_cat":[181,188],"product_tag":[],"class_list":{"0":"post-3943","1":"product","2":"type-product","3":"status-publish","4":"has-post-thumbnail","6":"product_cat-engrais","7":"product_cat-engrais-speciaux","9":"first","10":"instock","11":"shipping-taxable","12":"product-type-simple"},"yoast_head":"<!-- This site is optimized with the Yoast SEO plugin v27.5 - https:\/\/yoast.com\/product\/yoast-seo-wordpress\/ -->\n<title>Yara Mila Complex - M. Cazorla<\/title>\n<meta name=\"robots\" content=\"index, follow, max-snippet:-1, max-image-preview:large, max-video-preview:-1\" \/>\n<link rel=\"canonical\" href=\"https:\/\/mcazorla.com\/fr\/producte\/yara-mila-complex\/\" \/>\n<meta property=\"og:locale\" content=\"fr_FR\" \/>\n<meta property=\"og:type\" content=\"article\" \/>\n<meta property=\"og:title\" content=\"Yara Mila Complex - M. Cazorla\" \/>\n<meta property=\"og:description\" content=\"YARA MILA COMPLEX apporte un amendement NPK \u00e9quilibr\u00e9, riche en \u00e9l\u00e9ments nutritives et tr\u00e8s faible contenu en Chlore. Sa rapide solubilit\u00e9 permet de l&#039;utiliser tant comme amendement de semaille comme de couverture. La proportion \u00e9quilibr\u00e9e d&#039;Azote Nitrique et Azote Ammoniacal, suit le d\u00e9v\u00e9loppement des plantes dans des diff\u00e9rentes phases. Son contenu en polyphosphates assure une assimilation de longue dur\u00e9e du Phosphore par les plantes.\" \/>\n<meta property=\"og:url\" content=\"https:\/\/mcazorla.com\/fr\/producte\/yara-mila-complex\/\" \/>\n<meta property=\"og:site_name\" content=\"M. Cazorla\" \/>\n<meta property=\"article:modified_time\" content=\"2022-02-23T15:06:22+00:00\" \/>\n<meta property=\"og:image\" content=\"https:\/\/mcazorla.com\/wp-content\/uploads\/2021\/12\/img-productes-yara-mila.jpg\" \/>\n\t<meta property=\"og:image:width\" content=\"500\" \/>\n\t<meta property=\"og:image:height\" content=\"500\" \/>\n\t<meta property=\"og:image:type\" content=\"image\/jpeg\" \/>\n<meta name=\"twitter:card\" content=\"summary_large_image\" \/>\n<meta name=\"twitter:label1\" content=\"Dur\u00e9e de lecture estim\u00e9e\" \/>\n\t<meta name=\"twitter:data1\" content=\"1 minute\" \/>\n<script type=\"application\/ld+json\" class=\"yoast-schema-graph\">{\"@context\":\"https:\\\/\\\/schema.org\",\"@graph\":[{\"@type\":\"WebPage\",\"@id\":\"https:\\\/\\\/mcazorla.com\\\/fr\\\/producte\\\/yara-mila-complex\\\/\",\"url\":\"https:\\\/\\\/mcazorla.com\\\/fr\\\/producte\\\/yara-mila-complex\\\/\",\"name\":\"Yara Mila Complex - M. Cazorla\",\"isPartOf\":{\"@id\":\"https:\\\/\\\/mcazorla.com\\\/#website\"},\"primaryImageOfPage\":{\"@id\":\"https:\\\/\\\/mcazorla.com\\\/fr\\\/producte\\\/yara-mila-complex\\\/#primaryimage\"},\"image\":{\"@id\":\"https:\\\/\\\/mcazorla.com\\\/fr\\\/producte\\\/yara-mila-complex\\\/#primaryimage\"},\"thumbnailUrl\":\"https:\\\/\\\/mcazorla.com\\\/wp-content\\\/uploads\\\/2021\\\/12\\\/img-productes-yara-mila.jpg\",\"datePublished\":\"2021-12-28T14:44:38+00:00\",\"dateModified\":\"2022-02-23T15:06:22+00:00\",\"breadcrumb\":{\"@id\":\"https:\\\/\\\/mcazorla.com\\\/fr\\\/producte\\\/yara-mila-complex\\\/#breadcrumb\"},\"inLanguage\":\"fr-FR\",\"potentialAction\":[{\"@type\":\"ReadAction\",\"target\":[\"https:\\\/\\\/mcazorla.com\\\/fr\\\/producte\\\/yara-mila-complex\\\/\"]}]},{\"@type\":\"ImageObject\",\"inLanguage\":\"fr-FR\",\"@id\":\"https:\\\/\\\/mcazorla.com\\\/fr\\\/producte\\\/yara-mila-complex\\\/#primaryimage\",\"url\":\"https:\\\/\\\/mcazorla.com\\\/wp-content\\\/uploads\\\/2021\\\/12\\\/img-productes-yara-mila.jpg\",\"contentUrl\":\"https:\\\/\\\/mcazorla.com\\\/wp-content\\\/uploads\\\/2021\\\/12\\\/img-productes-yara-mila.jpg\",\"width\":500,\"height\":500},{\"@type\":\"BreadcrumbList\",\"@id\":\"https:\\\/\\\/mcazorla.com\\\/fr\\\/producte\\\/yara-mila-complex\\\/#breadcrumb\",\"itemListElement\":[{\"@type\":\"ListItem\",\"position\":1,\"name\":\"Portada\",\"item\":\"https:\\\/\\\/mcazorla.com\\\/fr\\\/\"},{\"@type\":\"ListItem\",\"position\":2,\"name\":\"Productes\",\"item\":\"https:\\\/\\\/mcazorla.com\\\/productes\\\/\"},{\"@type\":\"ListItem\",\"position\":3,\"name\":\"Yara Mila Complex\"}]},{\"@type\":\"WebSite\",\"@id\":\"https:\\\/\\\/mcazorla.com\\\/#website\",\"url\":\"https:\\\/\\\/mcazorla.com\\\/\",\"name\":\"M. Cazorla\",\"description\":\"Comercialitzaci\u00f3 de llavors, fertilizants, adobs ,fitosanitaris i cereals.\",\"potentialAction\":[{\"@type\":\"SearchAction\",\"target\":{\"@type\":\"EntryPoint\",\"urlTemplate\":\"https:\\\/\\\/mcazorla.com\\\/?s={search_term_string}\"},\"query-input\":{\"@type\":\"PropertyValueSpecification\",\"valueRequired\":true,\"valueName\":\"search_term_string\"}}],\"inLanguage\":\"fr-FR\"}]}<\/script>\n<!-- \/ Yoast SEO plugin. -->","yoast_head_json":{"title":"Yara Mila Complex - M. Cazorla","robots":{"index":"index","follow":"follow","max-snippet":"max-snippet:-1","max-image-preview":"max-image-preview:large","max-video-preview":"max-video-preview:-1"},"canonical":"https:\/\/mcazorla.com\/fr\/producte\/yara-mila-complex\/","og_locale":"fr_FR","og_type":"article","og_title":"Yara Mila Complex - M. Cazorla","og_description":"YARA MILA COMPLEX apporte un amendement NPK \u00e9quilibr\u00e9, riche en \u00e9l\u00e9ments nutritives et tr\u00e8s faible contenu en Chlore. Sa rapide solubilit\u00e9 permet de l'utiliser tant comme amendement de semaille comme de couverture. La proportion \u00e9quilibr\u00e9e d'Azote Nitrique et Azote Ammoniacal, suit le d\u00e9v\u00e9loppement des plantes dans des diff\u00e9rentes phases. Son contenu en polyphosphates assure une assimilation de longue dur\u00e9e du Phosphore par les plantes.","og_url":"https:\/\/mcazorla.com\/fr\/producte\/yara-mila-complex\/","og_site_name":"M. Cazorla","article_modified_time":"2022-02-23T15:06:22+00:00","og_image":[{"width":500,"height":500,"url":"https:\/\/mcazorla.com\/wp-content\/uploads\/2021\/12\/img-productes-yara-mila.jpg","type":"image\/jpeg"}],"twitter_card":"summary_large_image","twitter_misc":{"Dur\u00e9e de lecture estim\u00e9e":"1 minute"},"schema":{"@context":"https:\/\/schema.org","@graph":[{"@type":"WebPage","@id":"https:\/\/mcazorla.com\/fr\/producte\/yara-mila-complex\/","url":"https:\/\/mcazorla.com\/fr\/producte\/yara-mila-complex\/","name":"Yara Mila Complex - M. Cazorla","isPartOf":{"@id":"https:\/\/mcazorla.com\/#website"},"primaryImageOfPage":{"@id":"https:\/\/mcazorla.com\/fr\/producte\/yara-mila-complex\/#primaryimage"},"image":{"@id":"https:\/\/mcazorla.com\/fr\/producte\/yara-mila-complex\/#primaryimage"},"thumbnailUrl":"https:\/\/mcazorla.com\/wp-content\/uploads\/2021\/12\/img-productes-yara-mila.jpg","datePublished":"2021-12-28T14:44:38+00:00","dateModified":"2022-02-23T15:06:22+00:00","breadcrumb":{"@id":"https:\/\/mcazorla.com\/fr\/producte\/yara-mila-complex\/#breadcrumb"},"inLanguage":"fr-FR","potentialAction":[{"@type":"ReadAction","target":["https:\/\/mcazorla.com\/fr\/producte\/yara-mila-complex\/"]}]},{"@type":"ImageObject","inLanguage":"fr-FR","@id":"https:\/\/mcazorla.com\/fr\/producte\/yara-mila-complex\/#primaryimage","url":"https:\/\/mcazorla.com\/wp-content\/uploads\/2021\/12\/img-productes-yara-mila.jpg","contentUrl":"https:\/\/mcazorla.com\/wp-content\/uploads\/2021\/12\/img-productes-yara-mila.jpg","width":500,"height":500},{"@type":"BreadcrumbList","@id":"https:\/\/mcazorla.com\/fr\/producte\/yara-mila-complex\/#breadcrumb","itemListElement":[{"@type":"ListItem","position":1,"name":"Portada","item":"https:\/\/mcazorla.com\/fr\/"},{"@type":"ListItem","position":2,"name":"Productes","item":"https:\/\/mcazorla.com\/productes\/"},{"@type":"ListItem","position":3,"name":"Yara Mila Complex"}]},{"@type":"WebSite","@id":"https:\/\/mcazorla.com\/#website","url":"https:\/\/mcazorla.com\/","name":"M. Cazorla","description":"Comercialitzaci\u00f3 de llavors, fertilizants, adobs ,fitosanitaris i cereals.","potentialAction":[{"@type":"SearchAction","target":{"@type":"EntryPoint","urlTemplate":"https:\/\/mcazorla.com\/?s={search_term_string}"},"query-input":{"@type":"PropertyValueSpecification","valueRequired":true,"valueName":"search_term_string"}}],"inLanguage":"fr-FR"}]}},"_links":{"self":[{"href":"https:\/\/mcazorla.com\/fr\/wp-json\/wp\/v2\/product\/3943","targetHints":{"allow":["GET"]}}],"collection":[{"href":"https:\/\/mcazorla.com\/fr\/wp-json\/wp\/v2\/product"}],"about":[{"href":"https:\/\/mcazorla.com\/fr\/wp-json\/wp\/v2\/types\/product"}],"wp:featuredmedia":[{"embeddable":true,"href":"https:\/\/mcazorla.com\/fr\/wp-json\/wp\/v2\/media\/2815"}],"wp:attachment":[{"href":"https:\/\/mcazorla.com\/fr\/wp-json\/wp\/v2\/media?parent=3943"}],"wp:term":[{"taxonomy":"product_brand","embeddable":true,"href":"https:\/\/mcazorla.com\/fr\/wp-json\/wp\/v2\/product_brand?post=3943"},{"taxonomy":"product_cat","embeddable":true,"href":"https:\/\/mcazorla.com\/fr\/wp-json\/wp\/v2\/product_cat?post=3943"},{"taxonomy":"product_tag","embeddable":true,"href":"https:\/\/mcazorla.com\/fr\/wp-json\/wp\/v2\/product_tag?post=3943"}],"curies":[{"name":"wp","href":"https:\/\/api.w.org\/{rel}","templated":true}]}}