{"id":3954,"date":"2021-12-28T14:39:42","date_gmt":"2021-12-28T14:39:42","guid":{"rendered":"https:\/\/mcazorla.com\/producto\/nergetic-18-8-6\/"},"modified":"2022-02-24T13:03:34","modified_gmt":"2022-02-24T13:03:34","slug":"nergetic-18-8-6","status":"publish","type":"product","link":"https:\/\/mcazorla.com\/fr\/producte\/nergetic-18-8-6\/","title":{"rendered":"NERGETIC 18-8-6"},"content":{"rendered":"<p>Composition:<\/p>\n<ul>\n<li>Azote nitrique: 2,5\u00a0%<\/li>\n<li>Azote ammoniacal: 15,5\u00a0%<\/li>\n<li>Oxyde de phosphore: 8\u00a0%<\/li>\n<li>Oxyde de potassium: 6\u00a0% + Soufre: 25\u00a0%<\/li>\n<\/ul>\n","protected":false},"excerpt":{"rendered":"<p>Engrais avec tecnologie moleculaire exclusive et protection sp\u00e9ciale, qui permet la lib\u00e9ration graduelle des nutriments pendant un longue periode de temps, suite aux besoins des plantes. Il inhibe la volatilisation de l&rsquo;azote et aide \u00e0 rendre un excellent d\u00e9v\u00e9loppement radiculaire et  v\u00e9g\u00e9tatif des cultures.<\/p>\n<table border=\"1\" cellspacing=\"0\" cellpadding=\"0\" align=\"left\">\n<tbody>\n<tr>\n<td valign=\"top\" width=\"225\">\n<p align=\"center\"><strong>CULTURE<\/strong><\/p>\n<\/td>\n<td valign=\"top\" width=\"283\">\n<p align=\"center\"><strong>DOSE (Kg\/Ha)<\/strong><\/p>\n<\/td>\n<\/tr>\n<tr>\n<td valign=\"top\" width=\"225\">\n<p style=\"text-align: center;\">Riz<\/p>\n<\/td>\n<td valign=\"top\" width=\"283\">\n<p align=\"center\">**<\/p>\n<\/td>\n<\/tr>\n<tr>\n<td valign=\"top\" width=\"225\">\n<p style=\"text-align: center;\">C\u00e9r\u00e9ales (Hiver-\u00e9t\u00e9)<\/p>\n<\/td>\n<td valign=\"top\" width=\"283\">\n<p align=\"center\">400-750<\/p>\n<\/td>\n<\/tr>\n<tr>\n<td valign=\"top\" width=\"225\">\n<p style=\"text-align: center;\">Ma\u00efs<\/p>\n<\/td>\n<td valign=\"top\" width=\"283\">\n<p align=\"center\">650-1450<\/p>\n<\/td>\n<\/tr>\n<tr>\n<td valign=\"top\" width=\"225\">\n<p style=\"text-align: center;\">Fourrage<\/p>\n<\/td>\n<td valign=\"top\" width=\"283\">\n<p align=\"center\">450-600<\/p>\n<\/td>\n<\/tr>\n<tr>\n<td valign=\"top\" width=\"225\">\n<p style=\"text-align: center;\">Pomme de terre<\/p>\n<\/td>\n<td valign=\"top\" width=\"283\">\n<p align=\"center\">800-1150<\/p>\n<\/td>\n<\/tr>\n<tr>\n<td valign=\"top\" width=\"225\">\n<p style=\"text-align: center;\">Verger g\u00e9n\u00e9ral<\/p>\n<\/td>\n<td valign=\"top\" width=\"283\">\n<p align=\"center\">550-1100<\/p>\n<\/td>\n<\/tr>\n<tr>\n<td valign=\"top\" width=\"225\">\n<p style=\"text-align: center;\">Olives<\/p>\n<\/td>\n<td valign=\"top\" width=\"283\">\n<p align=\"center\">250-450<\/p>\n<\/td>\n<\/tr>\n<tr>\n<td valign=\"top\" width=\"225\">\n<p style=\"text-align: center;\">Arbres fruitiers<\/p>\n<\/td>\n<td valign=\"top\" width=\"283\">\n<p align=\"center\">350-450<\/p>\n<\/td>\n<\/tr>\n<tr>\n<td valign=\"top\" width=\"225\">\n<p style=\"text-align: center;\">Vignoble<\/p>\n<\/td>\n<td valign=\"top\" width=\"283\">\n<p align=\"center\">150-300<\/p>\n<\/td>\n<\/tr>\n<tr>\n<td valign=\"top\" width=\"225\">\n<p style=\"text-align: center;\">Ma\u00efs (Fourrage-silo)<\/p>\n<\/td>\n<td valign=\"top\" width=\"283\">\n<p align=\"center\">450-650<\/p>\n<\/td>\n<\/tr>\n<\/tbody>\n<\/table>\n<p style=\"text-align: center;\">\n","protected":false},"featured_media":3967,"template":"","meta":[],"product_brand":[],"product_cat":[181,187],"product_tag":[],"class_list":{"0":"post-3954","1":"product","2":"type-product","3":"status-publish","4":"has-post-thumbnail","6":"product_cat-engrais","7":"product_cat-engrais-de-liberation-lente","9":"first","10":"instock","11":"shipping-taxable","12":"product-type-simple"},"yoast_head":"<!-- This site is optimized with the Yoast SEO plugin v27.3 - https:\/\/yoast.com\/product\/yoast-seo-wordpress\/ -->\n<title>NERGETIC 18-8-6 - M. Cazorla<\/title>\n<meta name=\"robots\" content=\"index, follow, max-snippet:-1, max-image-preview:large, max-video-preview:-1\" \/>\n<link rel=\"canonical\" href=\"https:\/\/mcazorla.com\/fr\/producte\/nergetic-18-8-6\/\" \/>\n<meta property=\"og:locale\" content=\"fr_FR\" \/>\n<meta property=\"og:type\" content=\"article\" \/>\n<meta property=\"og:title\" content=\"NERGETIC 18-8-6 - M. Cazorla\" \/>\n<meta property=\"og:description\" content=\"Engrais avec tecnologie moleculaire exclusive et protection sp\u00e9ciale, qui permet la lib\u00e9ration graduelle des nutriments pendant un longue periode de temps, suite aux besoins des plantes. Il inhibe la volatilisation de l&#039;azote et aide \u00e0 rendre un excellent d\u00e9v\u00e9loppement radiculaire et v\u00e9g\u00e9tatif des cultures.     CULTURE   DOSE (Kg\/Ha)     Riz   **     C\u00e9r\u00e9ales (Hiver-\u00e9t\u00e9)   400-750     Ma\u00efs   650-1450     Fourrage   450-600     Pomme de terre   800-1150     Verger g\u00e9n\u00e9ral   550-1100     Olives   250-450     Arbres fruitiers   350-450     Vignoble   150-300     Ma\u00efs (Fourrage-silo)   450-650\" \/>\n<meta property=\"og:url\" content=\"https:\/\/mcazorla.com\/fr\/producte\/nergetic-18-8-6\/\" \/>\n<meta property=\"og:site_name\" content=\"M. Cazorla\" \/>\n<meta property=\"article:modified_time\" content=\"2022-02-24T13:03:34+00:00\" \/>\n<meta property=\"og:image\" content=\"https:\/\/mcazorla.com\/wp-content\/uploads\/2021\/12\/img-productes-no-producte.jpg\" \/>\n\t<meta property=\"og:image:width\" content=\"500\" \/>\n\t<meta property=\"og:image:height\" content=\"386\" \/>\n\t<meta property=\"og:image:type\" content=\"image\/jpeg\" \/>\n<meta name=\"twitter:card\" content=\"summary_large_image\" \/>\n<meta name=\"twitter:label1\" content=\"Dur\u00e9e de lecture estim\u00e9e\" \/>\n\t<meta name=\"twitter:data1\" content=\"1 minute\" \/>\n<script type=\"application\/ld+json\" class=\"yoast-schema-graph\">{\"@context\":\"https:\\\/\\\/schema.org\",\"@graph\":[{\"@type\":\"WebPage\",\"@id\":\"https:\\\/\\\/mcazorla.com\\\/fr\\\/producte\\\/nergetic-18-8-6\\\/\",\"url\":\"https:\\\/\\\/mcazorla.com\\\/fr\\\/producte\\\/nergetic-18-8-6\\\/\",\"name\":\"NERGETIC 18-8-6 - M. Cazorla\",\"isPartOf\":{\"@id\":\"https:\\\/\\\/mcazorla.com\\\/#website\"},\"primaryImageOfPage\":{\"@id\":\"https:\\\/\\\/mcazorla.com\\\/fr\\\/producte\\\/nergetic-18-8-6\\\/#primaryimage\"},\"image\":{\"@id\":\"https:\\\/\\\/mcazorla.com\\\/fr\\\/producte\\\/nergetic-18-8-6\\\/#primaryimage\"},\"thumbnailUrl\":\"https:\\\/\\\/mcazorla.com\\\/wp-content\\\/uploads\\\/2021\\\/12\\\/img-productes-no-producte.jpg\",\"datePublished\":\"2021-12-28T14:39:42+00:00\",\"dateModified\":\"2022-02-24T13:03:34+00:00\",\"breadcrumb\":{\"@id\":\"https:\\\/\\\/mcazorla.com\\\/fr\\\/producte\\\/nergetic-18-8-6\\\/#breadcrumb\"},\"inLanguage\":\"fr-FR\",\"potentialAction\":[{\"@type\":\"ReadAction\",\"target\":[\"https:\\\/\\\/mcazorla.com\\\/fr\\\/producte\\\/nergetic-18-8-6\\\/\"]}]},{\"@type\":\"ImageObject\",\"inLanguage\":\"fr-FR\",\"@id\":\"https:\\\/\\\/mcazorla.com\\\/fr\\\/producte\\\/nergetic-18-8-6\\\/#primaryimage\",\"url\":\"https:\\\/\\\/mcazorla.com\\\/wp-content\\\/uploads\\\/2021\\\/12\\\/img-productes-no-producte.jpg\",\"contentUrl\":\"https:\\\/\\\/mcazorla.com\\\/wp-content\\\/uploads\\\/2021\\\/12\\\/img-productes-no-producte.jpg\",\"width\":500,\"height\":386},{\"@type\":\"BreadcrumbList\",\"@id\":\"https:\\\/\\\/mcazorla.com\\\/fr\\\/producte\\\/nergetic-18-8-6\\\/#breadcrumb\",\"itemListElement\":[{\"@type\":\"ListItem\",\"position\":1,\"name\":\"Portada\",\"item\":\"https:\\\/\\\/mcazorla.com\\\/fr\\\/\"},{\"@type\":\"ListItem\",\"position\":2,\"name\":\"Productes\",\"item\":\"https:\\\/\\\/mcazorla.com\\\/productes\\\/\"},{\"@type\":\"ListItem\",\"position\":3,\"name\":\"NERGETIC 18-8-6\"}]},{\"@type\":\"WebSite\",\"@id\":\"https:\\\/\\\/mcazorla.com\\\/#website\",\"url\":\"https:\\\/\\\/mcazorla.com\\\/\",\"name\":\"M. Cazorla\",\"description\":\"Comercialitzaci\u00f3 de llavors, fertilizants, adobs ,fitosanitaris i cereals.\",\"potentialAction\":[{\"@type\":\"SearchAction\",\"target\":{\"@type\":\"EntryPoint\",\"urlTemplate\":\"https:\\\/\\\/mcazorla.com\\\/?s={search_term_string}\"},\"query-input\":{\"@type\":\"PropertyValueSpecification\",\"valueRequired\":true,\"valueName\":\"search_term_string\"}}],\"inLanguage\":\"fr-FR\"}]}<\/script>\n<!-- \/ Yoast SEO plugin. -->","yoast_head_json":{"title":"NERGETIC 18-8-6 - M. Cazorla","robots":{"index":"index","follow":"follow","max-snippet":"max-snippet:-1","max-image-preview":"max-image-preview:large","max-video-preview":"max-video-preview:-1"},"canonical":"https:\/\/mcazorla.com\/fr\/producte\/nergetic-18-8-6\/","og_locale":"fr_FR","og_type":"article","og_title":"NERGETIC 18-8-6 - M. Cazorla","og_description":"Engrais avec tecnologie moleculaire exclusive et protection sp\u00e9ciale, qui permet la lib\u00e9ration graduelle des nutriments pendant un longue periode de temps, suite aux besoins des plantes. Il inhibe la volatilisation de l'azote et aide \u00e0 rendre un excellent d\u00e9v\u00e9loppement radiculaire et v\u00e9g\u00e9tatif des cultures.     CULTURE   DOSE (Kg\/Ha)     Riz   **     C\u00e9r\u00e9ales (Hiver-\u00e9t\u00e9)   400-750     Ma\u00efs   650-1450     Fourrage   450-600     Pomme de terre   800-1150     Verger g\u00e9n\u00e9ral   550-1100     Olives   250-450     Arbres fruitiers   350-450     Vignoble   150-300     Ma\u00efs (Fourrage-silo)   450-650","og_url":"https:\/\/mcazorla.com\/fr\/producte\/nergetic-18-8-6\/","og_site_name":"M. Cazorla","article_modified_time":"2022-02-24T13:03:34+00:00","og_image":[{"width":500,"height":386,"url":"https:\/\/mcazorla.com\/wp-content\/uploads\/2021\/12\/img-productes-no-producte.jpg","type":"image\/jpeg"}],"twitter_card":"summary_large_image","twitter_misc":{"Dur\u00e9e de lecture estim\u00e9e":"1 minute"},"schema":{"@context":"https:\/\/schema.org","@graph":[{"@type":"WebPage","@id":"https:\/\/mcazorla.com\/fr\/producte\/nergetic-18-8-6\/","url":"https:\/\/mcazorla.com\/fr\/producte\/nergetic-18-8-6\/","name":"NERGETIC 18-8-6 - M. Cazorla","isPartOf":{"@id":"https:\/\/mcazorla.com\/#website"},"primaryImageOfPage":{"@id":"https:\/\/mcazorla.com\/fr\/producte\/nergetic-18-8-6\/#primaryimage"},"image":{"@id":"https:\/\/mcazorla.com\/fr\/producte\/nergetic-18-8-6\/#primaryimage"},"thumbnailUrl":"https:\/\/mcazorla.com\/wp-content\/uploads\/2021\/12\/img-productes-no-producte.jpg","datePublished":"2021-12-28T14:39:42+00:00","dateModified":"2022-02-24T13:03:34+00:00","breadcrumb":{"@id":"https:\/\/mcazorla.com\/fr\/producte\/nergetic-18-8-6\/#breadcrumb"},"inLanguage":"fr-FR","potentialAction":[{"@type":"ReadAction","target":["https:\/\/mcazorla.com\/fr\/producte\/nergetic-18-8-6\/"]}]},{"@type":"ImageObject","inLanguage":"fr-FR","@id":"https:\/\/mcazorla.com\/fr\/producte\/nergetic-18-8-6\/#primaryimage","url":"https:\/\/mcazorla.com\/wp-content\/uploads\/2021\/12\/img-productes-no-producte.jpg","contentUrl":"https:\/\/mcazorla.com\/wp-content\/uploads\/2021\/12\/img-productes-no-producte.jpg","width":500,"height":386},{"@type":"BreadcrumbList","@id":"https:\/\/mcazorla.com\/fr\/producte\/nergetic-18-8-6\/#breadcrumb","itemListElement":[{"@type":"ListItem","position":1,"name":"Portada","item":"https:\/\/mcazorla.com\/fr\/"},{"@type":"ListItem","position":2,"name":"Productes","item":"https:\/\/mcazorla.com\/productes\/"},{"@type":"ListItem","position":3,"name":"NERGETIC 18-8-6"}]},{"@type":"WebSite","@id":"https:\/\/mcazorla.com\/#website","url":"https:\/\/mcazorla.com\/","name":"M. Cazorla","description":"Comercialitzaci\u00f3 de llavors, fertilizants, adobs ,fitosanitaris i cereals.","potentialAction":[{"@type":"SearchAction","target":{"@type":"EntryPoint","urlTemplate":"https:\/\/mcazorla.com\/?s={search_term_string}"},"query-input":{"@type":"PropertyValueSpecification","valueRequired":true,"valueName":"search_term_string"}}],"inLanguage":"fr-FR"}]}},"_links":{"self":[{"href":"https:\/\/mcazorla.com\/fr\/wp-json\/wp\/v2\/product\/3954","targetHints":{"allow":["GET"]}}],"collection":[{"href":"https:\/\/mcazorla.com\/fr\/wp-json\/wp\/v2\/product"}],"about":[{"href":"https:\/\/mcazorla.com\/fr\/wp-json\/wp\/v2\/types\/product"}],"wp:featuredmedia":[{"embeddable":true,"href":"https:\/\/mcazorla.com\/fr\/wp-json\/wp\/v2\/media\/3967"}],"wp:attachment":[{"href":"https:\/\/mcazorla.com\/fr\/wp-json\/wp\/v2\/media?parent=3954"}],"wp:term":[{"taxonomy":"product_brand","embeddable":true,"href":"https:\/\/mcazorla.com\/fr\/wp-json\/wp\/v2\/product_brand?post=3954"},{"taxonomy":"product_cat","embeddable":true,"href":"https:\/\/mcazorla.com\/fr\/wp-json\/wp\/v2\/product_cat?post=3954"},{"taxonomy":"product_tag","embeddable":true,"href":"https:\/\/mcazorla.com\/fr\/wp-json\/wp\/v2\/product_tag?post=3954"}],"curies":[{"name":"wp","href":"https:\/\/api.w.org\/{rel}","templated":true}]}}