{"id":3970,"date":"2021-12-28T14:22:46","date_gmt":"2021-12-28T14:22:46","guid":{"rendered":"https:\/\/mcazorla.com\/producto\/nergetic-25-5-0\/"},"modified":"2022-02-24T13:48:18","modified_gmt":"2022-02-24T13:48:18","slug":"nergetic-25-5-0","status":"publish","type":"product","link":"https:\/\/mcazorla.com\/fr\/producte\/nergetic-25-5-0\/","title":{"rendered":"NERGETIC 25-5-0"},"content":{"rendered":"<p>Composition:<\/p>\n<ul>\n<li>Azote total\u00a0: 25\u00a0%<\/li>\n<li>Oxyde de phosphore\u00a0: 5\u00a0%<\/li>\n<li>Oxyde de potassium (K2O)\u00a0: 0\u00a0%<\/li>\n<li>Trioxyde de soufre (SO3)\u00a0: 15\u00a0%<\/li>\n<\/ul>\n","protected":false},"excerpt":{"rendered":"<p>Engrais de lib\u00e9ration lente, avec une protection des nutriments pendant quelques semaines apr\u00e8s l&rsquo;application, en cr\u00e9ant une lib\u00e9ration graduelle au rythme des besoins de la plante. Am\u00e9liorement des r\u00e9sultats par rapport aux inhibiteurs traditionels de la nitrification. Excellent d\u00e9veloppement radiculaire et v\u00e9g\u00e9tatif des cultures. <\/p>\n<table border=\"1\" cellspacing=\"0\" cellpadding=\"0\" align=\"left\">\n<tbody>\n<tr>\n<td valign=\"top\" width=\"225\">\n<p align=\"center\"><strong>CULTURE<\/strong><\/p>\n<\/td>\n<td valign=\"top\" width=\"283\">\n<p align=\"center\"><strong>DOSE ( Kg\/Ha )<\/strong><\/p>\n<\/td>\n<\/tr>\n<tr>\n<td style=\"text-align: center;\" valign=\"top\" width=\"225\">Riz<\/td>\n<td valign=\"top\" width=\"283\">\n<p align=\"center\">200-300<\/p>\n<\/td>\n<\/tr>\n<tr>\n<td style=\"text-align: center;\" valign=\"top\" width=\"225\">C\u00e9r\u00e9ales (Hiver-\u00e9t\u00e9)<\/td>\n<td valign=\"top\" width=\"283\">\n<p align=\"center\">350-450<\/p>\n<\/td>\n<\/tr>\n<tr>\n<td style=\"text-align: center;\" valign=\"top\" width=\"225\">Ma\u00efs<\/td>\n<td valign=\"top\" width=\"283\">\n<p align=\"center\">400-750<\/p>\n<\/td>\n<\/tr>\n<tr>\n<td style=\"text-align: center;\" valign=\"top\" width=\"225\">Fourrage<\/td>\n<td valign=\"top\" width=\"283\">\n<p align=\"center\">200-300<\/p>\n<\/td>\n<\/tr>\n<tr>\n<td style=\"text-align: center;\" valign=\"top\" width=\"225\">Pomme de terre<\/td>\n<td valign=\"top\" width=\"283\">\n<p align=\"center\">200-300<\/p>\n<\/td>\n<\/tr>\n<tr>\n<td style=\"text-align: center;\" valign=\"top\" width=\"225\">Verger g\u00e9n\u00e9ral<\/td>\n<td valign=\"top\" width=\"283\">\n<p align=\"center\">150-400<\/p>\n<\/td>\n<\/tr>\n<tr>\n<td style=\"text-align: center;\" valign=\"top\" width=\"225\">Olives<\/td>\n<td valign=\"top\" width=\"283\">\n<p align=\"center\">150-350<\/p>\n<\/td>\n<\/tr>\n<tr>\n<td style=\"text-align: center;\" valign=\"top\" width=\"225\">Arbres fruitiers<\/td>\n<td valign=\"top\" width=\"283\">\n<p align=\"center\">100-350<\/p>\n<\/td>\n<\/tr>\n<tr>\n<td style=\"text-align: center;\" valign=\"top\" width=\"225\">Vigne<\/td>\n<td valign=\"top\" width=\"283\">\n<p align=\"center\">150-200<\/p>\n<\/td>\n<\/tr>\n<\/tbody>\n<\/table>\n<p>&nbsp;<\/p>\n","protected":false},"featured_media":3967,"template":"","meta":[],"product_brand":[],"product_cat":[181,187],"product_tag":[],"class_list":{"0":"post-3970","1":"product","2":"type-product","3":"status-publish","4":"has-post-thumbnail","6":"product_cat-engrais","7":"product_cat-engrais-de-liberation-lente","9":"first","10":"instock","11":"shipping-taxable","12":"product-type-simple"},"yoast_head":"<!-- This site is optimized with the Yoast SEO plugin v27.3 - https:\/\/yoast.com\/product\/yoast-seo-wordpress\/ -->\n<title>NERGETIC 25-5-0 - M. Cazorla<\/title>\n<meta name=\"robots\" content=\"index, follow, max-snippet:-1, max-image-preview:large, max-video-preview:-1\" \/>\n<link rel=\"canonical\" href=\"https:\/\/mcazorla.com\/fr\/producte\/nergetic-25-5-0\/\" \/>\n<meta property=\"og:locale\" content=\"fr_FR\" \/>\n<meta property=\"og:type\" content=\"article\" \/>\n<meta property=\"og:title\" content=\"NERGETIC 25-5-0 - M. Cazorla\" \/>\n<meta property=\"og:description\" content=\"Engrais de lib\u00e9ration lente, avec une protection des nutriments pendant quelques semaines apr\u00e8s l&#039;application, en cr\u00e9ant une lib\u00e9ration graduelle au rythme des besoins de la plante. Am\u00e9liorement des r\u00e9sultats par rapport aux inhibiteurs traditionels de la nitrification. Excellent d\u00e9veloppement radiculaire et v\u00e9g\u00e9tatif des cultures.      CULTURE   DOSE ( Kg\/Ha )    Riz  200-300    C\u00e9r\u00e9ales (Hiver-\u00e9t\u00e9)  350-450    Ma\u00efs  400-750    Fourrage  200-300    Pomme de terre  200-300    Verger g\u00e9n\u00e9ral  150-400    Olives  150-350    Arbres fruitiers  100-350    Vigne  150-200     &nbsp;\" \/>\n<meta property=\"og:url\" content=\"https:\/\/mcazorla.com\/fr\/producte\/nergetic-25-5-0\/\" \/>\n<meta property=\"og:site_name\" content=\"M. Cazorla\" \/>\n<meta property=\"article:modified_time\" content=\"2022-02-24T13:48:18+00:00\" \/>\n<meta property=\"og:image\" content=\"https:\/\/mcazorla.com\/wp-content\/uploads\/2021\/12\/img-productes-no-producte.jpg\" \/>\n\t<meta property=\"og:image:width\" content=\"500\" \/>\n\t<meta property=\"og:image:height\" content=\"386\" \/>\n\t<meta property=\"og:image:type\" content=\"image\/jpeg\" \/>\n<meta name=\"twitter:card\" content=\"summary_large_image\" \/>\n<meta name=\"twitter:label1\" content=\"Dur\u00e9e de lecture estim\u00e9e\" \/>\n\t<meta name=\"twitter:data1\" content=\"1 minute\" \/>\n<script type=\"application\/ld+json\" class=\"yoast-schema-graph\">{\"@context\":\"https:\\\/\\\/schema.org\",\"@graph\":[{\"@type\":\"WebPage\",\"@id\":\"https:\\\/\\\/mcazorla.com\\\/fr\\\/producte\\\/nergetic-25-5-0\\\/\",\"url\":\"https:\\\/\\\/mcazorla.com\\\/fr\\\/producte\\\/nergetic-25-5-0\\\/\",\"name\":\"NERGETIC 25-5-0 - M. Cazorla\",\"isPartOf\":{\"@id\":\"https:\\\/\\\/mcazorla.com\\\/#website\"},\"primaryImageOfPage\":{\"@id\":\"https:\\\/\\\/mcazorla.com\\\/fr\\\/producte\\\/nergetic-25-5-0\\\/#primaryimage\"},\"image\":{\"@id\":\"https:\\\/\\\/mcazorla.com\\\/fr\\\/producte\\\/nergetic-25-5-0\\\/#primaryimage\"},\"thumbnailUrl\":\"https:\\\/\\\/mcazorla.com\\\/wp-content\\\/uploads\\\/2021\\\/12\\\/img-productes-no-producte.jpg\",\"datePublished\":\"2021-12-28T14:22:46+00:00\",\"dateModified\":\"2022-02-24T13:48:18+00:00\",\"breadcrumb\":{\"@id\":\"https:\\\/\\\/mcazorla.com\\\/fr\\\/producte\\\/nergetic-25-5-0\\\/#breadcrumb\"},\"inLanguage\":\"fr-FR\",\"potentialAction\":[{\"@type\":\"ReadAction\",\"target\":[\"https:\\\/\\\/mcazorla.com\\\/fr\\\/producte\\\/nergetic-25-5-0\\\/\"]}]},{\"@type\":\"ImageObject\",\"inLanguage\":\"fr-FR\",\"@id\":\"https:\\\/\\\/mcazorla.com\\\/fr\\\/producte\\\/nergetic-25-5-0\\\/#primaryimage\",\"url\":\"https:\\\/\\\/mcazorla.com\\\/wp-content\\\/uploads\\\/2021\\\/12\\\/img-productes-no-producte.jpg\",\"contentUrl\":\"https:\\\/\\\/mcazorla.com\\\/wp-content\\\/uploads\\\/2021\\\/12\\\/img-productes-no-producte.jpg\",\"width\":500,\"height\":386},{\"@type\":\"BreadcrumbList\",\"@id\":\"https:\\\/\\\/mcazorla.com\\\/fr\\\/producte\\\/nergetic-25-5-0\\\/#breadcrumb\",\"itemListElement\":[{\"@type\":\"ListItem\",\"position\":1,\"name\":\"Portada\",\"item\":\"https:\\\/\\\/mcazorla.com\\\/fr\\\/\"},{\"@type\":\"ListItem\",\"position\":2,\"name\":\"Productes\",\"item\":\"https:\\\/\\\/mcazorla.com\\\/productes\\\/\"},{\"@type\":\"ListItem\",\"position\":3,\"name\":\"NERGETIC 25-5-0\"}]},{\"@type\":\"WebSite\",\"@id\":\"https:\\\/\\\/mcazorla.com\\\/#website\",\"url\":\"https:\\\/\\\/mcazorla.com\\\/\",\"name\":\"M. Cazorla\",\"description\":\"Comercialitzaci\u00f3 de llavors, fertilizants, adobs ,fitosanitaris i cereals.\",\"potentialAction\":[{\"@type\":\"SearchAction\",\"target\":{\"@type\":\"EntryPoint\",\"urlTemplate\":\"https:\\\/\\\/mcazorla.com\\\/?s={search_term_string}\"},\"query-input\":{\"@type\":\"PropertyValueSpecification\",\"valueRequired\":true,\"valueName\":\"search_term_string\"}}],\"inLanguage\":\"fr-FR\"}]}<\/script>\n<!-- \/ Yoast SEO plugin. -->","yoast_head_json":{"title":"NERGETIC 25-5-0 - M. Cazorla","robots":{"index":"index","follow":"follow","max-snippet":"max-snippet:-1","max-image-preview":"max-image-preview:large","max-video-preview":"max-video-preview:-1"},"canonical":"https:\/\/mcazorla.com\/fr\/producte\/nergetic-25-5-0\/","og_locale":"fr_FR","og_type":"article","og_title":"NERGETIC 25-5-0 - M. Cazorla","og_description":"Engrais de lib\u00e9ration lente, avec une protection des nutriments pendant quelques semaines apr\u00e8s l'application, en cr\u00e9ant une lib\u00e9ration graduelle au rythme des besoins de la plante. Am\u00e9liorement des r\u00e9sultats par rapport aux inhibiteurs traditionels de la nitrification. Excellent d\u00e9veloppement radiculaire et v\u00e9g\u00e9tatif des cultures.      CULTURE   DOSE ( Kg\/Ha )    Riz  200-300    C\u00e9r\u00e9ales (Hiver-\u00e9t\u00e9)  350-450    Ma\u00efs  400-750    Fourrage  200-300    Pomme de terre  200-300    Verger g\u00e9n\u00e9ral  150-400    Olives  150-350    Arbres fruitiers  100-350    Vigne  150-200     &nbsp;","og_url":"https:\/\/mcazorla.com\/fr\/producte\/nergetic-25-5-0\/","og_site_name":"M. Cazorla","article_modified_time":"2022-02-24T13:48:18+00:00","og_image":[{"width":500,"height":386,"url":"https:\/\/mcazorla.com\/wp-content\/uploads\/2021\/12\/img-productes-no-producte.jpg","type":"image\/jpeg"}],"twitter_card":"summary_large_image","twitter_misc":{"Dur\u00e9e de lecture estim\u00e9e":"1 minute"},"schema":{"@context":"https:\/\/schema.org","@graph":[{"@type":"WebPage","@id":"https:\/\/mcazorla.com\/fr\/producte\/nergetic-25-5-0\/","url":"https:\/\/mcazorla.com\/fr\/producte\/nergetic-25-5-0\/","name":"NERGETIC 25-5-0 - M. Cazorla","isPartOf":{"@id":"https:\/\/mcazorla.com\/#website"},"primaryImageOfPage":{"@id":"https:\/\/mcazorla.com\/fr\/producte\/nergetic-25-5-0\/#primaryimage"},"image":{"@id":"https:\/\/mcazorla.com\/fr\/producte\/nergetic-25-5-0\/#primaryimage"},"thumbnailUrl":"https:\/\/mcazorla.com\/wp-content\/uploads\/2021\/12\/img-productes-no-producte.jpg","datePublished":"2021-12-28T14:22:46+00:00","dateModified":"2022-02-24T13:48:18+00:00","breadcrumb":{"@id":"https:\/\/mcazorla.com\/fr\/producte\/nergetic-25-5-0\/#breadcrumb"},"inLanguage":"fr-FR","potentialAction":[{"@type":"ReadAction","target":["https:\/\/mcazorla.com\/fr\/producte\/nergetic-25-5-0\/"]}]},{"@type":"ImageObject","inLanguage":"fr-FR","@id":"https:\/\/mcazorla.com\/fr\/producte\/nergetic-25-5-0\/#primaryimage","url":"https:\/\/mcazorla.com\/wp-content\/uploads\/2021\/12\/img-productes-no-producte.jpg","contentUrl":"https:\/\/mcazorla.com\/wp-content\/uploads\/2021\/12\/img-productes-no-producte.jpg","width":500,"height":386},{"@type":"BreadcrumbList","@id":"https:\/\/mcazorla.com\/fr\/producte\/nergetic-25-5-0\/#breadcrumb","itemListElement":[{"@type":"ListItem","position":1,"name":"Portada","item":"https:\/\/mcazorla.com\/fr\/"},{"@type":"ListItem","position":2,"name":"Productes","item":"https:\/\/mcazorla.com\/productes\/"},{"@type":"ListItem","position":3,"name":"NERGETIC 25-5-0"}]},{"@type":"WebSite","@id":"https:\/\/mcazorla.com\/#website","url":"https:\/\/mcazorla.com\/","name":"M. Cazorla","description":"Comercialitzaci\u00f3 de llavors, fertilizants, adobs ,fitosanitaris i cereals.","potentialAction":[{"@type":"SearchAction","target":{"@type":"EntryPoint","urlTemplate":"https:\/\/mcazorla.com\/?s={search_term_string}"},"query-input":{"@type":"PropertyValueSpecification","valueRequired":true,"valueName":"search_term_string"}}],"inLanguage":"fr-FR"}]}},"_links":{"self":[{"href":"https:\/\/mcazorla.com\/fr\/wp-json\/wp\/v2\/product\/3970","targetHints":{"allow":["GET"]}}],"collection":[{"href":"https:\/\/mcazorla.com\/fr\/wp-json\/wp\/v2\/product"}],"about":[{"href":"https:\/\/mcazorla.com\/fr\/wp-json\/wp\/v2\/types\/product"}],"wp:featuredmedia":[{"embeddable":true,"href":"https:\/\/mcazorla.com\/fr\/wp-json\/wp\/v2\/media\/3967"}],"wp:attachment":[{"href":"https:\/\/mcazorla.com\/fr\/wp-json\/wp\/v2\/media?parent=3970"}],"wp:term":[{"taxonomy":"product_brand","embeddable":true,"href":"https:\/\/mcazorla.com\/fr\/wp-json\/wp\/v2\/product_brand?post=3970"},{"taxonomy":"product_cat","embeddable":true,"href":"https:\/\/mcazorla.com\/fr\/wp-json\/wp\/v2\/product_cat?post=3970"},{"taxonomy":"product_tag","embeddable":true,"href":"https:\/\/mcazorla.com\/fr\/wp-json\/wp\/v2\/product_tag?post=3970"}],"curies":[{"name":"wp","href":"https:\/\/api.w.org\/{rel}","templated":true}]}}