{"id":3975,"date":"2021-12-28T14:20:52","date_gmt":"2021-12-28T14:20:52","guid":{"rendered":"https:\/\/mcazorla.com\/producto\/adobs-amicot\/"},"modified":"2022-02-24T13:51:27","modified_gmt":"2022-02-24T13:51:27","slug":"adobs-amicot","status":"publish","type":"product","link":"https:\/\/mcazorla.com\/fr\/producte\/adobs-amicot\/","title":{"rendered":"Adobs Amicot"},"content":{"rendered":"","protected":false},"excerpt":{"rendered":"<p>La gamme d&rsquo;engrais AMICOT, present\u00e9e sous plusieurs formulations, ont des m\u00e9tabolites de microorganismes b\u00e9n\u00e9ficiaux, qui sont biomol\u00e9cules et compost provenant de l&rsquo;activit\u00e9 m\u00e9tabolique des microorganismes du sol, b\u00e9n\u00e9ficiaux pour les plantes. Ils sont compost d&rsquo;haute valeur biologique dont les plus importantes sont les acides organiques, enzymes, acides amin\u00e9s, prot\u00e9ines, phytohormones, micronutriments complexes et polysaccarides activeurs de l&rsquo;action microbienne. <\/p>\n<p>Parmi les principales avantages pour les plantes, on trouve un plus haut d\u00e9v\u00e9loppement radiculaire et v\u00e9g\u00e9tatif de la culture, le profitement massif des nutriments du sol et des engrais et una plus haute r\u00e9sistance face au stress hydrique.<\/p>\n","protected":false},"featured_media":3967,"template":"","meta":[],"product_brand":[],"product_cat":[181,186],"product_tag":[],"class_list":{"0":"post-3975","1":"product","2":"type-product","3":"status-publish","4":"has-post-thumbnail","6":"product_cat-engrais","7":"product_cat-mineraux","9":"first","10":"instock","11":"shipping-taxable","12":"product-type-simple"},"yoast_head":"<!-- This site is optimized with the Yoast SEO plugin v27.4 - https:\/\/yoast.com\/product\/yoast-seo-wordpress\/ -->\n<title>Adobs Amicot - M. Cazorla<\/title>\n<meta name=\"robots\" content=\"index, follow, max-snippet:-1, max-image-preview:large, max-video-preview:-1\" \/>\n<link rel=\"canonical\" href=\"https:\/\/mcazorla.com\/fr\/producte\/adobs-amicot\/\" \/>\n<meta property=\"og:locale\" content=\"fr_FR\" \/>\n<meta property=\"og:type\" content=\"article\" \/>\n<meta property=\"og:title\" content=\"Adobs Amicot - M. Cazorla\" \/>\n<meta property=\"og:description\" content=\"La gamme d&#039;engrais AMICOT, present\u00e9e sous plusieurs formulations, ont des m\u00e9tabolites de microorganismes b\u00e9n\u00e9ficiaux, qui sont biomol\u00e9cules et compost provenant de l&#039;activit\u00e9 m\u00e9tabolique des microorganismes du sol, b\u00e9n\u00e9ficiaux pour les plantes. Ils sont compost d&#039;haute valeur biologique dont les plus importantes sont les acides organiques, enzymes, acides amin\u00e9s, prot\u00e9ines, phytohormones, micronutriments complexes et polysaccarides activeurs de l&#039;action microbienne.   Parmi les principales avantages pour les plantes, on trouve un plus haut d\u00e9v\u00e9loppement radiculaire et v\u00e9g\u00e9tatif de la culture, le profitement massif des nutriments du sol et des engrais et una plus haute r\u00e9sistance face au stress hydrique.\" \/>\n<meta property=\"og:url\" content=\"https:\/\/mcazorla.com\/fr\/producte\/adobs-amicot\/\" \/>\n<meta property=\"og:site_name\" content=\"M. Cazorla\" \/>\n<meta property=\"article:modified_time\" content=\"2022-02-24T13:51:27+00:00\" \/>\n<meta property=\"og:image\" content=\"https:\/\/mcazorla.com\/wp-content\/uploads\/2021\/12\/img-productes-no-producte.jpg\" \/>\n\t<meta property=\"og:image:width\" content=\"500\" \/>\n\t<meta property=\"og:image:height\" content=\"386\" \/>\n\t<meta property=\"og:image:type\" content=\"image\/jpeg\" \/>\n<meta name=\"twitter:card\" content=\"summary_large_image\" \/>\n<script type=\"application\/ld+json\" class=\"yoast-schema-graph\">{\"@context\":\"https:\\\/\\\/schema.org\",\"@graph\":[{\"@type\":\"WebPage\",\"@id\":\"https:\\\/\\\/mcazorla.com\\\/fr\\\/producte\\\/adobs-amicot\\\/\",\"url\":\"https:\\\/\\\/mcazorla.com\\\/fr\\\/producte\\\/adobs-amicot\\\/\",\"name\":\"Adobs Amicot - M. Cazorla\",\"isPartOf\":{\"@id\":\"https:\\\/\\\/mcazorla.com\\\/#website\"},\"primaryImageOfPage\":{\"@id\":\"https:\\\/\\\/mcazorla.com\\\/fr\\\/producte\\\/adobs-amicot\\\/#primaryimage\"},\"image\":{\"@id\":\"https:\\\/\\\/mcazorla.com\\\/fr\\\/producte\\\/adobs-amicot\\\/#primaryimage\"},\"thumbnailUrl\":\"https:\\\/\\\/mcazorla.com\\\/wp-content\\\/uploads\\\/2021\\\/12\\\/img-productes-no-producte.jpg\",\"datePublished\":\"2021-12-28T14:20:52+00:00\",\"dateModified\":\"2022-02-24T13:51:27+00:00\",\"breadcrumb\":{\"@id\":\"https:\\\/\\\/mcazorla.com\\\/fr\\\/producte\\\/adobs-amicot\\\/#breadcrumb\"},\"inLanguage\":\"fr-FR\",\"potentialAction\":[{\"@type\":\"ReadAction\",\"target\":[\"https:\\\/\\\/mcazorla.com\\\/fr\\\/producte\\\/adobs-amicot\\\/\"]}]},{\"@type\":\"ImageObject\",\"inLanguage\":\"fr-FR\",\"@id\":\"https:\\\/\\\/mcazorla.com\\\/fr\\\/producte\\\/adobs-amicot\\\/#primaryimage\",\"url\":\"https:\\\/\\\/mcazorla.com\\\/wp-content\\\/uploads\\\/2021\\\/12\\\/img-productes-no-producte.jpg\",\"contentUrl\":\"https:\\\/\\\/mcazorla.com\\\/wp-content\\\/uploads\\\/2021\\\/12\\\/img-productes-no-producte.jpg\",\"width\":500,\"height\":386},{\"@type\":\"BreadcrumbList\",\"@id\":\"https:\\\/\\\/mcazorla.com\\\/fr\\\/producte\\\/adobs-amicot\\\/#breadcrumb\",\"itemListElement\":[{\"@type\":\"ListItem\",\"position\":1,\"name\":\"Portada\",\"item\":\"https:\\\/\\\/mcazorla.com\\\/fr\\\/\"},{\"@type\":\"ListItem\",\"position\":2,\"name\":\"Productes\",\"item\":\"https:\\\/\\\/mcazorla.com\\\/productes\\\/\"},{\"@type\":\"ListItem\",\"position\":3,\"name\":\"Adobs Amicot\"}]},{\"@type\":\"WebSite\",\"@id\":\"https:\\\/\\\/mcazorla.com\\\/#website\",\"url\":\"https:\\\/\\\/mcazorla.com\\\/\",\"name\":\"M. Cazorla\",\"description\":\"Comercialitzaci\u00f3 de llavors, fertilizants, adobs ,fitosanitaris i cereals.\",\"potentialAction\":[{\"@type\":\"SearchAction\",\"target\":{\"@type\":\"EntryPoint\",\"urlTemplate\":\"https:\\\/\\\/mcazorla.com\\\/?s={search_term_string}\"},\"query-input\":{\"@type\":\"PropertyValueSpecification\",\"valueRequired\":true,\"valueName\":\"search_term_string\"}}],\"inLanguage\":\"fr-FR\"}]}<\/script>\n<!-- \/ Yoast SEO plugin. -->","yoast_head_json":{"title":"Adobs Amicot - M. Cazorla","robots":{"index":"index","follow":"follow","max-snippet":"max-snippet:-1","max-image-preview":"max-image-preview:large","max-video-preview":"max-video-preview:-1"},"canonical":"https:\/\/mcazorla.com\/fr\/producte\/adobs-amicot\/","og_locale":"fr_FR","og_type":"article","og_title":"Adobs Amicot - M. Cazorla","og_description":"La gamme d'engrais AMICOT, present\u00e9e sous plusieurs formulations, ont des m\u00e9tabolites de microorganismes b\u00e9n\u00e9ficiaux, qui sont biomol\u00e9cules et compost provenant de l'activit\u00e9 m\u00e9tabolique des microorganismes du sol, b\u00e9n\u00e9ficiaux pour les plantes. Ils sont compost d'haute valeur biologique dont les plus importantes sont les acides organiques, enzymes, acides amin\u00e9s, prot\u00e9ines, phytohormones, micronutriments complexes et polysaccarides activeurs de l'action microbienne.   Parmi les principales avantages pour les plantes, on trouve un plus haut d\u00e9v\u00e9loppement radiculaire et v\u00e9g\u00e9tatif de la culture, le profitement massif des nutriments du sol et des engrais et una plus haute r\u00e9sistance face au stress hydrique.","og_url":"https:\/\/mcazorla.com\/fr\/producte\/adobs-amicot\/","og_site_name":"M. Cazorla","article_modified_time":"2022-02-24T13:51:27+00:00","og_image":[{"width":500,"height":386,"url":"https:\/\/mcazorla.com\/wp-content\/uploads\/2021\/12\/img-productes-no-producte.jpg","type":"image\/jpeg"}],"twitter_card":"summary_large_image","schema":{"@context":"https:\/\/schema.org","@graph":[{"@type":"WebPage","@id":"https:\/\/mcazorla.com\/fr\/producte\/adobs-amicot\/","url":"https:\/\/mcazorla.com\/fr\/producte\/adobs-amicot\/","name":"Adobs Amicot - M. Cazorla","isPartOf":{"@id":"https:\/\/mcazorla.com\/#website"},"primaryImageOfPage":{"@id":"https:\/\/mcazorla.com\/fr\/producte\/adobs-amicot\/#primaryimage"},"image":{"@id":"https:\/\/mcazorla.com\/fr\/producte\/adobs-amicot\/#primaryimage"},"thumbnailUrl":"https:\/\/mcazorla.com\/wp-content\/uploads\/2021\/12\/img-productes-no-producte.jpg","datePublished":"2021-12-28T14:20:52+00:00","dateModified":"2022-02-24T13:51:27+00:00","breadcrumb":{"@id":"https:\/\/mcazorla.com\/fr\/producte\/adobs-amicot\/#breadcrumb"},"inLanguage":"fr-FR","potentialAction":[{"@type":"ReadAction","target":["https:\/\/mcazorla.com\/fr\/producte\/adobs-amicot\/"]}]},{"@type":"ImageObject","inLanguage":"fr-FR","@id":"https:\/\/mcazorla.com\/fr\/producte\/adobs-amicot\/#primaryimage","url":"https:\/\/mcazorla.com\/wp-content\/uploads\/2021\/12\/img-productes-no-producte.jpg","contentUrl":"https:\/\/mcazorla.com\/wp-content\/uploads\/2021\/12\/img-productes-no-producte.jpg","width":500,"height":386},{"@type":"BreadcrumbList","@id":"https:\/\/mcazorla.com\/fr\/producte\/adobs-amicot\/#breadcrumb","itemListElement":[{"@type":"ListItem","position":1,"name":"Portada","item":"https:\/\/mcazorla.com\/fr\/"},{"@type":"ListItem","position":2,"name":"Productes","item":"https:\/\/mcazorla.com\/productes\/"},{"@type":"ListItem","position":3,"name":"Adobs Amicot"}]},{"@type":"WebSite","@id":"https:\/\/mcazorla.com\/#website","url":"https:\/\/mcazorla.com\/","name":"M. Cazorla","description":"Comercialitzaci\u00f3 de llavors, fertilizants, adobs ,fitosanitaris i cereals.","potentialAction":[{"@type":"SearchAction","target":{"@type":"EntryPoint","urlTemplate":"https:\/\/mcazorla.com\/?s={search_term_string}"},"query-input":{"@type":"PropertyValueSpecification","valueRequired":true,"valueName":"search_term_string"}}],"inLanguage":"fr-FR"}]}},"_links":{"self":[{"href":"https:\/\/mcazorla.com\/fr\/wp-json\/wp\/v2\/product\/3975","targetHints":{"allow":["GET"]}}],"collection":[{"href":"https:\/\/mcazorla.com\/fr\/wp-json\/wp\/v2\/product"}],"about":[{"href":"https:\/\/mcazorla.com\/fr\/wp-json\/wp\/v2\/types\/product"}],"wp:featuredmedia":[{"embeddable":true,"href":"https:\/\/mcazorla.com\/fr\/wp-json\/wp\/v2\/media\/3967"}],"wp:attachment":[{"href":"https:\/\/mcazorla.com\/fr\/wp-json\/wp\/v2\/media?parent=3975"}],"wp:term":[{"taxonomy":"product_brand","embeddable":true,"href":"https:\/\/mcazorla.com\/fr\/wp-json\/wp\/v2\/product_brand?post=3975"},{"taxonomy":"product_cat","embeddable":true,"href":"https:\/\/mcazorla.com\/fr\/wp-json\/wp\/v2\/product_cat?post=3975"},{"taxonomy":"product_tag","embeddable":true,"href":"https:\/\/mcazorla.com\/fr\/wp-json\/wp\/v2\/product_tag?post=3975"}],"curies":[{"name":"wp","href":"https:\/\/api.w.org\/{rel}","templated":true}]}}