{"id":3987,"date":"2021-12-01T14:58:23","date_gmt":"2021-12-01T14:58:23","guid":{"rendered":"https:\/\/mcazorla.com\/producto\/fertijet-22\/"},"modified":"2022-02-24T14:09:07","modified_gmt":"2022-02-24T14:09:07","slug":"fertijet-22","status":"publish","type":"product","link":"https:\/\/mcazorla.com\/fr\/producte\/fertijet-22\/","title":{"rendered":"FERTIJET 22%"},"content":{"rendered":"<p>Composition:<\/p>\n<ul>\n<li>Azote total (N)\u00a0: 22\u00a0%<\/li>\n<li>Azote (N) nitrique\u00a0: 11\u00a0%<\/li>\n<li>Azote ammoniacal (N)\u00a0: 11\u00a0%<\/li>\n<li>Soufre (SO3)\u00a0: 7\u00a0%<\/li>\n<li>Calcium (CaO)\u00a0: 6\u00a0%<\/li>\n<li>Magn\u00e9sium (MgO)\u00a0: 2\u00a0%<\/li>\n<li>Bore (B)\u00a0: 0,2\u00a0%<\/li>\n<\/ul>\n","protected":false},"excerpt":{"rendered":"<p>Engrais qui ne contient pas d&rsquo;Azote Amidique (Ur\u00e9ique), donc son application est indiqu\u00e9e dans des zones sensibles. Augmente la r\u00e9sistance de la plante face au froid, la secher\u00e8sse et les maladies. Compl\u00e9t\u00e9 avec du Bore, Calcium et Soufre, determinants pour la culture, car le Soufre favorise l&rsquo;assimilation de l&rsquo;apportation d&rsquo;Azote, le Bore a une influence positive dans la pousse et la nouaison et le Calcium est tr\u00e8s important dans le d\u00e9v\u00e9loppement du syst\u00e8me radiculaire. Tout \u00e7a fait que la r\u00e9lation co\u00fbt-b\u00e9n\u00e9fice soit am\u00e9lior\u00e9e. <\/p>\n","protected":false},"featured_media":3967,"template":"","meta":[],"product_brand":[],"product_cat":[181,185],"product_tag":[],"class_list":{"0":"post-3987","1":"product","2":"type-product","3":"status-publish","4":"has-post-thumbnail","6":"product_cat-engrais","7":"product_cat-engrais-azotees","9":"first","10":"instock","11":"shipping-taxable","12":"product-type-simple"},"yoast_head":"<!-- This site is optimized with the Yoast SEO plugin v27.3 - https:\/\/yoast.com\/product\/yoast-seo-wordpress\/ -->\n<title>FERTIJET 22% - M. Cazorla<\/title>\n<meta name=\"robots\" content=\"index, follow, max-snippet:-1, max-image-preview:large, max-video-preview:-1\" \/>\n<link rel=\"canonical\" href=\"https:\/\/mcazorla.com\/fr\/producte\/fertijet-22\/\" \/>\n<meta property=\"og:locale\" content=\"fr_FR\" \/>\n<meta property=\"og:type\" content=\"article\" \/>\n<meta property=\"og:title\" content=\"FERTIJET 22% - M. Cazorla\" \/>\n<meta property=\"og:description\" content=\"Engrais qui ne contient pas d&#039;Azote Amidique (Ur\u00e9ique), donc son application est indiqu\u00e9e dans des zones sensibles. Augmente la r\u00e9sistance de la plante face au froid, la secher\u00e8sse et les maladies. Compl\u00e9t\u00e9 avec du Bore, Calcium et Soufre, determinants pour la culture, car le Soufre favorise l&#039;assimilation de l&#039;apportation d&#039;Azote, le Bore a une influence positive dans la pousse et la nouaison et le Calcium est tr\u00e8s important dans le d\u00e9v\u00e9loppement du syst\u00e8me radiculaire. Tout \u00e7a fait que la r\u00e9lation co\u00fbt-b\u00e9n\u00e9fice soit am\u00e9lior\u00e9e.\" \/>\n<meta property=\"og:url\" content=\"https:\/\/mcazorla.com\/fr\/producte\/fertijet-22\/\" \/>\n<meta property=\"og:site_name\" content=\"M. Cazorla\" \/>\n<meta property=\"article:modified_time\" content=\"2022-02-24T14:09:07+00:00\" \/>\n<meta property=\"og:image\" content=\"https:\/\/mcazorla.com\/wp-content\/uploads\/2021\/12\/img-productes-no-producte.jpg\" \/>\n\t<meta property=\"og:image:width\" content=\"500\" \/>\n\t<meta property=\"og:image:height\" content=\"386\" \/>\n\t<meta property=\"og:image:type\" content=\"image\/jpeg\" \/>\n<meta name=\"twitter:card\" content=\"summary_large_image\" \/>\n<meta name=\"twitter:label1\" content=\"Dur\u00e9e de lecture estim\u00e9e\" \/>\n\t<meta name=\"twitter:data1\" content=\"1 minute\" \/>\n<script type=\"application\/ld+json\" class=\"yoast-schema-graph\">{\"@context\":\"https:\\\/\\\/schema.org\",\"@graph\":[{\"@type\":\"WebPage\",\"@id\":\"https:\\\/\\\/mcazorla.com\\\/fr\\\/producte\\\/fertijet-22\\\/\",\"url\":\"https:\\\/\\\/mcazorla.com\\\/fr\\\/producte\\\/fertijet-22\\\/\",\"name\":\"FERTIJET 22% - M. Cazorla\",\"isPartOf\":{\"@id\":\"https:\\\/\\\/mcazorla.com\\\/#website\"},\"primaryImageOfPage\":{\"@id\":\"https:\\\/\\\/mcazorla.com\\\/fr\\\/producte\\\/fertijet-22\\\/#primaryimage\"},\"image\":{\"@id\":\"https:\\\/\\\/mcazorla.com\\\/fr\\\/producte\\\/fertijet-22\\\/#primaryimage\"},\"thumbnailUrl\":\"https:\\\/\\\/mcazorla.com\\\/wp-content\\\/uploads\\\/2021\\\/12\\\/img-productes-no-producte.jpg\",\"datePublished\":\"2021-12-01T14:58:23+00:00\",\"dateModified\":\"2022-02-24T14:09:07+00:00\",\"breadcrumb\":{\"@id\":\"https:\\\/\\\/mcazorla.com\\\/fr\\\/producte\\\/fertijet-22\\\/#breadcrumb\"},\"inLanguage\":\"fr-FR\",\"potentialAction\":[{\"@type\":\"ReadAction\",\"target\":[\"https:\\\/\\\/mcazorla.com\\\/fr\\\/producte\\\/fertijet-22\\\/\"]}]},{\"@type\":\"ImageObject\",\"inLanguage\":\"fr-FR\",\"@id\":\"https:\\\/\\\/mcazorla.com\\\/fr\\\/producte\\\/fertijet-22\\\/#primaryimage\",\"url\":\"https:\\\/\\\/mcazorla.com\\\/wp-content\\\/uploads\\\/2021\\\/12\\\/img-productes-no-producte.jpg\",\"contentUrl\":\"https:\\\/\\\/mcazorla.com\\\/wp-content\\\/uploads\\\/2021\\\/12\\\/img-productes-no-producte.jpg\",\"width\":500,\"height\":386},{\"@type\":\"BreadcrumbList\",\"@id\":\"https:\\\/\\\/mcazorla.com\\\/fr\\\/producte\\\/fertijet-22\\\/#breadcrumb\",\"itemListElement\":[{\"@type\":\"ListItem\",\"position\":1,\"name\":\"Portada\",\"item\":\"https:\\\/\\\/mcazorla.com\\\/fr\\\/\"},{\"@type\":\"ListItem\",\"position\":2,\"name\":\"Productes\",\"item\":\"https:\\\/\\\/mcazorla.com\\\/productes\\\/\"},{\"@type\":\"ListItem\",\"position\":3,\"name\":\"FERTIJET 22%\"}]},{\"@type\":\"WebSite\",\"@id\":\"https:\\\/\\\/mcazorla.com\\\/#website\",\"url\":\"https:\\\/\\\/mcazorla.com\\\/\",\"name\":\"M. Cazorla\",\"description\":\"Comercialitzaci\u00f3 de llavors, fertilizants, adobs ,fitosanitaris i cereals.\",\"potentialAction\":[{\"@type\":\"SearchAction\",\"target\":{\"@type\":\"EntryPoint\",\"urlTemplate\":\"https:\\\/\\\/mcazorla.com\\\/?s={search_term_string}\"},\"query-input\":{\"@type\":\"PropertyValueSpecification\",\"valueRequired\":true,\"valueName\":\"search_term_string\"}}],\"inLanguage\":\"fr-FR\"}]}<\/script>\n<!-- \/ Yoast SEO plugin. -->","yoast_head_json":{"title":"FERTIJET 22% - M. Cazorla","robots":{"index":"index","follow":"follow","max-snippet":"max-snippet:-1","max-image-preview":"max-image-preview:large","max-video-preview":"max-video-preview:-1"},"canonical":"https:\/\/mcazorla.com\/fr\/producte\/fertijet-22\/","og_locale":"fr_FR","og_type":"article","og_title":"FERTIJET 22% - M. Cazorla","og_description":"Engrais qui ne contient pas d'Azote Amidique (Ur\u00e9ique), donc son application est indiqu\u00e9e dans des zones sensibles. Augmente la r\u00e9sistance de la plante face au froid, la secher\u00e8sse et les maladies. Compl\u00e9t\u00e9 avec du Bore, Calcium et Soufre, determinants pour la culture, car le Soufre favorise l'assimilation de l'apportation d'Azote, le Bore a une influence positive dans la pousse et la nouaison et le Calcium est tr\u00e8s important dans le d\u00e9v\u00e9loppement du syst\u00e8me radiculaire. Tout \u00e7a fait que la r\u00e9lation co\u00fbt-b\u00e9n\u00e9fice soit am\u00e9lior\u00e9e.","og_url":"https:\/\/mcazorla.com\/fr\/producte\/fertijet-22\/","og_site_name":"M. Cazorla","article_modified_time":"2022-02-24T14:09:07+00:00","og_image":[{"width":500,"height":386,"url":"https:\/\/mcazorla.com\/wp-content\/uploads\/2021\/12\/img-productes-no-producte.jpg","type":"image\/jpeg"}],"twitter_card":"summary_large_image","twitter_misc":{"Dur\u00e9e de lecture estim\u00e9e":"1 minute"},"schema":{"@context":"https:\/\/schema.org","@graph":[{"@type":"WebPage","@id":"https:\/\/mcazorla.com\/fr\/producte\/fertijet-22\/","url":"https:\/\/mcazorla.com\/fr\/producte\/fertijet-22\/","name":"FERTIJET 22% - M. Cazorla","isPartOf":{"@id":"https:\/\/mcazorla.com\/#website"},"primaryImageOfPage":{"@id":"https:\/\/mcazorla.com\/fr\/producte\/fertijet-22\/#primaryimage"},"image":{"@id":"https:\/\/mcazorla.com\/fr\/producte\/fertijet-22\/#primaryimage"},"thumbnailUrl":"https:\/\/mcazorla.com\/wp-content\/uploads\/2021\/12\/img-productes-no-producte.jpg","datePublished":"2021-12-01T14:58:23+00:00","dateModified":"2022-02-24T14:09:07+00:00","breadcrumb":{"@id":"https:\/\/mcazorla.com\/fr\/producte\/fertijet-22\/#breadcrumb"},"inLanguage":"fr-FR","potentialAction":[{"@type":"ReadAction","target":["https:\/\/mcazorla.com\/fr\/producte\/fertijet-22\/"]}]},{"@type":"ImageObject","inLanguage":"fr-FR","@id":"https:\/\/mcazorla.com\/fr\/producte\/fertijet-22\/#primaryimage","url":"https:\/\/mcazorla.com\/wp-content\/uploads\/2021\/12\/img-productes-no-producte.jpg","contentUrl":"https:\/\/mcazorla.com\/wp-content\/uploads\/2021\/12\/img-productes-no-producte.jpg","width":500,"height":386},{"@type":"BreadcrumbList","@id":"https:\/\/mcazorla.com\/fr\/producte\/fertijet-22\/#breadcrumb","itemListElement":[{"@type":"ListItem","position":1,"name":"Portada","item":"https:\/\/mcazorla.com\/fr\/"},{"@type":"ListItem","position":2,"name":"Productes","item":"https:\/\/mcazorla.com\/productes\/"},{"@type":"ListItem","position":3,"name":"FERTIJET 22%"}]},{"@type":"WebSite","@id":"https:\/\/mcazorla.com\/#website","url":"https:\/\/mcazorla.com\/","name":"M. Cazorla","description":"Comercialitzaci\u00f3 de llavors, fertilizants, adobs ,fitosanitaris i cereals.","potentialAction":[{"@type":"SearchAction","target":{"@type":"EntryPoint","urlTemplate":"https:\/\/mcazorla.com\/?s={search_term_string}"},"query-input":{"@type":"PropertyValueSpecification","valueRequired":true,"valueName":"search_term_string"}}],"inLanguage":"fr-FR"}]}},"_links":{"self":[{"href":"https:\/\/mcazorla.com\/fr\/wp-json\/wp\/v2\/product\/3987","targetHints":{"allow":["GET"]}}],"collection":[{"href":"https:\/\/mcazorla.com\/fr\/wp-json\/wp\/v2\/product"}],"about":[{"href":"https:\/\/mcazorla.com\/fr\/wp-json\/wp\/v2\/types\/product"}],"wp:featuredmedia":[{"embeddable":true,"href":"https:\/\/mcazorla.com\/fr\/wp-json\/wp\/v2\/media\/3967"}],"wp:attachment":[{"href":"https:\/\/mcazorla.com\/fr\/wp-json\/wp\/v2\/media?parent=3987"}],"wp:term":[{"taxonomy":"product_brand","embeddable":true,"href":"https:\/\/mcazorla.com\/fr\/wp-json\/wp\/v2\/product_brand?post=3987"},{"taxonomy":"product_cat","embeddable":true,"href":"https:\/\/mcazorla.com\/fr\/wp-json\/wp\/v2\/product_cat?post=3987"},{"taxonomy":"product_tag","embeddable":true,"href":"https:\/\/mcazorla.com\/fr\/wp-json\/wp\/v2\/product_tag?post=3987"}],"curies":[{"name":"wp","href":"https:\/\/api.w.org\/{rel}","templated":true}]}}