{"id":3996,"date":"2021-12-01T14:52:08","date_gmt":"2021-12-01T14:52:08","guid":{"rendered":"https:\/\/mcazorla.com\/producto\/nac-27\/"},"modified":"2022-02-24T15:04:00","modified_gmt":"2022-02-24T15:04:00","slug":"nac-27","status":"publish","type":"product","link":"https:\/\/mcazorla.com\/fr\/producte\/nac-27\/","title":{"rendered":"NAC 27%"},"content":{"rendered":"<p>Richesses garanties:<\/p>\n<ul>\n<li>Azote total (N): 27,2\u00a0%<\/li>\n<li>Azote (N) nitrique: 13,2\u00a0%<\/li>\n<li>Azote ammoniacal (N): 14\u00a0%<\/li>\n<li>Oxyde de magn\u00e9sium total (MgO): 4\u00a0%<\/li>\n<\/ul>\n","protected":false},"excerpt":{"rendered":"<p>Parmi les engrais nitriques ammoniacales, un de plus importants c&rsquo;est le Nitrate Ammoniacal Calcique.L&rsquo;apport de la moiti\u00e9 de l&rsquo;azote sous forme nitrique et la moiti\u00e9 sous forme ammoniacal, favorise une source d&rsquo;Azote d&rsquo;absorption imm\u00e9diate et une autre que c&rsquo;est assimilable plus lentement. On offre, donc, un extra d&rsquo;Azote qui donne une certaine quantit\u00e9 qui reste retenue par le terrain. On conseille l&rsquo;incorporer tout au long du cycle de la culture, en applications de couverture, pr\u00e8s du moment de plus haut besoin d&rsquo;Azote de la plante.<\/p>\n","protected":false},"featured_media":2800,"template":"","meta":[],"product_brand":[],"product_cat":[181,185],"product_tag":[],"class_list":{"0":"post-3996","1":"product","2":"type-product","3":"status-publish","4":"has-post-thumbnail","6":"product_cat-engrais","7":"product_cat-engrais-azotees","9":"first","10":"instock","11":"shipping-taxable","12":"product-type-simple"},"yoast_head":"<!-- This site is optimized with the Yoast SEO plugin v27.4 - https:\/\/yoast.com\/product\/yoast-seo-wordpress\/ -->\n<title>NAC 27% - M. Cazorla<\/title>\n<meta name=\"robots\" content=\"index, follow, max-snippet:-1, max-image-preview:large, max-video-preview:-1\" \/>\n<link rel=\"canonical\" href=\"https:\/\/mcazorla.com\/fr\/producte\/nac-27\/\" \/>\n<meta property=\"og:locale\" content=\"fr_FR\" \/>\n<meta property=\"og:type\" content=\"article\" \/>\n<meta property=\"og:title\" content=\"NAC 27% - M. Cazorla\" \/>\n<meta property=\"og:description\" content=\"Parmi les engrais nitriques ammoniacales, un de plus importants c&#039;est le Nitrate Ammoniacal Calcique.L&#039;apport de la moiti\u00e9 de l&#039;azote sous forme nitrique et la moiti\u00e9 sous forme ammoniacal, favorise une source d&#039;Azote d&#039;absorption imm\u00e9diate et une autre que c&#039;est assimilable plus lentement. On offre, donc, un extra d&#039;Azote qui donne une certaine quantit\u00e9 qui reste retenue par le terrain. On conseille l&#039;incorporer tout au long du cycle de la culture, en applications de couverture, pr\u00e8s du moment de plus haut besoin d&#039;Azote de la plante.\" \/>\n<meta property=\"og:url\" content=\"https:\/\/mcazorla.com\/fr\/producte\/nac-27\/\" \/>\n<meta property=\"og:site_name\" content=\"M. Cazorla\" \/>\n<meta property=\"article:modified_time\" content=\"2022-02-24T15:04:00+00:00\" \/>\n<meta property=\"og:image\" content=\"https:\/\/mcazorla.com\/wp-content\/uploads\/2021\/12\/img-productes-nac-27.jpg\" \/>\n\t<meta property=\"og:image:width\" content=\"500\" \/>\n\t<meta property=\"og:image:height\" content=\"500\" \/>\n\t<meta property=\"og:image:type\" content=\"image\/jpeg\" \/>\n<meta name=\"twitter:card\" content=\"summary_large_image\" \/>\n<meta name=\"twitter:label1\" content=\"Dur\u00e9e de lecture estim\u00e9e\" \/>\n\t<meta name=\"twitter:data1\" content=\"1 minute\" \/>\n<script type=\"application\/ld+json\" class=\"yoast-schema-graph\">{\"@context\":\"https:\\\/\\\/schema.org\",\"@graph\":[{\"@type\":\"WebPage\",\"@id\":\"https:\\\/\\\/mcazorla.com\\\/fr\\\/producte\\\/nac-27\\\/\",\"url\":\"https:\\\/\\\/mcazorla.com\\\/fr\\\/producte\\\/nac-27\\\/\",\"name\":\"NAC 27% - M. Cazorla\",\"isPartOf\":{\"@id\":\"https:\\\/\\\/mcazorla.com\\\/#website\"},\"primaryImageOfPage\":{\"@id\":\"https:\\\/\\\/mcazorla.com\\\/fr\\\/producte\\\/nac-27\\\/#primaryimage\"},\"image\":{\"@id\":\"https:\\\/\\\/mcazorla.com\\\/fr\\\/producte\\\/nac-27\\\/#primaryimage\"},\"thumbnailUrl\":\"https:\\\/\\\/mcazorla.com\\\/wp-content\\\/uploads\\\/2021\\\/12\\\/img-productes-nac-27.jpg\",\"datePublished\":\"2021-12-01T14:52:08+00:00\",\"dateModified\":\"2022-02-24T15:04:00+00:00\",\"breadcrumb\":{\"@id\":\"https:\\\/\\\/mcazorla.com\\\/fr\\\/producte\\\/nac-27\\\/#breadcrumb\"},\"inLanguage\":\"fr-FR\",\"potentialAction\":[{\"@type\":\"ReadAction\",\"target\":[\"https:\\\/\\\/mcazorla.com\\\/fr\\\/producte\\\/nac-27\\\/\"]}]},{\"@type\":\"ImageObject\",\"inLanguage\":\"fr-FR\",\"@id\":\"https:\\\/\\\/mcazorla.com\\\/fr\\\/producte\\\/nac-27\\\/#primaryimage\",\"url\":\"https:\\\/\\\/mcazorla.com\\\/wp-content\\\/uploads\\\/2021\\\/12\\\/img-productes-nac-27.jpg\",\"contentUrl\":\"https:\\\/\\\/mcazorla.com\\\/wp-content\\\/uploads\\\/2021\\\/12\\\/img-productes-nac-27.jpg\",\"width\":500,\"height\":500},{\"@type\":\"BreadcrumbList\",\"@id\":\"https:\\\/\\\/mcazorla.com\\\/fr\\\/producte\\\/nac-27\\\/#breadcrumb\",\"itemListElement\":[{\"@type\":\"ListItem\",\"position\":1,\"name\":\"Portada\",\"item\":\"https:\\\/\\\/mcazorla.com\\\/fr\\\/\"},{\"@type\":\"ListItem\",\"position\":2,\"name\":\"Productes\",\"item\":\"https:\\\/\\\/mcazorla.com\\\/productes\\\/\"},{\"@type\":\"ListItem\",\"position\":3,\"name\":\"NAC 27%\"}]},{\"@type\":\"WebSite\",\"@id\":\"https:\\\/\\\/mcazorla.com\\\/#website\",\"url\":\"https:\\\/\\\/mcazorla.com\\\/\",\"name\":\"M. Cazorla\",\"description\":\"Comercialitzaci\u00f3 de llavors, fertilizants, adobs ,fitosanitaris i cereals.\",\"potentialAction\":[{\"@type\":\"SearchAction\",\"target\":{\"@type\":\"EntryPoint\",\"urlTemplate\":\"https:\\\/\\\/mcazorla.com\\\/?s={search_term_string}\"},\"query-input\":{\"@type\":\"PropertyValueSpecification\",\"valueRequired\":true,\"valueName\":\"search_term_string\"}}],\"inLanguage\":\"fr-FR\"}]}<\/script>\n<!-- \/ Yoast SEO plugin. -->","yoast_head_json":{"title":"NAC 27% - M. Cazorla","robots":{"index":"index","follow":"follow","max-snippet":"max-snippet:-1","max-image-preview":"max-image-preview:large","max-video-preview":"max-video-preview:-1"},"canonical":"https:\/\/mcazorla.com\/fr\/producte\/nac-27\/","og_locale":"fr_FR","og_type":"article","og_title":"NAC 27% - M. Cazorla","og_description":"Parmi les engrais nitriques ammoniacales, un de plus importants c'est le Nitrate Ammoniacal Calcique.L'apport de la moiti\u00e9 de l'azote sous forme nitrique et la moiti\u00e9 sous forme ammoniacal, favorise une source d'Azote d'absorption imm\u00e9diate et une autre que c'est assimilable plus lentement. On offre, donc, un extra d'Azote qui donne une certaine quantit\u00e9 qui reste retenue par le terrain. On conseille l'incorporer tout au long du cycle de la culture, en applications de couverture, pr\u00e8s du moment de plus haut besoin d'Azote de la plante.","og_url":"https:\/\/mcazorla.com\/fr\/producte\/nac-27\/","og_site_name":"M. Cazorla","article_modified_time":"2022-02-24T15:04:00+00:00","og_image":[{"width":500,"height":500,"url":"https:\/\/mcazorla.com\/wp-content\/uploads\/2021\/12\/img-productes-nac-27.jpg","type":"image\/jpeg"}],"twitter_card":"summary_large_image","twitter_misc":{"Dur\u00e9e de lecture estim\u00e9e":"1 minute"},"schema":{"@context":"https:\/\/schema.org","@graph":[{"@type":"WebPage","@id":"https:\/\/mcazorla.com\/fr\/producte\/nac-27\/","url":"https:\/\/mcazorla.com\/fr\/producte\/nac-27\/","name":"NAC 27% - M. Cazorla","isPartOf":{"@id":"https:\/\/mcazorla.com\/#website"},"primaryImageOfPage":{"@id":"https:\/\/mcazorla.com\/fr\/producte\/nac-27\/#primaryimage"},"image":{"@id":"https:\/\/mcazorla.com\/fr\/producte\/nac-27\/#primaryimage"},"thumbnailUrl":"https:\/\/mcazorla.com\/wp-content\/uploads\/2021\/12\/img-productes-nac-27.jpg","datePublished":"2021-12-01T14:52:08+00:00","dateModified":"2022-02-24T15:04:00+00:00","breadcrumb":{"@id":"https:\/\/mcazorla.com\/fr\/producte\/nac-27\/#breadcrumb"},"inLanguage":"fr-FR","potentialAction":[{"@type":"ReadAction","target":["https:\/\/mcazorla.com\/fr\/producte\/nac-27\/"]}]},{"@type":"ImageObject","inLanguage":"fr-FR","@id":"https:\/\/mcazorla.com\/fr\/producte\/nac-27\/#primaryimage","url":"https:\/\/mcazorla.com\/wp-content\/uploads\/2021\/12\/img-productes-nac-27.jpg","contentUrl":"https:\/\/mcazorla.com\/wp-content\/uploads\/2021\/12\/img-productes-nac-27.jpg","width":500,"height":500},{"@type":"BreadcrumbList","@id":"https:\/\/mcazorla.com\/fr\/producte\/nac-27\/#breadcrumb","itemListElement":[{"@type":"ListItem","position":1,"name":"Portada","item":"https:\/\/mcazorla.com\/fr\/"},{"@type":"ListItem","position":2,"name":"Productes","item":"https:\/\/mcazorla.com\/productes\/"},{"@type":"ListItem","position":3,"name":"NAC 27%"}]},{"@type":"WebSite","@id":"https:\/\/mcazorla.com\/#website","url":"https:\/\/mcazorla.com\/","name":"M. Cazorla","description":"Comercialitzaci\u00f3 de llavors, fertilizants, adobs ,fitosanitaris i cereals.","potentialAction":[{"@type":"SearchAction","target":{"@type":"EntryPoint","urlTemplate":"https:\/\/mcazorla.com\/?s={search_term_string}"},"query-input":{"@type":"PropertyValueSpecification","valueRequired":true,"valueName":"search_term_string"}}],"inLanguage":"fr-FR"}]}},"_links":{"self":[{"href":"https:\/\/mcazorla.com\/fr\/wp-json\/wp\/v2\/product\/3996","targetHints":{"allow":["GET"]}}],"collection":[{"href":"https:\/\/mcazorla.com\/fr\/wp-json\/wp\/v2\/product"}],"about":[{"href":"https:\/\/mcazorla.com\/fr\/wp-json\/wp\/v2\/types\/product"}],"wp:featuredmedia":[{"embeddable":true,"href":"https:\/\/mcazorla.com\/fr\/wp-json\/wp\/v2\/media\/2800"}],"wp:attachment":[{"href":"https:\/\/mcazorla.com\/fr\/wp-json\/wp\/v2\/media?parent=3996"}],"wp:term":[{"taxonomy":"product_brand","embeddable":true,"href":"https:\/\/mcazorla.com\/fr\/wp-json\/wp\/v2\/product_brand?post=3996"},{"taxonomy":"product_cat","embeddable":true,"href":"https:\/\/mcazorla.com\/fr\/wp-json\/wp\/v2\/product_cat?post=3996"},{"taxonomy":"product_tag","embeddable":true,"href":"https:\/\/mcazorla.com\/fr\/wp-json\/wp\/v2\/product_tag?post=3996"}],"curies":[{"name":"wp","href":"https:\/\/api.w.org\/{rel}","templated":true}]}}