{"id":4011,"date":"2021-12-01T14:35:12","date_gmt":"2021-12-01T14:35:12","guid":{"rendered":"https:\/\/mcazorla.com\/producto\/organo-10-5-15\/"},"modified":"2022-02-25T13:44:04","modified_gmt":"2022-02-25T13:44:04","slug":"organo-10-5-15","status":"publish","type":"product","link":"https:\/\/mcazorla.com\/fr\/producte\/organo-10-5-15\/","title":{"rendered":"ORGANO 10-5-15"},"content":{"rendered":"<p>Composition:<\/p>\n<ul>\n<li>Azote total (N)\u00a0: 10\u00a0%<\/li>\n<li>Anhydride phosphorique (P<sub>2<\/sub>O 5<sub><\/sub>)\u00a0: 5\u00a0%<\/li>\n<li>Oxyde de potassium (K<sub>2<\/sub>O)\u00a0: 15\u00a0%<\/li>\n<li>Mati\u00e8re organique totale\u00a0: 15\u00a0%<\/li>\n<li>Extrait humique\u00a0: 6\u00a0%<\/li>\n<\/ul>\n","protected":false},"excerpt":{"rendered":"<p>Engrais organique et organomineral provenant d&rsquo;engrais min\u00e9raux avec fumier de brebis, exempt de mauvaises herbes et d&rsquo;agents pathog\u00e8nes. Formulation present\u00e9e sous forme granul\u00e9e. <\/p>\n","protected":false},"featured_media":2791,"template":"","meta":[],"product_brand":[],"product_cat":[181,184],"product_tag":[],"class_list":{"0":"post-4011","1":"product","2":"type-product","3":"status-publish","4":"has-post-thumbnail","6":"product_cat-engrais","7":"product_cat-organo-mineraux","9":"first","10":"instock","11":"shipping-taxable","12":"product-type-simple"},"yoast_head":"<!-- This site is optimized with the Yoast SEO plugin v27.3 - https:\/\/yoast.com\/product\/yoast-seo-wordpress\/ -->\n<title>ORGANO 10-5-15 - M. Cazorla<\/title>\n<meta name=\"robots\" content=\"index, follow, max-snippet:-1, max-image-preview:large, max-video-preview:-1\" \/>\n<link rel=\"canonical\" href=\"https:\/\/mcazorla.com\/fr\/producte\/organo-10-5-15\/\" \/>\n<meta property=\"og:locale\" content=\"fr_FR\" \/>\n<meta property=\"og:type\" content=\"article\" \/>\n<meta property=\"og:title\" content=\"ORGANO 10-5-15 - M. Cazorla\" \/>\n<meta property=\"og:description\" content=\"Engrais organique et organomineral provenant d&#039;engrais min\u00e9raux avec fumier de brebis, exempt de mauvaises herbes et d&#039;agents pathog\u00e8nes. Formulation present\u00e9e sous forme granul\u00e9e.\" \/>\n<meta property=\"og:url\" content=\"https:\/\/mcazorla.com\/fr\/producte\/organo-10-5-15\/\" \/>\n<meta property=\"og:site_name\" content=\"M. Cazorla\" \/>\n<meta property=\"article:modified_time\" content=\"2022-02-25T13:44:04+00:00\" \/>\n<meta property=\"og:image\" content=\"https:\/\/mcazorla.com\/wp-content\/uploads\/2021\/12\/p18sl1p9d51kfbdsb1kpiemf1r2h1.jpeg\" \/>\n\t<meta property=\"og:image:width\" content=\"879\" \/>\n\t<meta property=\"og:image:height\" content=\"1289\" \/>\n\t<meta property=\"og:image:type\" content=\"image\/jpeg\" \/>\n<meta name=\"twitter:card\" content=\"summary_large_image\" \/>\n<meta name=\"twitter:label1\" content=\"Dur\u00e9e de lecture estim\u00e9e\" \/>\n\t<meta name=\"twitter:data1\" content=\"1 minute\" \/>\n<script type=\"application\/ld+json\" class=\"yoast-schema-graph\">{\"@context\":\"https:\\\/\\\/schema.org\",\"@graph\":[{\"@type\":\"WebPage\",\"@id\":\"https:\\\/\\\/mcazorla.com\\\/fr\\\/producte\\\/organo-10-5-15\\\/\",\"url\":\"https:\\\/\\\/mcazorla.com\\\/fr\\\/producte\\\/organo-10-5-15\\\/\",\"name\":\"ORGANO 10-5-15 - M. Cazorla\",\"isPartOf\":{\"@id\":\"https:\\\/\\\/mcazorla.com\\\/#website\"},\"primaryImageOfPage\":{\"@id\":\"https:\\\/\\\/mcazorla.com\\\/fr\\\/producte\\\/organo-10-5-15\\\/#primaryimage\"},\"image\":{\"@id\":\"https:\\\/\\\/mcazorla.com\\\/fr\\\/producte\\\/organo-10-5-15\\\/#primaryimage\"},\"thumbnailUrl\":\"https:\\\/\\\/mcazorla.com\\\/wp-content\\\/uploads\\\/2021\\\/12\\\/p18sl1p9d51kfbdsb1kpiemf1r2h1.jpeg\",\"datePublished\":\"2021-12-01T14:35:12+00:00\",\"dateModified\":\"2022-02-25T13:44:04+00:00\",\"breadcrumb\":{\"@id\":\"https:\\\/\\\/mcazorla.com\\\/fr\\\/producte\\\/organo-10-5-15\\\/#breadcrumb\"},\"inLanguage\":\"fr-FR\",\"potentialAction\":[{\"@type\":\"ReadAction\",\"target\":[\"https:\\\/\\\/mcazorla.com\\\/fr\\\/producte\\\/organo-10-5-15\\\/\"]}]},{\"@type\":\"ImageObject\",\"inLanguage\":\"fr-FR\",\"@id\":\"https:\\\/\\\/mcazorla.com\\\/fr\\\/producte\\\/organo-10-5-15\\\/#primaryimage\",\"url\":\"https:\\\/\\\/mcazorla.com\\\/wp-content\\\/uploads\\\/2021\\\/12\\\/p18sl1p9d51kfbdsb1kpiemf1r2h1.jpeg\",\"contentUrl\":\"https:\\\/\\\/mcazorla.com\\\/wp-content\\\/uploads\\\/2021\\\/12\\\/p18sl1p9d51kfbdsb1kpiemf1r2h1.jpeg\",\"width\":879,\"height\":1289},{\"@type\":\"BreadcrumbList\",\"@id\":\"https:\\\/\\\/mcazorla.com\\\/fr\\\/producte\\\/organo-10-5-15\\\/#breadcrumb\",\"itemListElement\":[{\"@type\":\"ListItem\",\"position\":1,\"name\":\"Portada\",\"item\":\"https:\\\/\\\/mcazorla.com\\\/fr\\\/\"},{\"@type\":\"ListItem\",\"position\":2,\"name\":\"Productes\",\"item\":\"https:\\\/\\\/mcazorla.com\\\/productes\\\/\"},{\"@type\":\"ListItem\",\"position\":3,\"name\":\"ORGANO 10-5-15\"}]},{\"@type\":\"WebSite\",\"@id\":\"https:\\\/\\\/mcazorla.com\\\/#website\",\"url\":\"https:\\\/\\\/mcazorla.com\\\/\",\"name\":\"M. Cazorla\",\"description\":\"Comercialitzaci\u00f3 de llavors, fertilizants, adobs ,fitosanitaris i cereals.\",\"potentialAction\":[{\"@type\":\"SearchAction\",\"target\":{\"@type\":\"EntryPoint\",\"urlTemplate\":\"https:\\\/\\\/mcazorla.com\\\/?s={search_term_string}\"},\"query-input\":{\"@type\":\"PropertyValueSpecification\",\"valueRequired\":true,\"valueName\":\"search_term_string\"}}],\"inLanguage\":\"fr-FR\"}]}<\/script>\n<!-- \/ Yoast SEO plugin. -->","yoast_head_json":{"title":"ORGANO 10-5-15 - M. Cazorla","robots":{"index":"index","follow":"follow","max-snippet":"max-snippet:-1","max-image-preview":"max-image-preview:large","max-video-preview":"max-video-preview:-1"},"canonical":"https:\/\/mcazorla.com\/fr\/producte\/organo-10-5-15\/","og_locale":"fr_FR","og_type":"article","og_title":"ORGANO 10-5-15 - M. Cazorla","og_description":"Engrais organique et organomineral provenant d'engrais min\u00e9raux avec fumier de brebis, exempt de mauvaises herbes et d'agents pathog\u00e8nes. Formulation present\u00e9e sous forme granul\u00e9e.","og_url":"https:\/\/mcazorla.com\/fr\/producte\/organo-10-5-15\/","og_site_name":"M. Cazorla","article_modified_time":"2022-02-25T13:44:04+00:00","og_image":[{"width":879,"height":1289,"url":"https:\/\/mcazorla.com\/wp-content\/uploads\/2021\/12\/p18sl1p9d51kfbdsb1kpiemf1r2h1.jpeg","type":"image\/jpeg"}],"twitter_card":"summary_large_image","twitter_misc":{"Dur\u00e9e de lecture estim\u00e9e":"1 minute"},"schema":{"@context":"https:\/\/schema.org","@graph":[{"@type":"WebPage","@id":"https:\/\/mcazorla.com\/fr\/producte\/organo-10-5-15\/","url":"https:\/\/mcazorla.com\/fr\/producte\/organo-10-5-15\/","name":"ORGANO 10-5-15 - M. Cazorla","isPartOf":{"@id":"https:\/\/mcazorla.com\/#website"},"primaryImageOfPage":{"@id":"https:\/\/mcazorla.com\/fr\/producte\/organo-10-5-15\/#primaryimage"},"image":{"@id":"https:\/\/mcazorla.com\/fr\/producte\/organo-10-5-15\/#primaryimage"},"thumbnailUrl":"https:\/\/mcazorla.com\/wp-content\/uploads\/2021\/12\/p18sl1p9d51kfbdsb1kpiemf1r2h1.jpeg","datePublished":"2021-12-01T14:35:12+00:00","dateModified":"2022-02-25T13:44:04+00:00","breadcrumb":{"@id":"https:\/\/mcazorla.com\/fr\/producte\/organo-10-5-15\/#breadcrumb"},"inLanguage":"fr-FR","potentialAction":[{"@type":"ReadAction","target":["https:\/\/mcazorla.com\/fr\/producte\/organo-10-5-15\/"]}]},{"@type":"ImageObject","inLanguage":"fr-FR","@id":"https:\/\/mcazorla.com\/fr\/producte\/organo-10-5-15\/#primaryimage","url":"https:\/\/mcazorla.com\/wp-content\/uploads\/2021\/12\/p18sl1p9d51kfbdsb1kpiemf1r2h1.jpeg","contentUrl":"https:\/\/mcazorla.com\/wp-content\/uploads\/2021\/12\/p18sl1p9d51kfbdsb1kpiemf1r2h1.jpeg","width":879,"height":1289},{"@type":"BreadcrumbList","@id":"https:\/\/mcazorla.com\/fr\/producte\/organo-10-5-15\/#breadcrumb","itemListElement":[{"@type":"ListItem","position":1,"name":"Portada","item":"https:\/\/mcazorla.com\/fr\/"},{"@type":"ListItem","position":2,"name":"Productes","item":"https:\/\/mcazorla.com\/productes\/"},{"@type":"ListItem","position":3,"name":"ORGANO 10-5-15"}]},{"@type":"WebSite","@id":"https:\/\/mcazorla.com\/#website","url":"https:\/\/mcazorla.com\/","name":"M. Cazorla","description":"Comercialitzaci\u00f3 de llavors, fertilizants, adobs ,fitosanitaris i cereals.","potentialAction":[{"@type":"SearchAction","target":{"@type":"EntryPoint","urlTemplate":"https:\/\/mcazorla.com\/?s={search_term_string}"},"query-input":{"@type":"PropertyValueSpecification","valueRequired":true,"valueName":"search_term_string"}}],"inLanguage":"fr-FR"}]}},"_links":{"self":[{"href":"https:\/\/mcazorla.com\/fr\/wp-json\/wp\/v2\/product\/4011","targetHints":{"allow":["GET"]}}],"collection":[{"href":"https:\/\/mcazorla.com\/fr\/wp-json\/wp\/v2\/product"}],"about":[{"href":"https:\/\/mcazorla.com\/fr\/wp-json\/wp\/v2\/types\/product"}],"wp:featuredmedia":[{"embeddable":true,"href":"https:\/\/mcazorla.com\/fr\/wp-json\/wp\/v2\/media\/2791"}],"wp:attachment":[{"href":"https:\/\/mcazorla.com\/fr\/wp-json\/wp\/v2\/media?parent=4011"}],"wp:term":[{"taxonomy":"product_brand","embeddable":true,"href":"https:\/\/mcazorla.com\/fr\/wp-json\/wp\/v2\/product_brand?post=4011"},{"taxonomy":"product_cat","embeddable":true,"href":"https:\/\/mcazorla.com\/fr\/wp-json\/wp\/v2\/product_cat?post=4011"},{"taxonomy":"product_tag","embeddable":true,"href":"https:\/\/mcazorla.com\/fr\/wp-json\/wp\/v2\/product_tag?post=4011"}],"curies":[{"name":"wp","href":"https:\/\/api.w.org\/{rel}","templated":true}]}}