{"id":4025,"date":"2021-11-28T18:30:55","date_gmt":"2021-11-28T18:30:55","guid":{"rendered":"https:\/\/mcazorla.com\/producto\/cultivi-granulado\/"},"modified":"2022-02-25T14:16:07","modified_gmt":"2022-02-25T14:16:07","slug":"cultivi-granule","status":"publish","type":"product","link":"https:\/\/mcazorla.com\/fr\/producte\/cultivi-granule\/","title":{"rendered":"Cultivi granul\u00e9"},"content":{"rendered":"<p>Richesses garanties :<\/p>\n<ul>\n<li>Mati\u00e8re organique totale\u00a0: 54,4\u00a0% s.m.s<\/li>\n<li>Mati\u00e8re organique oxydable\u00a0: 41,0\u00a0% s.m.s.<\/li>\n<li>Extrait humique total\u00a0: 12\u00a0% s.m.s<\/li>\n<li>Acides humiques\u00a0: 9\u00a0% s.m.s<\/li>\n<li>Acides fulviques\u00a0: 3\u00a0% s.m.s<\/li>\n<li>Azote total\u00a0: 3\u00a0% s.m.s<\/li>\n<li>Azote organique\u00a0: 3\u00a0% s.m.s<\/li>\n<li>Phosphore total (P<sub>2<\/sub>O 5<sub><\/sub>)\u00a0: 2,5\u00a0% s.m.s<\/li>\n<li>Potasse totale (K<sub>2<\/sub>O)\u00a0: 2,5\u00a0% s.m.s<\/li>\n<li>Total des micro-organismes\u00a0: 8,7\u00a0x\u00a010<sub>9<\/sub> mcg\/*gr<\/li>\n<li>Rapport C\/N\u00a0: 11<\/li>\n<li>pH\u00a0: 7<\/li>\n<li>Humidit\u00e9 maximale\u00a0: 15\u00a0%<\/li>\n<\/ul>\n","protected":false},"excerpt":{"rendered":"<p><strong>Cultivi Granul\u00e9<\/strong> est un engrais organique provenant de la fermentation contr\u00f4l\u00e9e de fumier de brebis. Son emploi favorise et stabilise la structure du sol, am\u00e9liorant tant les sols l\u00e9gers comme les lourds. Il am\u00e9liore en m\u00eame temps l&rsquo;air\u00e9ation et la r\u00e9tention d&rsquo;eau; augmente la vie microbienne, lib\u00e9rant et mettant \u00e0 disposition des plantes une grande vari\u00e9t\u00e9 d&rsquo;oligo\u00e9l\u00e9ments. <\/p>\n<p><strong>Cultivi Granul\u00e9<\/strong> ne contient pas de semences ni de mauvaises herbes, ni des champignons pathog\u00e8nes, ni cailloux que normalement on trouve dans les fumiers de brevis traditionnels. <\/p>\n","protected":false},"featured_media":2779,"template":"","meta":[],"product_brand":[],"product_cat":[181,182],"product_tag":[],"class_list":{"0":"post-4025","1":"product","2":"type-product","3":"status-publish","4":"has-post-thumbnail","6":"product_cat-engrais","7":"product_cat-engrais-organiques","9":"first","10":"instock","11":"shipping-taxable","12":"product-type-simple"},"yoast_head":"<!-- This site is optimized with the Yoast SEO plugin v27.4 - https:\/\/yoast.com\/product\/yoast-seo-wordpress\/ -->\n<title>Cultivi granul\u00e9 - M. Cazorla<\/title>\n<meta name=\"robots\" content=\"index, follow, max-snippet:-1, max-image-preview:large, max-video-preview:-1\" \/>\n<link rel=\"canonical\" href=\"https:\/\/mcazorla.com\/fr\/producte\/cultivi-granule\/\" \/>\n<meta property=\"og:locale\" content=\"fr_FR\" \/>\n<meta property=\"og:type\" content=\"article\" \/>\n<meta property=\"og:title\" content=\"Cultivi granul\u00e9 - M. Cazorla\" \/>\n<meta property=\"og:description\" content=\"Cultivi Granul\u00e9 est un engrais organique provenant de la fermentation contr\u00f4l\u00e9e de fumier de brebis. Son emploi favorise et stabilise la structure du sol, am\u00e9liorant tant les sols l\u00e9gers comme les lourds. Il am\u00e9liore en m\u00eame temps l&#039;air\u00e9ation et la r\u00e9tention d&#039;eau; augmente la vie microbienne, lib\u00e9rant et mettant \u00e0 disposition des plantes une grande vari\u00e9t\u00e9 d&#039;oligo\u00e9l\u00e9ments.   Cultivi Granul\u00e9 ne contient pas de semences ni de mauvaises herbes, ni des champignons pathog\u00e8nes, ni cailloux que normalement on trouve dans les fumiers de brevis traditionnels.\" \/>\n<meta property=\"og:url\" content=\"https:\/\/mcazorla.com\/fr\/producte\/cultivi-granule\/\" \/>\n<meta property=\"og:site_name\" content=\"M. Cazorla\" \/>\n<meta property=\"article:modified_time\" content=\"2022-02-25T14:16:07+00:00\" \/>\n<meta property=\"og:image\" content=\"https:\/\/mcazorla.com\/wp-content\/uploads\/2021\/11\/p18s2vdko6cuh1dp96qs57e1tue1-1.jpeg\" \/>\n\t<meta property=\"og:image:width\" content=\"570\" \/>\n\t<meta property=\"og:image:height\" content=\"440\" \/>\n\t<meta property=\"og:image:type\" content=\"image\/jpeg\" \/>\n<meta name=\"twitter:card\" content=\"summary_large_image\" \/>\n<script type=\"application\/ld+json\" class=\"yoast-schema-graph\">{\"@context\":\"https:\\\/\\\/schema.org\",\"@graph\":[{\"@type\":\"WebPage\",\"@id\":\"https:\\\/\\\/mcazorla.com\\\/fr\\\/producte\\\/cultivi-granule\\\/\",\"url\":\"https:\\\/\\\/mcazorla.com\\\/fr\\\/producte\\\/cultivi-granule\\\/\",\"name\":\"Cultivi granul\u00e9 - M. Cazorla\",\"isPartOf\":{\"@id\":\"https:\\\/\\\/mcazorla.com\\\/#website\"},\"primaryImageOfPage\":{\"@id\":\"https:\\\/\\\/mcazorla.com\\\/fr\\\/producte\\\/cultivi-granule\\\/#primaryimage\"},\"image\":{\"@id\":\"https:\\\/\\\/mcazorla.com\\\/fr\\\/producte\\\/cultivi-granule\\\/#primaryimage\"},\"thumbnailUrl\":\"https:\\\/\\\/mcazorla.com\\\/wp-content\\\/uploads\\\/2021\\\/11\\\/p18s2vdko6cuh1dp96qs57e1tue1-1.jpeg\",\"datePublished\":\"2021-11-28T18:30:55+00:00\",\"dateModified\":\"2022-02-25T14:16:07+00:00\",\"breadcrumb\":{\"@id\":\"https:\\\/\\\/mcazorla.com\\\/fr\\\/producte\\\/cultivi-granule\\\/#breadcrumb\"},\"inLanguage\":\"fr-FR\",\"potentialAction\":[{\"@type\":\"ReadAction\",\"target\":[\"https:\\\/\\\/mcazorla.com\\\/fr\\\/producte\\\/cultivi-granule\\\/\"]}]},{\"@type\":\"ImageObject\",\"inLanguage\":\"fr-FR\",\"@id\":\"https:\\\/\\\/mcazorla.com\\\/fr\\\/producte\\\/cultivi-granule\\\/#primaryimage\",\"url\":\"https:\\\/\\\/mcazorla.com\\\/wp-content\\\/uploads\\\/2021\\\/11\\\/p18s2vdko6cuh1dp96qs57e1tue1-1.jpeg\",\"contentUrl\":\"https:\\\/\\\/mcazorla.com\\\/wp-content\\\/uploads\\\/2021\\\/11\\\/p18s2vdko6cuh1dp96qs57e1tue1-1.jpeg\",\"width\":570,\"height\":440},{\"@type\":\"BreadcrumbList\",\"@id\":\"https:\\\/\\\/mcazorla.com\\\/fr\\\/producte\\\/cultivi-granule\\\/#breadcrumb\",\"itemListElement\":[{\"@type\":\"ListItem\",\"position\":1,\"name\":\"Portada\",\"item\":\"https:\\\/\\\/mcazorla.com\\\/fr\\\/\"},{\"@type\":\"ListItem\",\"position\":2,\"name\":\"Productes\",\"item\":\"https:\\\/\\\/mcazorla.com\\\/productes\\\/\"},{\"@type\":\"ListItem\",\"position\":3,\"name\":\"Cultivi granul\u00e9\"}]},{\"@type\":\"WebSite\",\"@id\":\"https:\\\/\\\/mcazorla.com\\\/#website\",\"url\":\"https:\\\/\\\/mcazorla.com\\\/\",\"name\":\"M. Cazorla\",\"description\":\"Comercialitzaci\u00f3 de llavors, fertilizants, adobs ,fitosanitaris i cereals.\",\"potentialAction\":[{\"@type\":\"SearchAction\",\"target\":{\"@type\":\"EntryPoint\",\"urlTemplate\":\"https:\\\/\\\/mcazorla.com\\\/?s={search_term_string}\"},\"query-input\":{\"@type\":\"PropertyValueSpecification\",\"valueRequired\":true,\"valueName\":\"search_term_string\"}}],\"inLanguage\":\"fr-FR\"}]}<\/script>\n<!-- \/ Yoast SEO plugin. -->","yoast_head_json":{"title":"Cultivi granul\u00e9 - M. Cazorla","robots":{"index":"index","follow":"follow","max-snippet":"max-snippet:-1","max-image-preview":"max-image-preview:large","max-video-preview":"max-video-preview:-1"},"canonical":"https:\/\/mcazorla.com\/fr\/producte\/cultivi-granule\/","og_locale":"fr_FR","og_type":"article","og_title":"Cultivi granul\u00e9 - M. Cazorla","og_description":"Cultivi Granul\u00e9 est un engrais organique provenant de la fermentation contr\u00f4l\u00e9e de fumier de brebis. Son emploi favorise et stabilise la structure du sol, am\u00e9liorant tant les sols l\u00e9gers comme les lourds. Il am\u00e9liore en m\u00eame temps l'air\u00e9ation et la r\u00e9tention d'eau; augmente la vie microbienne, lib\u00e9rant et mettant \u00e0 disposition des plantes une grande vari\u00e9t\u00e9 d'oligo\u00e9l\u00e9ments.   Cultivi Granul\u00e9 ne contient pas de semences ni de mauvaises herbes, ni des champignons pathog\u00e8nes, ni cailloux que normalement on trouve dans les fumiers de brevis traditionnels.","og_url":"https:\/\/mcazorla.com\/fr\/producte\/cultivi-granule\/","og_site_name":"M. Cazorla","article_modified_time":"2022-02-25T14:16:07+00:00","og_image":[{"width":570,"height":440,"url":"https:\/\/mcazorla.com\/wp-content\/uploads\/2021\/11\/p18s2vdko6cuh1dp96qs57e1tue1-1.jpeg","type":"image\/jpeg"}],"twitter_card":"summary_large_image","schema":{"@context":"https:\/\/schema.org","@graph":[{"@type":"WebPage","@id":"https:\/\/mcazorla.com\/fr\/producte\/cultivi-granule\/","url":"https:\/\/mcazorla.com\/fr\/producte\/cultivi-granule\/","name":"Cultivi granul\u00e9 - M. Cazorla","isPartOf":{"@id":"https:\/\/mcazorla.com\/#website"},"primaryImageOfPage":{"@id":"https:\/\/mcazorla.com\/fr\/producte\/cultivi-granule\/#primaryimage"},"image":{"@id":"https:\/\/mcazorla.com\/fr\/producte\/cultivi-granule\/#primaryimage"},"thumbnailUrl":"https:\/\/mcazorla.com\/wp-content\/uploads\/2021\/11\/p18s2vdko6cuh1dp96qs57e1tue1-1.jpeg","datePublished":"2021-11-28T18:30:55+00:00","dateModified":"2022-02-25T14:16:07+00:00","breadcrumb":{"@id":"https:\/\/mcazorla.com\/fr\/producte\/cultivi-granule\/#breadcrumb"},"inLanguage":"fr-FR","potentialAction":[{"@type":"ReadAction","target":["https:\/\/mcazorla.com\/fr\/producte\/cultivi-granule\/"]}]},{"@type":"ImageObject","inLanguage":"fr-FR","@id":"https:\/\/mcazorla.com\/fr\/producte\/cultivi-granule\/#primaryimage","url":"https:\/\/mcazorla.com\/wp-content\/uploads\/2021\/11\/p18s2vdko6cuh1dp96qs57e1tue1-1.jpeg","contentUrl":"https:\/\/mcazorla.com\/wp-content\/uploads\/2021\/11\/p18s2vdko6cuh1dp96qs57e1tue1-1.jpeg","width":570,"height":440},{"@type":"BreadcrumbList","@id":"https:\/\/mcazorla.com\/fr\/producte\/cultivi-granule\/#breadcrumb","itemListElement":[{"@type":"ListItem","position":1,"name":"Portada","item":"https:\/\/mcazorla.com\/fr\/"},{"@type":"ListItem","position":2,"name":"Productes","item":"https:\/\/mcazorla.com\/productes\/"},{"@type":"ListItem","position":3,"name":"Cultivi granul\u00e9"}]},{"@type":"WebSite","@id":"https:\/\/mcazorla.com\/#website","url":"https:\/\/mcazorla.com\/","name":"M. Cazorla","description":"Comercialitzaci\u00f3 de llavors, fertilizants, adobs ,fitosanitaris i cereals.","potentialAction":[{"@type":"SearchAction","target":{"@type":"EntryPoint","urlTemplate":"https:\/\/mcazorla.com\/?s={search_term_string}"},"query-input":{"@type":"PropertyValueSpecification","valueRequired":true,"valueName":"search_term_string"}}],"inLanguage":"fr-FR"}]}},"_links":{"self":[{"href":"https:\/\/mcazorla.com\/fr\/wp-json\/wp\/v2\/product\/4025","targetHints":{"allow":["GET"]}}],"collection":[{"href":"https:\/\/mcazorla.com\/fr\/wp-json\/wp\/v2\/product"}],"about":[{"href":"https:\/\/mcazorla.com\/fr\/wp-json\/wp\/v2\/types\/product"}],"wp:featuredmedia":[{"embeddable":true,"href":"https:\/\/mcazorla.com\/fr\/wp-json\/wp\/v2\/media\/2779"}],"wp:attachment":[{"href":"https:\/\/mcazorla.com\/fr\/wp-json\/wp\/v2\/media?parent=4025"}],"wp:term":[{"taxonomy":"product_brand","embeddable":true,"href":"https:\/\/mcazorla.com\/fr\/wp-json\/wp\/v2\/product_brand?post=4025"},{"taxonomy":"product_cat","embeddable":true,"href":"https:\/\/mcazorla.com\/fr\/wp-json\/wp\/v2\/product_cat?post=4025"},{"taxonomy":"product_tag","embeddable":true,"href":"https:\/\/mcazorla.com\/fr\/wp-json\/wp\/v2\/product_tag?post=4025"}],"curies":[{"name":"wp","href":"https:\/\/api.w.org\/{rel}","templated":true}]}}