{"id":4028,"date":"2021-11-28T18:22:48","date_gmt":"2021-11-28T18:22:48","guid":{"rendered":"https:\/\/mcazorla.com\/producto\/cultivi-pols\/"},"modified":"2022-02-25T14:23:44","modified_gmt":"2022-02-25T14:23:44","slug":"cultivi-poudre","status":"publish","type":"product","link":"https:\/\/mcazorla.com\/fr\/producte\/cultivi-poudre\/","title":{"rendered":"Cultivi poudre"},"content":{"rendered":"<p>Richesses garanties :<\/p>\n<ul>\n<li>Mati\u00e8re organique totale\u00a0: 54,4\u00a0% s.m.s.<\/li>\n<li>Mati\u00e8re organique oxydable\u00a0: 41,0\u00a0% s.m.s.<\/li>\n<li>Extrait humique total\u00a0: 12\u00a0% s.m.s<\/li>\n<li>Acides humiques\u00a0: 9\u00a0% s.m.s<\/li>\n<li>Acides fulviques\u00a0: 3\u00a0% s.m.s<\/li>\n<li>Azote organique total\u00a0: 3\u00a0% s.m.s<\/li>\n<li>Phosphore total (P<sub>2<\/sub>O 5<sub><\/sub>)\u00a0: 3,50\u00a0%<\/li>\n<li>Potasse totale (K<sub>2<\/sub>O)&#8230;&#8230;&#8230;&#8230; 2,50\u00a0%<\/li>\n<li>Fer total\u00a0: 2,10\u00a0%<\/li>\n<li>Total des micro-organismes\u00a0: 8,1\u00a0x\u00a010<sub>9<\/sub> mcg\/*gr<\/li>\n<li>Azobacter fixateur de N\u00a0: 8,6\u00a0x\u00a010<sub>7<\/sub> mcg\/*gr<\/li>\n<li>Rapport C\/N\u00a0: 10<\/li>\n<li>pH\u00a0: 7<\/li>\n<li>Humidit\u00e9 maximale\u00a0: 38\u00a0%<\/li>\n<\/ul>\n","protected":false},"excerpt":{"rendered":"<p><strong>Cultivi Poudre<\/strong> \u00e9s un engrais organique provenant de la fermentation control\u00e9 du fumier de brevis. Son utilisation favorise et estabilise l&rsquo;estructure du s\u00f2l, en ameliorant les sols legers et lourds. Favorise aussi l&rsquo;aireation et la retention d&rsquo;eau , en augmentant la vie microbienne, en liberant et en mettant \u00e0 disposition des plantes une grande vari\u00e9t\u00e9 des oligoelements. <\/p>\n<p><strong>Cultivi Poudre<\/strong> ne contient pas ni semences ni mauvaises herbes, ni non plus des champignons pathogenes, ni cailloux qui se trouvent normalement dans les engrais de fumier de brevis traditionels.<\/p>\n","protected":false},"featured_media":2773,"template":"","meta":[],"product_brand":[],"product_cat":[181,182],"product_tag":[],"class_list":{"0":"post-4028","1":"product","2":"type-product","3":"status-publish","4":"has-post-thumbnail","6":"product_cat-engrais","7":"product_cat-engrais-organiques","9":"first","10":"instock","11":"shipping-taxable","12":"product-type-simple"},"yoast_head":"<!-- This site is optimized with the Yoast SEO plugin v27.3 - https:\/\/yoast.com\/product\/yoast-seo-wordpress\/ -->\n<title>Cultivi poudre - M. Cazorla<\/title>\n<meta name=\"robots\" content=\"index, follow, max-snippet:-1, max-image-preview:large, max-video-preview:-1\" \/>\n<link rel=\"canonical\" href=\"https:\/\/mcazorla.com\/fr\/producte\/cultivi-poudre\/\" \/>\n<meta property=\"og:locale\" content=\"fr_FR\" \/>\n<meta property=\"og:type\" content=\"article\" \/>\n<meta property=\"og:title\" content=\"Cultivi poudre - M. Cazorla\" \/>\n<meta property=\"og:description\" content=\"Cultivi Poudre \u00e9s un engrais organique provenant de la fermentation control\u00e9 du fumier de brevis. Son utilisation favorise et estabilise l&#039;estructure du s\u00f2l, en ameliorant les sols legers et lourds. Favorise aussi l&#039;aireation et la retention d&#039;eau , en augmentant la vie microbienne, en liberant et en mettant \u00e0 disposition des plantes une grande vari\u00e9t\u00e9 des oligoelements.   Cultivi Poudre ne contient pas ni semences ni mauvaises herbes, ni non plus des champignons pathogenes, ni cailloux qui se trouvent normalement dans les engrais de fumier de brevis traditionels.\" \/>\n<meta property=\"og:url\" content=\"https:\/\/mcazorla.com\/fr\/producte\/cultivi-poudre\/\" \/>\n<meta property=\"og:site_name\" content=\"M. Cazorla\" \/>\n<meta property=\"article:modified_time\" content=\"2022-02-25T14:23:44+00:00\" \/>\n<meta property=\"og:image\" content=\"https:\/\/mcazorla.com\/wp-content\/uploads\/2021\/11\/p18s2vsmc762uudk3vv1qkdhi31.jpeg\" \/>\n\t<meta property=\"og:image:width\" content=\"570\" \/>\n\t<meta property=\"og:image:height\" content=\"440\" \/>\n\t<meta property=\"og:image:type\" content=\"image\/jpeg\" \/>\n<meta name=\"twitter:card\" content=\"summary_large_image\" \/>\n<script type=\"application\/ld+json\" class=\"yoast-schema-graph\">{\"@context\":\"https:\\\/\\\/schema.org\",\"@graph\":[{\"@type\":\"WebPage\",\"@id\":\"https:\\\/\\\/mcazorla.com\\\/fr\\\/producte\\\/cultivi-poudre\\\/\",\"url\":\"https:\\\/\\\/mcazorla.com\\\/fr\\\/producte\\\/cultivi-poudre\\\/\",\"name\":\"Cultivi poudre - M. Cazorla\",\"isPartOf\":{\"@id\":\"https:\\\/\\\/mcazorla.com\\\/#website\"},\"primaryImageOfPage\":{\"@id\":\"https:\\\/\\\/mcazorla.com\\\/fr\\\/producte\\\/cultivi-poudre\\\/#primaryimage\"},\"image\":{\"@id\":\"https:\\\/\\\/mcazorla.com\\\/fr\\\/producte\\\/cultivi-poudre\\\/#primaryimage\"},\"thumbnailUrl\":\"https:\\\/\\\/mcazorla.com\\\/wp-content\\\/uploads\\\/2021\\\/11\\\/p18s2vsmc762uudk3vv1qkdhi31.jpeg\",\"datePublished\":\"2021-11-28T18:22:48+00:00\",\"dateModified\":\"2022-02-25T14:23:44+00:00\",\"breadcrumb\":{\"@id\":\"https:\\\/\\\/mcazorla.com\\\/fr\\\/producte\\\/cultivi-poudre\\\/#breadcrumb\"},\"inLanguage\":\"fr-FR\",\"potentialAction\":[{\"@type\":\"ReadAction\",\"target\":[\"https:\\\/\\\/mcazorla.com\\\/fr\\\/producte\\\/cultivi-poudre\\\/\"]}]},{\"@type\":\"ImageObject\",\"inLanguage\":\"fr-FR\",\"@id\":\"https:\\\/\\\/mcazorla.com\\\/fr\\\/producte\\\/cultivi-poudre\\\/#primaryimage\",\"url\":\"https:\\\/\\\/mcazorla.com\\\/wp-content\\\/uploads\\\/2021\\\/11\\\/p18s2vsmc762uudk3vv1qkdhi31.jpeg\",\"contentUrl\":\"https:\\\/\\\/mcazorla.com\\\/wp-content\\\/uploads\\\/2021\\\/11\\\/p18s2vsmc762uudk3vv1qkdhi31.jpeg\",\"width\":570,\"height\":440},{\"@type\":\"BreadcrumbList\",\"@id\":\"https:\\\/\\\/mcazorla.com\\\/fr\\\/producte\\\/cultivi-poudre\\\/#breadcrumb\",\"itemListElement\":[{\"@type\":\"ListItem\",\"position\":1,\"name\":\"Portada\",\"item\":\"https:\\\/\\\/mcazorla.com\\\/fr\\\/\"},{\"@type\":\"ListItem\",\"position\":2,\"name\":\"Productes\",\"item\":\"https:\\\/\\\/mcazorla.com\\\/productes\\\/\"},{\"@type\":\"ListItem\",\"position\":3,\"name\":\"Cultivi poudre\"}]},{\"@type\":\"WebSite\",\"@id\":\"https:\\\/\\\/mcazorla.com\\\/#website\",\"url\":\"https:\\\/\\\/mcazorla.com\\\/\",\"name\":\"M. Cazorla\",\"description\":\"Comercialitzaci\u00f3 de llavors, fertilizants, adobs ,fitosanitaris i cereals.\",\"potentialAction\":[{\"@type\":\"SearchAction\",\"target\":{\"@type\":\"EntryPoint\",\"urlTemplate\":\"https:\\\/\\\/mcazorla.com\\\/?s={search_term_string}\"},\"query-input\":{\"@type\":\"PropertyValueSpecification\",\"valueRequired\":true,\"valueName\":\"search_term_string\"}}],\"inLanguage\":\"fr-FR\"}]}<\/script>\n<!-- \/ Yoast SEO plugin. -->","yoast_head_json":{"title":"Cultivi poudre - M. Cazorla","robots":{"index":"index","follow":"follow","max-snippet":"max-snippet:-1","max-image-preview":"max-image-preview:large","max-video-preview":"max-video-preview:-1"},"canonical":"https:\/\/mcazorla.com\/fr\/producte\/cultivi-poudre\/","og_locale":"fr_FR","og_type":"article","og_title":"Cultivi poudre - M. Cazorla","og_description":"Cultivi Poudre \u00e9s un engrais organique provenant de la fermentation control\u00e9 du fumier de brevis. Son utilisation favorise et estabilise l'estructure du s\u00f2l, en ameliorant les sols legers et lourds. Favorise aussi l'aireation et la retention d'eau , en augmentant la vie microbienne, en liberant et en mettant \u00e0 disposition des plantes une grande vari\u00e9t\u00e9 des oligoelements.   Cultivi Poudre ne contient pas ni semences ni mauvaises herbes, ni non plus des champignons pathogenes, ni cailloux qui se trouvent normalement dans les engrais de fumier de brevis traditionels.","og_url":"https:\/\/mcazorla.com\/fr\/producte\/cultivi-poudre\/","og_site_name":"M. Cazorla","article_modified_time":"2022-02-25T14:23:44+00:00","og_image":[{"width":570,"height":440,"url":"https:\/\/mcazorla.com\/wp-content\/uploads\/2021\/11\/p18s2vsmc762uudk3vv1qkdhi31.jpeg","type":"image\/jpeg"}],"twitter_card":"summary_large_image","schema":{"@context":"https:\/\/schema.org","@graph":[{"@type":"WebPage","@id":"https:\/\/mcazorla.com\/fr\/producte\/cultivi-poudre\/","url":"https:\/\/mcazorla.com\/fr\/producte\/cultivi-poudre\/","name":"Cultivi poudre - M. Cazorla","isPartOf":{"@id":"https:\/\/mcazorla.com\/#website"},"primaryImageOfPage":{"@id":"https:\/\/mcazorla.com\/fr\/producte\/cultivi-poudre\/#primaryimage"},"image":{"@id":"https:\/\/mcazorla.com\/fr\/producte\/cultivi-poudre\/#primaryimage"},"thumbnailUrl":"https:\/\/mcazorla.com\/wp-content\/uploads\/2021\/11\/p18s2vsmc762uudk3vv1qkdhi31.jpeg","datePublished":"2021-11-28T18:22:48+00:00","dateModified":"2022-02-25T14:23:44+00:00","breadcrumb":{"@id":"https:\/\/mcazorla.com\/fr\/producte\/cultivi-poudre\/#breadcrumb"},"inLanguage":"fr-FR","potentialAction":[{"@type":"ReadAction","target":["https:\/\/mcazorla.com\/fr\/producte\/cultivi-poudre\/"]}]},{"@type":"ImageObject","inLanguage":"fr-FR","@id":"https:\/\/mcazorla.com\/fr\/producte\/cultivi-poudre\/#primaryimage","url":"https:\/\/mcazorla.com\/wp-content\/uploads\/2021\/11\/p18s2vsmc762uudk3vv1qkdhi31.jpeg","contentUrl":"https:\/\/mcazorla.com\/wp-content\/uploads\/2021\/11\/p18s2vsmc762uudk3vv1qkdhi31.jpeg","width":570,"height":440},{"@type":"BreadcrumbList","@id":"https:\/\/mcazorla.com\/fr\/producte\/cultivi-poudre\/#breadcrumb","itemListElement":[{"@type":"ListItem","position":1,"name":"Portada","item":"https:\/\/mcazorla.com\/fr\/"},{"@type":"ListItem","position":2,"name":"Productes","item":"https:\/\/mcazorla.com\/productes\/"},{"@type":"ListItem","position":3,"name":"Cultivi poudre"}]},{"@type":"WebSite","@id":"https:\/\/mcazorla.com\/#website","url":"https:\/\/mcazorla.com\/","name":"M. Cazorla","description":"Comercialitzaci\u00f3 de llavors, fertilizants, adobs ,fitosanitaris i cereals.","potentialAction":[{"@type":"SearchAction","target":{"@type":"EntryPoint","urlTemplate":"https:\/\/mcazorla.com\/?s={search_term_string}"},"query-input":{"@type":"PropertyValueSpecification","valueRequired":true,"valueName":"search_term_string"}}],"inLanguage":"fr-FR"}]}},"_links":{"self":[{"href":"https:\/\/mcazorla.com\/fr\/wp-json\/wp\/v2\/product\/4028","targetHints":{"allow":["GET"]}}],"collection":[{"href":"https:\/\/mcazorla.com\/fr\/wp-json\/wp\/v2\/product"}],"about":[{"href":"https:\/\/mcazorla.com\/fr\/wp-json\/wp\/v2\/types\/product"}],"wp:featuredmedia":[{"embeddable":true,"href":"https:\/\/mcazorla.com\/fr\/wp-json\/wp\/v2\/media\/2773"}],"wp:attachment":[{"href":"https:\/\/mcazorla.com\/fr\/wp-json\/wp\/v2\/media?parent=4028"}],"wp:term":[{"taxonomy":"product_brand","embeddable":true,"href":"https:\/\/mcazorla.com\/fr\/wp-json\/wp\/v2\/product_brand?post=4028"},{"taxonomy":"product_cat","embeddable":true,"href":"https:\/\/mcazorla.com\/fr\/wp-json\/wp\/v2\/product_cat?post=4028"},{"taxonomy":"product_tag","embeddable":true,"href":"https:\/\/mcazorla.com\/fr\/wp-json\/wp\/v2\/product_tag?post=4028"}],"curies":[{"name":"wp","href":"https:\/\/api.w.org\/{rel}","templated":true}]}}