{"id":4093,"date":"2022-06-28T07:06:58","date_gmt":"2022-06-28T07:09:20","guid":{"rendered":"https:\/\/www.mcazorla.com\/?post_type=product&#038;p=4093"},"modified":"2022-06-28T07:15:30","modified_gmt":"2022-06-28T07:15:30","slug":"injecteurs","status":"publish","type":"product","link":"https:\/\/mcazorla.com\/fr\/producte\/injecteurs\/","title":{"rendered":"Injecteurs"},"content":{"rendered":"<p>Con\u00e7us pour l&rsquo;application de fer ou fertilizants, et fabriqu\u00e9s en acier inox, laiton et plastique d&rsquo;haute r\u00e9sistance<\/p>\n","protected":false},"excerpt":{"rendered":"<p>Con\u00e7us pour l&rsquo;application de fer ou fertilizants, et fabriqu\u00e9s en  [&#8230;]<\/p>\n","protected":false},"featured_media":4108,"template":"","meta":[],"product_brand":[],"product_cat":[219],"product_tag":[],"class_list":{"0":"post-4093","1":"product","2":"type-product","3":"status-publish","4":"has-post-thumbnail","6":"product_cat-divers","8":"first","9":"instock","10":"shipping-taxable","11":"product-type-simple"},"yoast_head":"<!-- This site is optimized with the Yoast SEO plugin v27.3 - https:\/\/yoast.com\/product\/yoast-seo-wordpress\/ -->\n<title>Injecteurs - M. Cazorla<\/title>\n<meta name=\"robots\" content=\"index, follow, max-snippet:-1, max-image-preview:large, max-video-preview:-1\" \/>\n<link rel=\"canonical\" href=\"https:\/\/mcazorla.com\/fr\/producte\/injecteurs\/\" \/>\n<meta property=\"og:locale\" content=\"fr_FR\" \/>\n<meta property=\"og:type\" content=\"article\" \/>\n<meta property=\"og:title\" content=\"Injecteurs - M. Cazorla\" \/>\n<meta property=\"og:description\" content=\"Con\u00e7us pour l&rsquo;application de fer ou fertilizants, et fabriqu\u00e9s en [...]\" \/>\n<meta property=\"og:url\" content=\"https:\/\/mcazorla.com\/fr\/producte\/injecteurs\/\" \/>\n<meta property=\"og:site_name\" content=\"M. Cazorla\" \/>\n<meta property=\"article:modified_time\" content=\"2022-06-28T07:15:30+00:00\" \/>\n<meta name=\"twitter:card\" content=\"summary_large_image\" \/>\n<meta name=\"twitter:label1\" content=\"Dur\u00e9e de lecture estim\u00e9e\" \/>\n\t<meta name=\"twitter:data1\" content=\"1 minute\" \/>\n<script type=\"application\/ld+json\" class=\"yoast-schema-graph\">{\"@context\":\"https:\\\/\\\/schema.org\",\"@graph\":[{\"@type\":\"WebPage\",\"@id\":\"https:\\\/\\\/mcazorla.com\\\/fr\\\/producte\\\/injecteurs\\\/\",\"url\":\"https:\\\/\\\/mcazorla.com\\\/fr\\\/producte\\\/injecteurs\\\/\",\"name\":\"Injecteurs - M. Cazorla\",\"isPartOf\":{\"@id\":\"https:\\\/\\\/mcazorla.com\\\/#website\"},\"primaryImageOfPage\":{\"@id\":\"https:\\\/\\\/mcazorla.com\\\/fr\\\/producte\\\/injecteurs\\\/#primaryimage\"},\"image\":{\"@id\":\"https:\\\/\\\/mcazorla.com\\\/fr\\\/producte\\\/injecteurs\\\/#primaryimage\"},\"thumbnailUrl\":\"https:\\\/\\\/mcazorla.com\\\/wp-content\\\/uploads\\\/2022\\\/06\\\/injector-vinya.bmp\",\"datePublished\":\"2022-06-28T07:09:20+00:00\",\"dateModified\":\"2022-06-28T07:15:30+00:00\",\"breadcrumb\":{\"@id\":\"https:\\\/\\\/mcazorla.com\\\/fr\\\/producte\\\/injecteurs\\\/#breadcrumb\"},\"inLanguage\":\"fr-FR\",\"potentialAction\":[{\"@type\":\"ReadAction\",\"target\":[\"https:\\\/\\\/mcazorla.com\\\/fr\\\/producte\\\/injecteurs\\\/\"]}]},{\"@type\":\"ImageObject\",\"inLanguage\":\"fr-FR\",\"@id\":\"https:\\\/\\\/mcazorla.com\\\/fr\\\/producte\\\/injecteurs\\\/#primaryimage\",\"url\":\"https:\\\/\\\/mcazorla.com\\\/wp-content\\\/uploads\\\/2022\\\/06\\\/injector-vinya.bmp\",\"contentUrl\":\"https:\\\/\\\/mcazorla.com\\\/wp-content\\\/uploads\\\/2022\\\/06\\\/injector-vinya.bmp\",\"width\":157,\"height\":430},{\"@type\":\"BreadcrumbList\",\"@id\":\"https:\\\/\\\/mcazorla.com\\\/fr\\\/producte\\\/injecteurs\\\/#breadcrumb\",\"itemListElement\":[{\"@type\":\"ListItem\",\"position\":1,\"name\":\"Portada\",\"item\":\"https:\\\/\\\/mcazorla.com\\\/fr\\\/\"},{\"@type\":\"ListItem\",\"position\":2,\"name\":\"Productes\",\"item\":\"https:\\\/\\\/mcazorla.com\\\/productes\\\/\"},{\"@type\":\"ListItem\",\"position\":3,\"name\":\"Injecteurs\"}]},{\"@type\":\"WebSite\",\"@id\":\"https:\\\/\\\/mcazorla.com\\\/#website\",\"url\":\"https:\\\/\\\/mcazorla.com\\\/\",\"name\":\"M. Cazorla\",\"description\":\"Comercialitzaci\u00f3 de llavors, fertilizants, adobs ,fitosanitaris i cereals.\",\"potentialAction\":[{\"@type\":\"SearchAction\",\"target\":{\"@type\":\"EntryPoint\",\"urlTemplate\":\"https:\\\/\\\/mcazorla.com\\\/?s={search_term_string}\"},\"query-input\":{\"@type\":\"PropertyValueSpecification\",\"valueRequired\":true,\"valueName\":\"search_term_string\"}}],\"inLanguage\":\"fr-FR\"}]}<\/script>\n<!-- \/ Yoast SEO plugin. -->","yoast_head_json":{"title":"Injecteurs - M. Cazorla","robots":{"index":"index","follow":"follow","max-snippet":"max-snippet:-1","max-image-preview":"max-image-preview:large","max-video-preview":"max-video-preview:-1"},"canonical":"https:\/\/mcazorla.com\/fr\/producte\/injecteurs\/","og_locale":"fr_FR","og_type":"article","og_title":"Injecteurs - M. Cazorla","og_description":"Con\u00e7us pour l&rsquo;application de fer ou fertilizants, et fabriqu\u00e9s en [...]","og_url":"https:\/\/mcazorla.com\/fr\/producte\/injecteurs\/","og_site_name":"M. Cazorla","article_modified_time":"2022-06-28T07:15:30+00:00","twitter_card":"summary_large_image","twitter_misc":{"Dur\u00e9e de lecture estim\u00e9e":"1 minute"},"schema":{"@context":"https:\/\/schema.org","@graph":[{"@type":"WebPage","@id":"https:\/\/mcazorla.com\/fr\/producte\/injecteurs\/","url":"https:\/\/mcazorla.com\/fr\/producte\/injecteurs\/","name":"Injecteurs - M. Cazorla","isPartOf":{"@id":"https:\/\/mcazorla.com\/#website"},"primaryImageOfPage":{"@id":"https:\/\/mcazorla.com\/fr\/producte\/injecteurs\/#primaryimage"},"image":{"@id":"https:\/\/mcazorla.com\/fr\/producte\/injecteurs\/#primaryimage"},"thumbnailUrl":"https:\/\/mcazorla.com\/wp-content\/uploads\/2022\/06\/injector-vinya.bmp","datePublished":"2022-06-28T07:09:20+00:00","dateModified":"2022-06-28T07:15:30+00:00","breadcrumb":{"@id":"https:\/\/mcazorla.com\/fr\/producte\/injecteurs\/#breadcrumb"},"inLanguage":"fr-FR","potentialAction":[{"@type":"ReadAction","target":["https:\/\/mcazorla.com\/fr\/producte\/injecteurs\/"]}]},{"@type":"ImageObject","inLanguage":"fr-FR","@id":"https:\/\/mcazorla.com\/fr\/producte\/injecteurs\/#primaryimage","url":"https:\/\/mcazorla.com\/wp-content\/uploads\/2022\/06\/injector-vinya.bmp","contentUrl":"https:\/\/mcazorla.com\/wp-content\/uploads\/2022\/06\/injector-vinya.bmp","width":157,"height":430},{"@type":"BreadcrumbList","@id":"https:\/\/mcazorla.com\/fr\/producte\/injecteurs\/#breadcrumb","itemListElement":[{"@type":"ListItem","position":1,"name":"Portada","item":"https:\/\/mcazorla.com\/fr\/"},{"@type":"ListItem","position":2,"name":"Productes","item":"https:\/\/mcazorla.com\/productes\/"},{"@type":"ListItem","position":3,"name":"Injecteurs"}]},{"@type":"WebSite","@id":"https:\/\/mcazorla.com\/#website","url":"https:\/\/mcazorla.com\/","name":"M. Cazorla","description":"Comercialitzaci\u00f3 de llavors, fertilizants, adobs ,fitosanitaris i cereals.","potentialAction":[{"@type":"SearchAction","target":{"@type":"EntryPoint","urlTemplate":"https:\/\/mcazorla.com\/?s={search_term_string}"},"query-input":{"@type":"PropertyValueSpecification","valueRequired":true,"valueName":"search_term_string"}}],"inLanguage":"fr-FR"}]}},"_links":{"self":[{"href":"https:\/\/mcazorla.com\/fr\/wp-json\/wp\/v2\/product\/4093","targetHints":{"allow":["GET"]}}],"collection":[{"href":"https:\/\/mcazorla.com\/fr\/wp-json\/wp\/v2\/product"}],"about":[{"href":"https:\/\/mcazorla.com\/fr\/wp-json\/wp\/v2\/types\/product"}],"wp:featuredmedia":[{"embeddable":true,"href":"https:\/\/mcazorla.com\/fr\/wp-json\/wp\/v2\/media\/4108"}],"wp:attachment":[{"href":"https:\/\/mcazorla.com\/fr\/wp-json\/wp\/v2\/media?parent=4093"}],"wp:term":[{"taxonomy":"product_brand","embeddable":true,"href":"https:\/\/mcazorla.com\/fr\/wp-json\/wp\/v2\/product_brand?post=4093"},{"taxonomy":"product_cat","embeddable":true,"href":"https:\/\/mcazorla.com\/fr\/wp-json\/wp\/v2\/product_cat?post=4093"},{"taxonomy":"product_tag","embeddable":true,"href":"https:\/\/mcazorla.com\/fr\/wp-json\/wp\/v2\/product_tag?post=4093"}],"curies":[{"name":"wp","href":"https:\/\/api.w.org\/{rel}","templated":true}]}}