{"id":4178,"date":"2022-07-21T13:29:17","date_gmt":"2022-07-21T13:29:17","guid":{"rendered":"https:\/\/www.mcazorla.com\/?post_type=product&#038;p=4178"},"modified":"2022-09-23T10:50:51","modified_gmt":"2022-09-23T10:50:51","slug":"homeoclean","status":"publish","type":"product","link":"https:\/\/mcazorla.com\/fr\/producte\/homeoclean\/","title":{"rendered":"Homeoclean"},"content":{"rendered":"","protected":false},"excerpt":{"rendered":"<p>Savon potassique 100% naturel d&rsquo;origine v\u00e9g\u00e9tale. Il est compos\u00e9 de potasse et de mangan\u00e8se, d&rsquo;huiles v\u00e9g\u00e9tales nobles, d&rsquo;extraits et d&rsquo;essences de plantes, en particulier de Saponaire. Il se pr\u00e9sente sous forme liquide. Il active les processus m\u00e9taboliques et enzymatiques par son apport en mangan\u00e8se, accompagne les traitements contre les maladies cryptogamiques et les insectes. Apporte une meilleure resistance\u00a0 au lessivage. Effet barri\u00e8re en modifiant l&rsquo;environnement inm\u00e9diat.<\/p>\n<p>Teneurs garanties en \u00e9l\u00e9ments fertilisants (valeurs exprim\u00e9es sur produit brut): Mangan\u00e8se (Mn): 0.01% (100 mg\/L)<\/p>\n[fusion_table fusion_table_type=\"2\" fusion_table_rows=\"\" fusion_table_columns=\"\" margin_top=\"\" margin_right=\"\" margin_bottom=\"\" margin_left=\"\" hide_on_mobile=\"small-visibility,medium-visibility,large-visibility\" class=\"\" id=\"\" animation_type=\"\" animation_direction=\"left\" animation_speed=\"0.3\" animation_offset=\"\"]<\/p>\n<div class=\"table-2\">\n<table width=\"100%\">\n<thead>\n<tr>\n<th style=\"text-align: center;\" align=\"left\">Cultures<\/th>\n<th style=\"text-align: center;\" align=\"left\">Modalit\u00e9s d&rsquo;application<\/th>\n<th style=\"text-align: center;\" align=\"left\">Doses<\/th>\n<\/tr>\n<\/thead>\n<tbody>\n<tr>\n<td style=\"text-align: center;\" align=\"left\">Toutes cultures<\/td>\n<td style=\"text-align: center;\" align=\"left\">En accompagnement des traitements<\/td>\n<td style=\"text-align: center;\" align=\"left\">0.5 \u00e0 2% maximum<\/td>\n<\/tr>\n<tr>\n<td style=\"text-align: center;\" align=\"left\">Toutes cultures action normale (pr\u00e9ventif)<\/td>\n<td style=\"text-align: center;\" align=\"left\">Seul ou avec tests pr\u00e9alables (voir recommandations)<\/td>\n<td style=\"text-align: center;\" align=\"left\">2 \u00e0 5 litres \u00e0 diluer dans 100 litres d&rsquo;eau (2 \u00e0 5 %)<\/td>\n<\/tr>\n<tr>\n<td style=\"text-align: center;\" align=\"left\">Toutes cultures action forte (nettoyage)<\/td>\n<td style=\"text-align: center;\" align=\"left\">Seul ou avec tests pr\u00e9alables (voir recommandations)<\/td>\n<td style=\"text-align: center;\" align=\"left\">10 litres \u00e0 diluer dans 100 litres d&rsquo;eau (10%)<\/td>\n<\/tr>\n<\/tbody>\n<\/table>\n<\/div>\n<p>[\/fusion_table]\n<h3>Utilisable en Agriculture Biologique conform\u00e9ment au R\u00e8glement UE 2018\/848.<\/h3>\n<h3>Engrais NF U42-004.<\/h3>\n","protected":false},"featured_media":4389,"template":"","meta":[],"product_brand":[],"product_cat":[216,207],"product_tag":[],"class_list":{"0":"post-4178","1":"product","2":"type-product","3":"status-publish","4":"has-post-thumbnail","6":"product_cat-engrais-en-bio","7":"product_cat-produits-en-bio","9":"first","10":"instock","11":"shipping-taxable","12":"product-type-simple"},"yoast_head":"<!-- This site is optimized with the Yoast SEO plugin v27.4 - https:\/\/yoast.com\/product\/yoast-seo-wordpress\/ -->\n<title>Homeoclean - M. Cazorla<\/title>\n<meta name=\"robots\" content=\"index, follow, max-snippet:-1, max-image-preview:large, max-video-preview:-1\" \/>\n<link rel=\"canonical\" href=\"https:\/\/mcazorla.com\/fr\/producte\/homeoclean\/\" \/>\n<meta property=\"og:locale\" content=\"fr_FR\" \/>\n<meta property=\"og:type\" content=\"article\" \/>\n<meta property=\"og:title\" content=\"Homeoclean - M. Cazorla\" \/>\n<meta property=\"og:description\" content=\"Savon potassique 100% naturel d&#039;origine v\u00e9g\u00e9tale. Il est compos\u00e9 de potasse et de mangan\u00e8se, d&#039;huiles v\u00e9g\u00e9tales nobles, d&#039;extraits et d&#039;essences de plantes, en particulier de Saponaire. Il se pr\u00e9sente sous forme liquide. Il active les processus m\u00e9taboliques et enzymatiques par son apport en mangan\u00e8se, accompagne les traitements contre les maladies cryptogamiques et les insectes. Apporte une meilleure resistance\u00a0 au lessivage. Effet barri\u00e8re en modifiant l&#039;environnement inm\u00e9diat.  Teneurs garanties en \u00e9l\u00e9ments fertilisants (valeurs exprim\u00e9es sur produit brut): Mangan\u00e8se (Mn): 0.01% (100 mg\/L)   Utilisable en Agriculture Biologique conform\u00e9ment au R\u00e8glement UE 2018\/848. Engrais NF U42-004.\" \/>\n<meta property=\"og:url\" content=\"https:\/\/mcazorla.com\/fr\/producte\/homeoclean\/\" \/>\n<meta property=\"og:site_name\" content=\"M. Cazorla\" \/>\n<meta property=\"article:modified_time\" content=\"2022-09-23T10:50:51+00:00\" \/>\n<meta property=\"og:image\" content=\"https:\/\/mcazorla.com\/wp-content\/uploads\/2022\/07\/HOMEOCLEAN.jpg\" \/>\n\t<meta property=\"og:image:width\" content=\"500\" \/>\n\t<meta property=\"og:image:height\" content=\"386\" \/>\n\t<meta property=\"og:image:type\" content=\"image\/jpeg\" \/>\n<meta name=\"twitter:card\" content=\"summary_large_image\" \/>\n<script type=\"application\/ld+json\" class=\"yoast-schema-graph\">{\"@context\":\"https:\\\/\\\/schema.org\",\"@graph\":[{\"@type\":\"WebPage\",\"@id\":\"https:\\\/\\\/mcazorla.com\\\/fr\\\/producte\\\/homeoclean\\\/\",\"url\":\"https:\\\/\\\/mcazorla.com\\\/fr\\\/producte\\\/homeoclean\\\/\",\"name\":\"Homeoclean - M. Cazorla\",\"isPartOf\":{\"@id\":\"https:\\\/\\\/mcazorla.com\\\/#website\"},\"primaryImageOfPage\":{\"@id\":\"https:\\\/\\\/mcazorla.com\\\/fr\\\/producte\\\/homeoclean\\\/#primaryimage\"},\"image\":{\"@id\":\"https:\\\/\\\/mcazorla.com\\\/fr\\\/producte\\\/homeoclean\\\/#primaryimage\"},\"thumbnailUrl\":\"https:\\\/\\\/mcazorla.com\\\/wp-content\\\/uploads\\\/2022\\\/07\\\/HOMEOCLEAN.jpg\",\"datePublished\":\"2022-07-21T13:29:17+00:00\",\"dateModified\":\"2022-09-23T10:50:51+00:00\",\"breadcrumb\":{\"@id\":\"https:\\\/\\\/mcazorla.com\\\/fr\\\/producte\\\/homeoclean\\\/#breadcrumb\"},\"inLanguage\":\"fr-FR\",\"potentialAction\":[{\"@type\":\"ReadAction\",\"target\":[\"https:\\\/\\\/mcazorla.com\\\/fr\\\/producte\\\/homeoclean\\\/\"]}]},{\"@type\":\"ImageObject\",\"inLanguage\":\"fr-FR\",\"@id\":\"https:\\\/\\\/mcazorla.com\\\/fr\\\/producte\\\/homeoclean\\\/#primaryimage\",\"url\":\"https:\\\/\\\/mcazorla.com\\\/wp-content\\\/uploads\\\/2022\\\/07\\\/HOMEOCLEAN.jpg\",\"contentUrl\":\"https:\\\/\\\/mcazorla.com\\\/wp-content\\\/uploads\\\/2022\\\/07\\\/HOMEOCLEAN.jpg\",\"width\":500,\"height\":386},{\"@type\":\"BreadcrumbList\",\"@id\":\"https:\\\/\\\/mcazorla.com\\\/fr\\\/producte\\\/homeoclean\\\/#breadcrumb\",\"itemListElement\":[{\"@type\":\"ListItem\",\"position\":1,\"name\":\"Portada\",\"item\":\"https:\\\/\\\/mcazorla.com\\\/fr\\\/\"},{\"@type\":\"ListItem\",\"position\":2,\"name\":\"Productes\",\"item\":\"https:\\\/\\\/mcazorla.com\\\/productes\\\/\"},{\"@type\":\"ListItem\",\"position\":3,\"name\":\"Homeoclean\"}]},{\"@type\":\"WebSite\",\"@id\":\"https:\\\/\\\/mcazorla.com\\\/#website\",\"url\":\"https:\\\/\\\/mcazorla.com\\\/\",\"name\":\"M. Cazorla\",\"description\":\"Comercialitzaci\u00f3 de llavors, fertilizants, adobs ,fitosanitaris i cereals.\",\"potentialAction\":[{\"@type\":\"SearchAction\",\"target\":{\"@type\":\"EntryPoint\",\"urlTemplate\":\"https:\\\/\\\/mcazorla.com\\\/?s={search_term_string}\"},\"query-input\":{\"@type\":\"PropertyValueSpecification\",\"valueRequired\":true,\"valueName\":\"search_term_string\"}}],\"inLanguage\":\"fr-FR\"}]}<\/script>\n<!-- \/ Yoast SEO plugin. -->","yoast_head_json":{"title":"Homeoclean - M. Cazorla","robots":{"index":"index","follow":"follow","max-snippet":"max-snippet:-1","max-image-preview":"max-image-preview:large","max-video-preview":"max-video-preview:-1"},"canonical":"https:\/\/mcazorla.com\/fr\/producte\/homeoclean\/","og_locale":"fr_FR","og_type":"article","og_title":"Homeoclean - M. Cazorla","og_description":"Savon potassique 100% naturel d'origine v\u00e9g\u00e9tale. Il est compos\u00e9 de potasse et de mangan\u00e8se, d'huiles v\u00e9g\u00e9tales nobles, d'extraits et d'essences de plantes, en particulier de Saponaire. Il se pr\u00e9sente sous forme liquide. Il active les processus m\u00e9taboliques et enzymatiques par son apport en mangan\u00e8se, accompagne les traitements contre les maladies cryptogamiques et les insectes. Apporte une meilleure resistance\u00a0 au lessivage. Effet barri\u00e8re en modifiant l'environnement inm\u00e9diat.  Teneurs garanties en \u00e9l\u00e9ments fertilisants (valeurs exprim\u00e9es sur produit brut): Mangan\u00e8se (Mn): 0.01% (100 mg\/L)   Utilisable en Agriculture Biologique conform\u00e9ment au R\u00e8glement UE 2018\/848. Engrais NF U42-004.","og_url":"https:\/\/mcazorla.com\/fr\/producte\/homeoclean\/","og_site_name":"M. Cazorla","article_modified_time":"2022-09-23T10:50:51+00:00","og_image":[{"width":500,"height":386,"url":"https:\/\/mcazorla.com\/wp-content\/uploads\/2022\/07\/HOMEOCLEAN.jpg","type":"image\/jpeg"}],"twitter_card":"summary_large_image","schema":{"@context":"https:\/\/schema.org","@graph":[{"@type":"WebPage","@id":"https:\/\/mcazorla.com\/fr\/producte\/homeoclean\/","url":"https:\/\/mcazorla.com\/fr\/producte\/homeoclean\/","name":"Homeoclean - M. Cazorla","isPartOf":{"@id":"https:\/\/mcazorla.com\/#website"},"primaryImageOfPage":{"@id":"https:\/\/mcazorla.com\/fr\/producte\/homeoclean\/#primaryimage"},"image":{"@id":"https:\/\/mcazorla.com\/fr\/producte\/homeoclean\/#primaryimage"},"thumbnailUrl":"https:\/\/mcazorla.com\/wp-content\/uploads\/2022\/07\/HOMEOCLEAN.jpg","datePublished":"2022-07-21T13:29:17+00:00","dateModified":"2022-09-23T10:50:51+00:00","breadcrumb":{"@id":"https:\/\/mcazorla.com\/fr\/producte\/homeoclean\/#breadcrumb"},"inLanguage":"fr-FR","potentialAction":[{"@type":"ReadAction","target":["https:\/\/mcazorla.com\/fr\/producte\/homeoclean\/"]}]},{"@type":"ImageObject","inLanguage":"fr-FR","@id":"https:\/\/mcazorla.com\/fr\/producte\/homeoclean\/#primaryimage","url":"https:\/\/mcazorla.com\/wp-content\/uploads\/2022\/07\/HOMEOCLEAN.jpg","contentUrl":"https:\/\/mcazorla.com\/wp-content\/uploads\/2022\/07\/HOMEOCLEAN.jpg","width":500,"height":386},{"@type":"BreadcrumbList","@id":"https:\/\/mcazorla.com\/fr\/producte\/homeoclean\/#breadcrumb","itemListElement":[{"@type":"ListItem","position":1,"name":"Portada","item":"https:\/\/mcazorla.com\/fr\/"},{"@type":"ListItem","position":2,"name":"Productes","item":"https:\/\/mcazorla.com\/productes\/"},{"@type":"ListItem","position":3,"name":"Homeoclean"}]},{"@type":"WebSite","@id":"https:\/\/mcazorla.com\/#website","url":"https:\/\/mcazorla.com\/","name":"M. Cazorla","description":"Comercialitzaci\u00f3 de llavors, fertilizants, adobs ,fitosanitaris i cereals.","potentialAction":[{"@type":"SearchAction","target":{"@type":"EntryPoint","urlTemplate":"https:\/\/mcazorla.com\/?s={search_term_string}"},"query-input":{"@type":"PropertyValueSpecification","valueRequired":true,"valueName":"search_term_string"}}],"inLanguage":"fr-FR"}]}},"_links":{"self":[{"href":"https:\/\/mcazorla.com\/fr\/wp-json\/wp\/v2\/product\/4178","targetHints":{"allow":["GET"]}}],"collection":[{"href":"https:\/\/mcazorla.com\/fr\/wp-json\/wp\/v2\/product"}],"about":[{"href":"https:\/\/mcazorla.com\/fr\/wp-json\/wp\/v2\/types\/product"}],"wp:featuredmedia":[{"embeddable":true,"href":"https:\/\/mcazorla.com\/fr\/wp-json\/wp\/v2\/media\/4389"}],"wp:attachment":[{"href":"https:\/\/mcazorla.com\/fr\/wp-json\/wp\/v2\/media?parent=4178"}],"wp:term":[{"taxonomy":"product_brand","embeddable":true,"href":"https:\/\/mcazorla.com\/fr\/wp-json\/wp\/v2\/product_brand?post=4178"},{"taxonomy":"product_cat","embeddable":true,"href":"https:\/\/mcazorla.com\/fr\/wp-json\/wp\/v2\/product_cat?post=4178"},{"taxonomy":"product_tag","embeddable":true,"href":"https:\/\/mcazorla.com\/fr\/wp-json\/wp\/v2\/product_tag?post=4178"}],"curies":[{"name":"wp","href":"https:\/\/api.w.org\/{rel}","templated":true}]}}