{"id":4186,"date":"2022-07-21T13:40:58","date_gmt":"2022-07-21T13:40:58","guid":{"rendered":"https:\/\/www.mcazorla.com\/?post_type=product&#038;p=4186"},"modified":"2022-08-13T11:47:14","modified_gmt":"2022-08-13T11:47:14","slug":"hydracup-2","status":"publish","type":"product","link":"https:\/\/mcazorla.com\/fr\/producte\/hydracup-2\/","title":{"rendered":"Hydracup (Engrais)"},"content":{"rendered":"<div class=\"fusion-fullwidth fullwidth-box fusion-builder-row-1 fusion-flex-container nonhundred-percent-fullwidth non-hundred-percent-height-scrolling\" style=\"--awb-border-radius-top-left:0px;--awb-border-radius-top-right:0px;--awb-border-radius-bottom-right:0px;--awb-border-radius-bottom-left:0px;--awb-flex-wrap:wrap;\" ><div class=\"fusion-builder-row fusion-row fusion-flex-align-items-flex-start fusion-flex-content-wrap\" style=\"max-width:1365px;margin-left: calc(-5% \/ 2 );margin-right: calc(-5% \/ 2 );\"><div class=\"fusion-layout-column fusion_builder_column fusion-builder-column-0 fusion_builder_column_1_1 1_1 fusion-flex-column\" style=\"--awb-bg-size:cover;--awb-width-large:100%;--awb-margin-top-large:0px;--awb-spacing-right-large:2.375%;--awb-margin-bottom-large:0px;--awb-spacing-left-large:2.375%;--awb-width-medium:100%;--awb-spacing-right-medium:2.375%;--awb-spacing-left-medium:2.375%;--awb-width-small:100%;--awb-spacing-right-small:2.375%;--awb-spacing-left-small:2.375%;\"><div class=\"fusion-column-wrapper fusion-flex-justify-content-flex-start fusion-content-layout-column\"><div class=\"fusion-text fusion-text-1\"><p>Il est un biofertilisant foliaire \u00e0 base de Zinc et Cuivre complex\u00e9s avec hydracided\u2019acide citrique, obtenu de forme naturelle.Il agit aussi comme correcteur de carences avec une petite quantit\u00e9 de Zinc et Cuivre, avec un haut niveaud\u2019efficience fertilisant et avec une basse consommation \u00e9nerg\u00e9tique par la plante.En cons\u00e9quence on am\u00e9liore l\u2019\u00e9tat physiologique de la plante et il augmente indirectement la d\u00e9fensenaturelle, induit une meilleure r\u00e9sistance au stress et aux maladies produites par bact\u00e9ries etchampignons.<\/p>\n<\/div><\/div><\/div><\/div><\/div>\n","protected":false},"excerpt":{"rendered":"<p>Il est un biofertilisant foliaire \u00e0 base de Zinc et Cuivre complex\u00e9s avec hydracided\u2019acide citrique, obtenu de forme naturelle.Il agit aussi comme correcteur de carences avec une petite quantit\u00e9 de Zinc et Cuivre, avec un haut niveaud\u2019efficience fertilisant et avec une basse consommation \u00e9nerg\u00e9tique par la plante.En cons\u00e9quence on am\u00e9liore l\u2019\u00e9tat physiologique de la plante et il augmente indirectement la d\u00e9fensenaturelle, induit une meilleure r\u00e9sistance au stress et aux maladies produites par bact\u00e9ries etchampignons.<\/p>\n","protected":false},"featured_media":4312,"template":"","meta":[],"product_brand":[],"product_cat":[208,207],"product_tag":[],"class_list":{"0":"post-4186","1":"product","2":"type-product","3":"status-publish","4":"has-post-thumbnail","6":"product_cat-cuivres-en-bio","7":"product_cat-produits-en-bio","9":"first","10":"instock","11":"shipping-taxable","12":"product-type-simple"},"yoast_head":"<!-- This site is optimized with the Yoast SEO plugin v27.4 - https:\/\/yoast.com\/product\/yoast-seo-wordpress\/ -->\n<title>Hydracup (Engrais) - M. Cazorla %<\/title>\n<meta name=\"description\" content=\"Il est un biofertilisant foliaire \u00e0 base de Zinc et Cuivre complex\u00e9s avec hydracided\u2019acide citrique, obtenu de forme naturelle.Il agit aussi comme correcteur de carences avec une petite quantit\u00e9 de Zinc et Cuivre, avec un haut niveaud\u2019efficience fertilisant et avec une basse consommation \u00e9nerg\u00e9tique par la plante.En cons\u00e9quence on am\u00e9liore l\u2019\u00e9tat physiologique de la plante et il augmente indirectement la d\u00e9fensenaturelle, induit une meilleure r\u00e9sistance au stress et aux maladies produites par bact\u00e9ries etchampignons.\" \/>\n<meta name=\"robots\" content=\"index, follow, max-snippet:-1, max-image-preview:large, max-video-preview:-1\" \/>\n<link rel=\"canonical\" href=\"https:\/\/mcazorla.com\/fr\/producte\/hydracup-2\/\" \/>\n<meta property=\"og:locale\" content=\"fr_FR\" \/>\n<meta property=\"og:type\" content=\"article\" \/>\n<meta property=\"og:title\" content=\"Hydracup (Engrais) - M. Cazorla %\" \/>\n<meta property=\"og:description\" content=\"Il est un biofertilisant foliaire \u00e0 base de Zinc et Cuivre complex\u00e9s avec hydracided\u2019acide citrique, obtenu de forme naturelle.Il agit aussi comme correcteur de carences avec une petite quantit\u00e9 de Zinc et Cuivre, avec un haut niveaud\u2019efficience fertilisant et avec une basse consommation \u00e9nerg\u00e9tique par la plante.En cons\u00e9quence on am\u00e9liore l\u2019\u00e9tat physiologique de la plante et il augmente indirectement la d\u00e9fensenaturelle, induit une meilleure r\u00e9sistance au stress et aux maladies produites par bact\u00e9ries etchampignons.\" \/>\n<meta property=\"og:url\" content=\"https:\/\/mcazorla.com\/fr\/producte\/hydracup-2\/\" \/>\n<meta property=\"og:site_name\" content=\"M. Cazorla\" \/>\n<meta property=\"article:modified_time\" content=\"2022-08-13T11:47:14+00:00\" \/>\n<meta property=\"og:image\" content=\"https:\/\/mcazorla.com\/wp-content\/uploads\/2022\/07\/Hydracup.jpg\" \/>\n\t<meta property=\"og:image:width\" content=\"500\" \/>\n\t<meta property=\"og:image:height\" content=\"386\" \/>\n\t<meta property=\"og:image:type\" content=\"image\/jpeg\" \/>\n<meta name=\"twitter:card\" content=\"summary_large_image\" \/>\n<meta name=\"twitter:label1\" content=\"Dur\u00e9e de lecture estim\u00e9e\" \/>\n\t<meta name=\"twitter:data1\" content=\"1 minute\" \/>\n<script type=\"application\/ld+json\" class=\"yoast-schema-graph\">{\"@context\":\"https:\\\/\\\/schema.org\",\"@graph\":[{\"@type\":\"WebPage\",\"@id\":\"https:\\\/\\\/mcazorla.com\\\/fr\\\/producte\\\/hydracup-2\\\/\",\"url\":\"https:\\\/\\\/mcazorla.com\\\/fr\\\/producte\\\/hydracup-2\\\/\",\"name\":\"Hydracup (Engrais) - M. Cazorla %\",\"isPartOf\":{\"@id\":\"https:\\\/\\\/mcazorla.com\\\/#website\"},\"primaryImageOfPage\":{\"@id\":\"https:\\\/\\\/mcazorla.com\\\/fr\\\/producte\\\/hydracup-2\\\/#primaryimage\"},\"image\":{\"@id\":\"https:\\\/\\\/mcazorla.com\\\/fr\\\/producte\\\/hydracup-2\\\/#primaryimage\"},\"thumbnailUrl\":\"https:\\\/\\\/mcazorla.com\\\/wp-content\\\/uploads\\\/2022\\\/07\\\/Hydracup.jpg\",\"datePublished\":\"2022-07-21T13:40:58+00:00\",\"dateModified\":\"2022-08-13T11:47:14+00:00\",\"description\":\"Il est un biofertilisant foliaire \u00e0 base de Zinc et Cuivre complex\u00e9s avec hydracided\u2019acide citrique, obtenu de forme naturelle.Il agit aussi comme correcteur de carences avec une petite quantit\u00e9 de Zinc et Cuivre, avec un haut niveaud\u2019efficience fertilisant et avec une basse consommation \u00e9nerg\u00e9tique par la plante.En cons\u00e9quence on am\u00e9liore l\u2019\u00e9tat physiologique de la plante et il augmente indirectement la d\u00e9fensenaturelle, induit une meilleure r\u00e9sistance au stress et aux maladies produites par bact\u00e9ries etchampignons.\",\"breadcrumb\":{\"@id\":\"https:\\\/\\\/mcazorla.com\\\/fr\\\/producte\\\/hydracup-2\\\/#breadcrumb\"},\"inLanguage\":\"fr-FR\",\"potentialAction\":[{\"@type\":\"ReadAction\",\"target\":[\"https:\\\/\\\/mcazorla.com\\\/fr\\\/producte\\\/hydracup-2\\\/\"]}]},{\"@type\":\"ImageObject\",\"inLanguage\":\"fr-FR\",\"@id\":\"https:\\\/\\\/mcazorla.com\\\/fr\\\/producte\\\/hydracup-2\\\/#primaryimage\",\"url\":\"https:\\\/\\\/mcazorla.com\\\/wp-content\\\/uploads\\\/2022\\\/07\\\/Hydracup.jpg\",\"contentUrl\":\"https:\\\/\\\/mcazorla.com\\\/wp-content\\\/uploads\\\/2022\\\/07\\\/Hydracup.jpg\",\"width\":500,\"height\":386},{\"@type\":\"BreadcrumbList\",\"@id\":\"https:\\\/\\\/mcazorla.com\\\/fr\\\/producte\\\/hydracup-2\\\/#breadcrumb\",\"itemListElement\":[{\"@type\":\"ListItem\",\"position\":1,\"name\":\"Portada\",\"item\":\"https:\\\/\\\/mcazorla.com\\\/fr\\\/\"},{\"@type\":\"ListItem\",\"position\":2,\"name\":\"Productes\",\"item\":\"https:\\\/\\\/mcazorla.com\\\/productes\\\/\"},{\"@type\":\"ListItem\",\"position\":3,\"name\":\"Hydracup (Engrais)\"}]},{\"@type\":\"WebSite\",\"@id\":\"https:\\\/\\\/mcazorla.com\\\/#website\",\"url\":\"https:\\\/\\\/mcazorla.com\\\/\",\"name\":\"M. Cazorla\",\"description\":\"Comercialitzaci\u00f3 de llavors, fertilizants, adobs ,fitosanitaris i cereals.\",\"potentialAction\":[{\"@type\":\"SearchAction\",\"target\":{\"@type\":\"EntryPoint\",\"urlTemplate\":\"https:\\\/\\\/mcazorla.com\\\/?s={search_term_string}\"},\"query-input\":{\"@type\":\"PropertyValueSpecification\",\"valueRequired\":true,\"valueName\":\"search_term_string\"}}],\"inLanguage\":\"fr-FR\"}]}<\/script>\n<!-- \/ Yoast SEO plugin. -->","yoast_head_json":{"title":"Hydracup (Engrais) - M. Cazorla %","description":"Il est un biofertilisant foliaire \u00e0 base de Zinc et Cuivre complex\u00e9s avec hydracided\u2019acide citrique, obtenu de forme naturelle.Il agit aussi comme correcteur de carences avec une petite quantit\u00e9 de Zinc et Cuivre, avec un haut niveaud\u2019efficience fertilisant et avec une basse consommation \u00e9nerg\u00e9tique par la plante.En cons\u00e9quence on am\u00e9liore l\u2019\u00e9tat physiologique de la plante et il augmente indirectement la d\u00e9fensenaturelle, induit une meilleure r\u00e9sistance au stress et aux maladies produites par bact\u00e9ries etchampignons.","robots":{"index":"index","follow":"follow","max-snippet":"max-snippet:-1","max-image-preview":"max-image-preview:large","max-video-preview":"max-video-preview:-1"},"canonical":"https:\/\/mcazorla.com\/fr\/producte\/hydracup-2\/","og_locale":"fr_FR","og_type":"article","og_title":"Hydracup (Engrais) - M. Cazorla %","og_description":"Il est un biofertilisant foliaire \u00e0 base de Zinc et Cuivre complex\u00e9s avec hydracided\u2019acide citrique, obtenu de forme naturelle.Il agit aussi comme correcteur de carences avec une petite quantit\u00e9 de Zinc et Cuivre, avec un haut niveaud\u2019efficience fertilisant et avec une basse consommation \u00e9nerg\u00e9tique par la plante.En cons\u00e9quence on am\u00e9liore l\u2019\u00e9tat physiologique de la plante et il augmente indirectement la d\u00e9fensenaturelle, induit une meilleure r\u00e9sistance au stress et aux maladies produites par bact\u00e9ries etchampignons.","og_url":"https:\/\/mcazorla.com\/fr\/producte\/hydracup-2\/","og_site_name":"M. Cazorla","article_modified_time":"2022-08-13T11:47:14+00:00","og_image":[{"width":500,"height":386,"url":"https:\/\/mcazorla.com\/wp-content\/uploads\/2022\/07\/Hydracup.jpg","type":"image\/jpeg"}],"twitter_card":"summary_large_image","twitter_misc":{"Dur\u00e9e de lecture estim\u00e9e":"1 minute"},"schema":{"@context":"https:\/\/schema.org","@graph":[{"@type":"WebPage","@id":"https:\/\/mcazorla.com\/fr\/producte\/hydracup-2\/","url":"https:\/\/mcazorla.com\/fr\/producte\/hydracup-2\/","name":"Hydracup (Engrais) - M. Cazorla %","isPartOf":{"@id":"https:\/\/mcazorla.com\/#website"},"primaryImageOfPage":{"@id":"https:\/\/mcazorla.com\/fr\/producte\/hydracup-2\/#primaryimage"},"image":{"@id":"https:\/\/mcazorla.com\/fr\/producte\/hydracup-2\/#primaryimage"},"thumbnailUrl":"https:\/\/mcazorla.com\/wp-content\/uploads\/2022\/07\/Hydracup.jpg","datePublished":"2022-07-21T13:40:58+00:00","dateModified":"2022-08-13T11:47:14+00:00","description":"Il est un biofertilisant foliaire \u00e0 base de Zinc et Cuivre complex\u00e9s avec hydracided\u2019acide citrique, obtenu de forme naturelle.Il agit aussi comme correcteur de carences avec une petite quantit\u00e9 de Zinc et Cuivre, avec un haut niveaud\u2019efficience fertilisant et avec une basse consommation \u00e9nerg\u00e9tique par la plante.En cons\u00e9quence on am\u00e9liore l\u2019\u00e9tat physiologique de la plante et il augmente indirectement la d\u00e9fensenaturelle, induit une meilleure r\u00e9sistance au stress et aux maladies produites par bact\u00e9ries etchampignons.","breadcrumb":{"@id":"https:\/\/mcazorla.com\/fr\/producte\/hydracup-2\/#breadcrumb"},"inLanguage":"fr-FR","potentialAction":[{"@type":"ReadAction","target":["https:\/\/mcazorla.com\/fr\/producte\/hydracup-2\/"]}]},{"@type":"ImageObject","inLanguage":"fr-FR","@id":"https:\/\/mcazorla.com\/fr\/producte\/hydracup-2\/#primaryimage","url":"https:\/\/mcazorla.com\/wp-content\/uploads\/2022\/07\/Hydracup.jpg","contentUrl":"https:\/\/mcazorla.com\/wp-content\/uploads\/2022\/07\/Hydracup.jpg","width":500,"height":386},{"@type":"BreadcrumbList","@id":"https:\/\/mcazorla.com\/fr\/producte\/hydracup-2\/#breadcrumb","itemListElement":[{"@type":"ListItem","position":1,"name":"Portada","item":"https:\/\/mcazorla.com\/fr\/"},{"@type":"ListItem","position":2,"name":"Productes","item":"https:\/\/mcazorla.com\/productes\/"},{"@type":"ListItem","position":3,"name":"Hydracup (Engrais)"}]},{"@type":"WebSite","@id":"https:\/\/mcazorla.com\/#website","url":"https:\/\/mcazorla.com\/","name":"M. Cazorla","description":"Comercialitzaci\u00f3 de llavors, fertilizants, adobs ,fitosanitaris i cereals.","potentialAction":[{"@type":"SearchAction","target":{"@type":"EntryPoint","urlTemplate":"https:\/\/mcazorla.com\/?s={search_term_string}"},"query-input":{"@type":"PropertyValueSpecification","valueRequired":true,"valueName":"search_term_string"}}],"inLanguage":"fr-FR"}]}},"_links":{"self":[{"href":"https:\/\/mcazorla.com\/fr\/wp-json\/wp\/v2\/product\/4186","targetHints":{"allow":["GET"]}}],"collection":[{"href":"https:\/\/mcazorla.com\/fr\/wp-json\/wp\/v2\/product"}],"about":[{"href":"https:\/\/mcazorla.com\/fr\/wp-json\/wp\/v2\/types\/product"}],"wp:featuredmedia":[{"embeddable":true,"href":"https:\/\/mcazorla.com\/fr\/wp-json\/wp\/v2\/media\/4312"}],"wp:attachment":[{"href":"https:\/\/mcazorla.com\/fr\/wp-json\/wp\/v2\/media?parent=4186"}],"wp:term":[{"taxonomy":"product_brand","embeddable":true,"href":"https:\/\/mcazorla.com\/fr\/wp-json\/wp\/v2\/product_brand?post=4186"},{"taxonomy":"product_cat","embeddable":true,"href":"https:\/\/mcazorla.com\/fr\/wp-json\/wp\/v2\/product_cat?post=4186"},{"taxonomy":"product_tag","embeddable":true,"href":"https:\/\/mcazorla.com\/fr\/wp-json\/wp\/v2\/product_tag?post=4186"}],"curies":[{"name":"wp","href":"https:\/\/api.w.org\/{rel}","templated":true}]}}