{"id":4534,"date":"2022-08-25T14:00:00","date_gmt":"2022-08-25T14:00:00","guid":{"rendered":"https:\/\/www.mcazorla.com\/producte\/lg50-627clp\/"},"modified":"2022-09-23T10:36:24","modified_gmt":"2022-09-23T10:36:24","slug":"lg50-627clp","status":"publish","type":"product","link":"https:\/\/mcazorla.com\/fr\/producte\/lg50-627clp\/","title":{"rendered":"LG 50.627 CLP"},"content":{"rendered":"","protected":false},"excerpt":{"rendered":"<p>Vari\u00e9t\u00e9 pr\u00e9coce, oleique et avec traitement Clearfield Plus.<\/p>\n<p>Resistance au mildiu : 8.<\/p>\n<p>(Valeurs : 1-3 : Sensible \/ 4-6 : Moyen &#8211; Bon \/ 7-9 : Tolerant &#8211; Excellent).<\/p>\n<ul>\n<li>Haute teneur en acide ol\u00e9ique.<\/li>\n<li>Haute tol\u00e9rance au stress hydrique.<\/li>\n<li>Flexibilit\u00e9 dans la gestion des cultures en pr\u00e9sence de mauvaises herbes.<\/li>\n<li>Bonne relation entre la production et la teneur en mati\u00e8res grasses.<\/li>\n<\/ul>\n<p>Peu sensible \u00e0 la Phomopsis<\/p>\n","protected":false},"featured_media":4712,"template":"","meta":[],"product_brand":[],"product_cat":[246],"product_tag":[],"class_list":{"0":"post-4534","1":"product","2":"type-product","3":"status-publish","4":"has-post-thumbnail","6":"product_cat-tournesol","8":"first","9":"instock","10":"shipping-taxable","11":"product-type-simple"},"yoast_head":"<!-- This site is optimized with the Yoast SEO plugin v27.4 - https:\/\/yoast.com\/product\/yoast-seo-wordpress\/ -->\n<title>LG 50.627 CLP - M. Cazorla<\/title>\n<meta name=\"robots\" content=\"index, follow, max-snippet:-1, max-image-preview:large, max-video-preview:-1\" \/>\n<link rel=\"canonical\" href=\"https:\/\/mcazorla.com\/fr\/producte\/lg50-627clp\/\" \/>\n<meta property=\"og:locale\" content=\"fr_FR\" \/>\n<meta property=\"og:type\" content=\"article\" \/>\n<meta property=\"og:title\" content=\"LG 50.627 CLP - M. Cazorla\" \/>\n<meta property=\"og:description\" content=\"Vari\u00e9t\u00e9 pr\u00e9coce, oleique et avec traitement Clearfield Plus.  Resistance au mildiu : 8.  (Valeurs : 1-3 : Sensible \/ 4-6 : Moyen - Bon \/ 7-9 : Tolerant - Excellent).   Haute teneur en acide ol\u00e9ique.  Haute tol\u00e9rance au stress hydrique.  Flexibilit\u00e9 dans la gestion des cultures en pr\u00e9sence de mauvaises herbes.  Bonne relation entre la production et la teneur en mati\u00e8res grasses.  Peu sensible \u00e0 la Phomopsis\" \/>\n<meta property=\"og:url\" content=\"https:\/\/mcazorla.com\/fr\/producte\/lg50-627clp\/\" \/>\n<meta property=\"og:site_name\" content=\"M. Cazorla\" \/>\n<meta property=\"article:modified_time\" content=\"2022-09-23T10:36:24+00:00\" \/>\n<meta property=\"og:image\" content=\"https:\/\/mcazorla.com\/wp-content\/uploads\/2022\/08\/GIRASOL-50.627-HOV-CLP.jpg\" \/>\n\t<meta property=\"og:image:width\" content=\"500\" \/>\n\t<meta property=\"og:image:height\" content=\"386\" \/>\n\t<meta property=\"og:image:type\" content=\"image\/jpeg\" \/>\n<meta name=\"twitter:card\" content=\"summary_large_image\" \/>\n<script type=\"application\/ld+json\" class=\"yoast-schema-graph\">{\"@context\":\"https:\\\/\\\/schema.org\",\"@graph\":[{\"@type\":\"WebPage\",\"@id\":\"https:\\\/\\\/mcazorla.com\\\/fr\\\/producte\\\/lg50-627clp\\\/\",\"url\":\"https:\\\/\\\/mcazorla.com\\\/fr\\\/producte\\\/lg50-627clp\\\/\",\"name\":\"LG 50.627 CLP - M. Cazorla\",\"isPartOf\":{\"@id\":\"https:\\\/\\\/mcazorla.com\\\/#website\"},\"primaryImageOfPage\":{\"@id\":\"https:\\\/\\\/mcazorla.com\\\/fr\\\/producte\\\/lg50-627clp\\\/#primaryimage\"},\"image\":{\"@id\":\"https:\\\/\\\/mcazorla.com\\\/fr\\\/producte\\\/lg50-627clp\\\/#primaryimage\"},\"thumbnailUrl\":\"https:\\\/\\\/mcazorla.com\\\/wp-content\\\/uploads\\\/2022\\\/08\\\/GIRASOL-50.627-HOV-CLP.jpg\",\"datePublished\":\"2022-08-25T14:00:00+00:00\",\"dateModified\":\"2022-09-23T10:36:24+00:00\",\"breadcrumb\":{\"@id\":\"https:\\\/\\\/mcazorla.com\\\/fr\\\/producte\\\/lg50-627clp\\\/#breadcrumb\"},\"inLanguage\":\"fr-FR\",\"potentialAction\":[{\"@type\":\"ReadAction\",\"target\":[\"https:\\\/\\\/mcazorla.com\\\/fr\\\/producte\\\/lg50-627clp\\\/\"]}]},{\"@type\":\"ImageObject\",\"inLanguage\":\"fr-FR\",\"@id\":\"https:\\\/\\\/mcazorla.com\\\/fr\\\/producte\\\/lg50-627clp\\\/#primaryimage\",\"url\":\"https:\\\/\\\/mcazorla.com\\\/wp-content\\\/uploads\\\/2022\\\/08\\\/GIRASOL-50.627-HOV-CLP.jpg\",\"contentUrl\":\"https:\\\/\\\/mcazorla.com\\\/wp-content\\\/uploads\\\/2022\\\/08\\\/GIRASOL-50.627-HOV-CLP.jpg\",\"width\":500,\"height\":386},{\"@type\":\"BreadcrumbList\",\"@id\":\"https:\\\/\\\/mcazorla.com\\\/fr\\\/producte\\\/lg50-627clp\\\/#breadcrumb\",\"itemListElement\":[{\"@type\":\"ListItem\",\"position\":1,\"name\":\"Portada\",\"item\":\"https:\\\/\\\/mcazorla.com\\\/fr\\\/\"},{\"@type\":\"ListItem\",\"position\":2,\"name\":\"Productes\",\"item\":\"https:\\\/\\\/mcazorla.com\\\/productes\\\/\"},{\"@type\":\"ListItem\",\"position\":3,\"name\":\"LG 50.627 CLP\"}]},{\"@type\":\"WebSite\",\"@id\":\"https:\\\/\\\/mcazorla.com\\\/#website\",\"url\":\"https:\\\/\\\/mcazorla.com\\\/\",\"name\":\"M. Cazorla\",\"description\":\"Comercialitzaci\u00f3 de llavors, fertilizants, adobs ,fitosanitaris i cereals.\",\"potentialAction\":[{\"@type\":\"SearchAction\",\"target\":{\"@type\":\"EntryPoint\",\"urlTemplate\":\"https:\\\/\\\/mcazorla.com\\\/?s={search_term_string}\"},\"query-input\":{\"@type\":\"PropertyValueSpecification\",\"valueRequired\":true,\"valueName\":\"search_term_string\"}}],\"inLanguage\":\"fr-FR\"}]}<\/script>\n<!-- \/ Yoast SEO plugin. -->","yoast_head_json":{"title":"LG 50.627 CLP - M. Cazorla","robots":{"index":"index","follow":"follow","max-snippet":"max-snippet:-1","max-image-preview":"max-image-preview:large","max-video-preview":"max-video-preview:-1"},"canonical":"https:\/\/mcazorla.com\/fr\/producte\/lg50-627clp\/","og_locale":"fr_FR","og_type":"article","og_title":"LG 50.627 CLP - M. Cazorla","og_description":"Vari\u00e9t\u00e9 pr\u00e9coce, oleique et avec traitement Clearfield Plus.  Resistance au mildiu : 8.  (Valeurs : 1-3 : Sensible \/ 4-6 : Moyen - Bon \/ 7-9 : Tolerant - Excellent).   Haute teneur en acide ol\u00e9ique.  Haute tol\u00e9rance au stress hydrique.  Flexibilit\u00e9 dans la gestion des cultures en pr\u00e9sence de mauvaises herbes.  Bonne relation entre la production et la teneur en mati\u00e8res grasses.  Peu sensible \u00e0 la Phomopsis","og_url":"https:\/\/mcazorla.com\/fr\/producte\/lg50-627clp\/","og_site_name":"M. Cazorla","article_modified_time":"2022-09-23T10:36:24+00:00","og_image":[{"width":500,"height":386,"url":"https:\/\/mcazorla.com\/wp-content\/uploads\/2022\/08\/GIRASOL-50.627-HOV-CLP.jpg","type":"image\/jpeg"}],"twitter_card":"summary_large_image","schema":{"@context":"https:\/\/schema.org","@graph":[{"@type":"WebPage","@id":"https:\/\/mcazorla.com\/fr\/producte\/lg50-627clp\/","url":"https:\/\/mcazorla.com\/fr\/producte\/lg50-627clp\/","name":"LG 50.627 CLP - M. Cazorla","isPartOf":{"@id":"https:\/\/mcazorla.com\/#website"},"primaryImageOfPage":{"@id":"https:\/\/mcazorla.com\/fr\/producte\/lg50-627clp\/#primaryimage"},"image":{"@id":"https:\/\/mcazorla.com\/fr\/producte\/lg50-627clp\/#primaryimage"},"thumbnailUrl":"https:\/\/mcazorla.com\/wp-content\/uploads\/2022\/08\/GIRASOL-50.627-HOV-CLP.jpg","datePublished":"2022-08-25T14:00:00+00:00","dateModified":"2022-09-23T10:36:24+00:00","breadcrumb":{"@id":"https:\/\/mcazorla.com\/fr\/producte\/lg50-627clp\/#breadcrumb"},"inLanguage":"fr-FR","potentialAction":[{"@type":"ReadAction","target":["https:\/\/mcazorla.com\/fr\/producte\/lg50-627clp\/"]}]},{"@type":"ImageObject","inLanguage":"fr-FR","@id":"https:\/\/mcazorla.com\/fr\/producte\/lg50-627clp\/#primaryimage","url":"https:\/\/mcazorla.com\/wp-content\/uploads\/2022\/08\/GIRASOL-50.627-HOV-CLP.jpg","contentUrl":"https:\/\/mcazorla.com\/wp-content\/uploads\/2022\/08\/GIRASOL-50.627-HOV-CLP.jpg","width":500,"height":386},{"@type":"BreadcrumbList","@id":"https:\/\/mcazorla.com\/fr\/producte\/lg50-627clp\/#breadcrumb","itemListElement":[{"@type":"ListItem","position":1,"name":"Portada","item":"https:\/\/mcazorla.com\/fr\/"},{"@type":"ListItem","position":2,"name":"Productes","item":"https:\/\/mcazorla.com\/productes\/"},{"@type":"ListItem","position":3,"name":"LG 50.627 CLP"}]},{"@type":"WebSite","@id":"https:\/\/mcazorla.com\/#website","url":"https:\/\/mcazorla.com\/","name":"M. Cazorla","description":"Comercialitzaci\u00f3 de llavors, fertilizants, adobs ,fitosanitaris i cereals.","potentialAction":[{"@type":"SearchAction","target":{"@type":"EntryPoint","urlTemplate":"https:\/\/mcazorla.com\/?s={search_term_string}"},"query-input":{"@type":"PropertyValueSpecification","valueRequired":true,"valueName":"search_term_string"}}],"inLanguage":"fr-FR"}]}},"_links":{"self":[{"href":"https:\/\/mcazorla.com\/fr\/wp-json\/wp\/v2\/product\/4534","targetHints":{"allow":["GET"]}}],"collection":[{"href":"https:\/\/mcazorla.com\/fr\/wp-json\/wp\/v2\/product"}],"about":[{"href":"https:\/\/mcazorla.com\/fr\/wp-json\/wp\/v2\/types\/product"}],"wp:featuredmedia":[{"embeddable":true,"href":"https:\/\/mcazorla.com\/fr\/wp-json\/wp\/v2\/media\/4712"}],"wp:attachment":[{"href":"https:\/\/mcazorla.com\/fr\/wp-json\/wp\/v2\/media?parent=4534"}],"wp:term":[{"taxonomy":"product_brand","embeddable":true,"href":"https:\/\/mcazorla.com\/fr\/wp-json\/wp\/v2\/product_brand?post=4534"},{"taxonomy":"product_cat","embeddable":true,"href":"https:\/\/mcazorla.com\/fr\/wp-json\/wp\/v2\/product_cat?post=4534"},{"taxonomy":"product_tag","embeddable":true,"href":"https:\/\/mcazorla.com\/fr\/wp-json\/wp\/v2\/product_tag?post=4534"}],"curies":[{"name":"wp","href":"https:\/\/api.w.org\/{rel}","templated":true}]}}