{"id":4539,"date":"2022-08-30T10:08:19","date_gmt":"2022-08-30T10:08:19","guid":{"rendered":"https:\/\/www.mcazorla.com\/producte\/lg50-479sx\/"},"modified":"2022-09-23T10:13:39","modified_gmt":"2022-09-23T10:13:39","slug":"lg50-479sx","status":"publish","type":"product","link":"https:\/\/mcazorla.com\/fr\/producte\/lg50-479sx\/","title":{"rendered":"LG 50.479 SX"},"content":{"rendered":"","protected":false},"excerpt":{"rendered":"<p>Vari\u00e9t\u00e9 demi-pr\u00e9coce, linoleique et avec traitement Express SX.<\/p>\n<p>Resistance au mildiou : 9.<\/p>\n<p>(Valeurs : 1-3: Sensible \/ 4-6: Moyen-Bon \/ 7-9: Tolerant &#8211; Excellent).<\/p>\n<ul>\n<li>Tr\u00e8s stable face aux conditions de s\u00e9cheresse et aux temp\u00e9ratures \u00e9lev\u00e9es.<\/li>\n<li>Niveau de performance extraordinaire et bonne teneur en mati\u00e8res grasses.<\/li>\n<li>Capitule convexe avec un tr\u00e8s bon remplissage.<\/li>\n<\/ul>\n<p>Tr\u00e8s peu sensible \u00e0 la Phomopsis.<\/p>\n","protected":false},"featured_media":4700,"template":"","meta":[],"product_brand":[],"product_cat":[198,201,246],"product_tag":[],"class_list":{"0":"post-4539","1":"product","2":"type-product","3":"status-publish","4":"has-post-thumbnail","6":"product_cat-semences","7":"product_cat-semences-dete","8":"product_cat-tournesol","10":"first","11":"instock","12":"shipping-taxable","13":"product-type-simple"},"yoast_head":"<!-- This site is optimized with the Yoast SEO plugin v27.3 - https:\/\/yoast.com\/product\/yoast-seo-wordpress\/ -->\n<title>LG 50.479 SX - M. Cazorla<\/title>\n<meta name=\"robots\" content=\"index, follow, max-snippet:-1, max-image-preview:large, max-video-preview:-1\" \/>\n<link rel=\"canonical\" href=\"https:\/\/mcazorla.com\/fr\/producte\/lg50-479sx\/\" \/>\n<meta property=\"og:locale\" content=\"fr_FR\" \/>\n<meta property=\"og:type\" content=\"article\" \/>\n<meta property=\"og:title\" content=\"LG 50.479 SX - M. Cazorla\" \/>\n<meta property=\"og:description\" content=\"Vari\u00e9t\u00e9 demi-pr\u00e9coce, linoleique et avec traitement Express SX.  Resistance au mildiou : 9.  (Valeurs : 1-3: Sensible \/ 4-6: Moyen-Bon \/ 7-9: Tolerant - Excellent).   Tr\u00e8s stable face aux conditions de s\u00e9cheresse et aux temp\u00e9ratures \u00e9lev\u00e9es.  Niveau de performance extraordinaire et bonne teneur en mati\u00e8res grasses.  Capitule convexe avec un tr\u00e8s bon remplissage.  Tr\u00e8s peu sensible \u00e0 la Phomopsis.\" \/>\n<meta property=\"og:url\" content=\"https:\/\/mcazorla.com\/fr\/producte\/lg50-479sx\/\" \/>\n<meta property=\"og:site_name\" content=\"M. Cazorla\" \/>\n<meta property=\"article:modified_time\" content=\"2022-09-23T10:13:39+00:00\" \/>\n<meta property=\"og:image\" content=\"https:\/\/mcazorla.com\/wp-content\/uploads\/2022\/08\/LG-50.479SX.jpg\" \/>\n\t<meta property=\"og:image:width\" content=\"500\" \/>\n\t<meta property=\"og:image:height\" content=\"386\" \/>\n\t<meta property=\"og:image:type\" content=\"image\/jpeg\" \/>\n<meta name=\"twitter:card\" content=\"summary_large_image\" \/>\n<script type=\"application\/ld+json\" class=\"yoast-schema-graph\">{\"@context\":\"https:\\\/\\\/schema.org\",\"@graph\":[{\"@type\":\"WebPage\",\"@id\":\"https:\\\/\\\/mcazorla.com\\\/fr\\\/producte\\\/lg50-479sx\\\/\",\"url\":\"https:\\\/\\\/mcazorla.com\\\/fr\\\/producte\\\/lg50-479sx\\\/\",\"name\":\"LG 50.479 SX - M. Cazorla\",\"isPartOf\":{\"@id\":\"https:\\\/\\\/mcazorla.com\\\/#website\"},\"primaryImageOfPage\":{\"@id\":\"https:\\\/\\\/mcazorla.com\\\/fr\\\/producte\\\/lg50-479sx\\\/#primaryimage\"},\"image\":{\"@id\":\"https:\\\/\\\/mcazorla.com\\\/fr\\\/producte\\\/lg50-479sx\\\/#primaryimage\"},\"thumbnailUrl\":\"https:\\\/\\\/mcazorla.com\\\/wp-content\\\/uploads\\\/2022\\\/08\\\/LG-50.479SX.jpg\",\"datePublished\":\"2022-08-30T10:08:19+00:00\",\"dateModified\":\"2022-09-23T10:13:39+00:00\",\"breadcrumb\":{\"@id\":\"https:\\\/\\\/mcazorla.com\\\/fr\\\/producte\\\/lg50-479sx\\\/#breadcrumb\"},\"inLanguage\":\"fr-FR\",\"potentialAction\":[{\"@type\":\"ReadAction\",\"target\":[\"https:\\\/\\\/mcazorla.com\\\/fr\\\/producte\\\/lg50-479sx\\\/\"]}]},{\"@type\":\"ImageObject\",\"inLanguage\":\"fr-FR\",\"@id\":\"https:\\\/\\\/mcazorla.com\\\/fr\\\/producte\\\/lg50-479sx\\\/#primaryimage\",\"url\":\"https:\\\/\\\/mcazorla.com\\\/wp-content\\\/uploads\\\/2022\\\/08\\\/LG-50.479SX.jpg\",\"contentUrl\":\"https:\\\/\\\/mcazorla.com\\\/wp-content\\\/uploads\\\/2022\\\/08\\\/LG-50.479SX.jpg\",\"width\":500,\"height\":386},{\"@type\":\"BreadcrumbList\",\"@id\":\"https:\\\/\\\/mcazorla.com\\\/fr\\\/producte\\\/lg50-479sx\\\/#breadcrumb\",\"itemListElement\":[{\"@type\":\"ListItem\",\"position\":1,\"name\":\"Portada\",\"item\":\"https:\\\/\\\/mcazorla.com\\\/fr\\\/\"},{\"@type\":\"ListItem\",\"position\":2,\"name\":\"Productes\",\"item\":\"https:\\\/\\\/mcazorla.com\\\/productes\\\/\"},{\"@type\":\"ListItem\",\"position\":3,\"name\":\"LG 50.479 SX\"}]},{\"@type\":\"WebSite\",\"@id\":\"https:\\\/\\\/mcazorla.com\\\/#website\",\"url\":\"https:\\\/\\\/mcazorla.com\\\/\",\"name\":\"M. Cazorla\",\"description\":\"Comercialitzaci\u00f3 de llavors, fertilizants, adobs ,fitosanitaris i cereals.\",\"potentialAction\":[{\"@type\":\"SearchAction\",\"target\":{\"@type\":\"EntryPoint\",\"urlTemplate\":\"https:\\\/\\\/mcazorla.com\\\/?s={search_term_string}\"},\"query-input\":{\"@type\":\"PropertyValueSpecification\",\"valueRequired\":true,\"valueName\":\"search_term_string\"}}],\"inLanguage\":\"fr-FR\"}]}<\/script>\n<!-- \/ Yoast SEO plugin. -->","yoast_head_json":{"title":"LG 50.479 SX - M. Cazorla","robots":{"index":"index","follow":"follow","max-snippet":"max-snippet:-1","max-image-preview":"max-image-preview:large","max-video-preview":"max-video-preview:-1"},"canonical":"https:\/\/mcazorla.com\/fr\/producte\/lg50-479sx\/","og_locale":"fr_FR","og_type":"article","og_title":"LG 50.479 SX - M. Cazorla","og_description":"Vari\u00e9t\u00e9 demi-pr\u00e9coce, linoleique et avec traitement Express SX.  Resistance au mildiou : 9.  (Valeurs : 1-3: Sensible \/ 4-6: Moyen-Bon \/ 7-9: Tolerant - Excellent).   Tr\u00e8s stable face aux conditions de s\u00e9cheresse et aux temp\u00e9ratures \u00e9lev\u00e9es.  Niveau de performance extraordinaire et bonne teneur en mati\u00e8res grasses.  Capitule convexe avec un tr\u00e8s bon remplissage.  Tr\u00e8s peu sensible \u00e0 la Phomopsis.","og_url":"https:\/\/mcazorla.com\/fr\/producte\/lg50-479sx\/","og_site_name":"M. Cazorla","article_modified_time":"2022-09-23T10:13:39+00:00","og_image":[{"width":500,"height":386,"url":"https:\/\/mcazorla.com\/wp-content\/uploads\/2022\/08\/LG-50.479SX.jpg","type":"image\/jpeg"}],"twitter_card":"summary_large_image","schema":{"@context":"https:\/\/schema.org","@graph":[{"@type":"WebPage","@id":"https:\/\/mcazorla.com\/fr\/producte\/lg50-479sx\/","url":"https:\/\/mcazorla.com\/fr\/producte\/lg50-479sx\/","name":"LG 50.479 SX - M. Cazorla","isPartOf":{"@id":"https:\/\/mcazorla.com\/#website"},"primaryImageOfPage":{"@id":"https:\/\/mcazorla.com\/fr\/producte\/lg50-479sx\/#primaryimage"},"image":{"@id":"https:\/\/mcazorla.com\/fr\/producte\/lg50-479sx\/#primaryimage"},"thumbnailUrl":"https:\/\/mcazorla.com\/wp-content\/uploads\/2022\/08\/LG-50.479SX.jpg","datePublished":"2022-08-30T10:08:19+00:00","dateModified":"2022-09-23T10:13:39+00:00","breadcrumb":{"@id":"https:\/\/mcazorla.com\/fr\/producte\/lg50-479sx\/#breadcrumb"},"inLanguage":"fr-FR","potentialAction":[{"@type":"ReadAction","target":["https:\/\/mcazorla.com\/fr\/producte\/lg50-479sx\/"]}]},{"@type":"ImageObject","inLanguage":"fr-FR","@id":"https:\/\/mcazorla.com\/fr\/producte\/lg50-479sx\/#primaryimage","url":"https:\/\/mcazorla.com\/wp-content\/uploads\/2022\/08\/LG-50.479SX.jpg","contentUrl":"https:\/\/mcazorla.com\/wp-content\/uploads\/2022\/08\/LG-50.479SX.jpg","width":500,"height":386},{"@type":"BreadcrumbList","@id":"https:\/\/mcazorla.com\/fr\/producte\/lg50-479sx\/#breadcrumb","itemListElement":[{"@type":"ListItem","position":1,"name":"Portada","item":"https:\/\/mcazorla.com\/fr\/"},{"@type":"ListItem","position":2,"name":"Productes","item":"https:\/\/mcazorla.com\/productes\/"},{"@type":"ListItem","position":3,"name":"LG 50.479 SX"}]},{"@type":"WebSite","@id":"https:\/\/mcazorla.com\/#website","url":"https:\/\/mcazorla.com\/","name":"M. Cazorla","description":"Comercialitzaci\u00f3 de llavors, fertilizants, adobs ,fitosanitaris i cereals.","potentialAction":[{"@type":"SearchAction","target":{"@type":"EntryPoint","urlTemplate":"https:\/\/mcazorla.com\/?s={search_term_string}"},"query-input":{"@type":"PropertyValueSpecification","valueRequired":true,"valueName":"search_term_string"}}],"inLanguage":"fr-FR"}]}},"_links":{"self":[{"href":"https:\/\/mcazorla.com\/fr\/wp-json\/wp\/v2\/product\/4539","targetHints":{"allow":["GET"]}}],"collection":[{"href":"https:\/\/mcazorla.com\/fr\/wp-json\/wp\/v2\/product"}],"about":[{"href":"https:\/\/mcazorla.com\/fr\/wp-json\/wp\/v2\/types\/product"}],"wp:featuredmedia":[{"embeddable":true,"href":"https:\/\/mcazorla.com\/fr\/wp-json\/wp\/v2\/media\/4700"}],"wp:attachment":[{"href":"https:\/\/mcazorla.com\/fr\/wp-json\/wp\/v2\/media?parent=4539"}],"wp:term":[{"taxonomy":"product_brand","embeddable":true,"href":"https:\/\/mcazorla.com\/fr\/wp-json\/wp\/v2\/product_brand?post=4539"},{"taxonomy":"product_cat","embeddable":true,"href":"https:\/\/mcazorla.com\/fr\/wp-json\/wp\/v2\/product_cat?post=4539"},{"taxonomy":"product_tag","embeddable":true,"href":"https:\/\/mcazorla.com\/fr\/wp-json\/wp\/v2\/product_tag?post=4539"}],"curies":[{"name":"wp","href":"https:\/\/api.w.org\/{rel}","templated":true}]}}