{"id":4541,"date":"2022-08-30T10:25:31","date_gmt":"2022-08-30T10:25:31","guid":{"rendered":"https:\/\/www.mcazorla.com\/producte\/lg50-625hov\/"},"modified":"2022-09-23T10:39:35","modified_gmt":"2022-09-23T10:39:35","slug":"lg50-625hov","status":"publish","type":"product","link":"https:\/\/mcazorla.com\/fr\/producte\/lg50-625hov\/","title":{"rendered":"LG 50.625 HOV"},"content":{"rendered":"","protected":false},"excerpt":{"rendered":"<p>Vari\u00e9t\u00e9 demi-pr\u00e9coce, ol\u00e9ique.<\/p>\n<p>Resistance au mildiou : 8.<\/p>\n<p>(Valeurs : 1-3 : Sensible \/ 4-6: Moyen &#8211; Bon \/ 7-9 : Tolerant &#8211; Excel\u00b7lent).<\/p>\n<ul>\n<li>S\u00e9chage rapide \u00e0 la r\u00e9colte.<\/li>\n<li>Potentiel productif extraordinaire de l\u2019huile \u00e0 haute teneur en acide ol\u00e9ique.<\/li>\n<li>Bonne adaptation \u00e0 toutes les zones et conditions de croissance, gr\u00e2ce \u00e0 son profil sanitaire.<\/li>\n<\/ul>\n<p>&nbsp;<\/p>\n","protected":false},"featured_media":4704,"template":"","meta":[],"product_brand":[],"product_cat":[198,201,246],"product_tag":[],"class_list":{"0":"post-4541","1":"product","2":"type-product","3":"status-publish","4":"has-post-thumbnail","6":"product_cat-semences","7":"product_cat-semences-dete","8":"product_cat-tournesol","10":"first","11":"instock","12":"shipping-taxable","13":"product-type-simple"},"yoast_head":"<!-- This site is optimized with the Yoast SEO plugin v27.5 - https:\/\/yoast.com\/product\/yoast-seo-wordpress\/ -->\n<title>LG 50.625 HOV - M. Cazorla<\/title>\n<meta name=\"robots\" content=\"index, follow, max-snippet:-1, max-image-preview:large, max-video-preview:-1\" \/>\n<link rel=\"canonical\" href=\"https:\/\/mcazorla.com\/fr\/producte\/lg50-625hov\/\" \/>\n<meta property=\"og:locale\" content=\"fr_FR\" \/>\n<meta property=\"og:type\" content=\"article\" \/>\n<meta property=\"og:title\" content=\"LG 50.625 HOV - M. Cazorla\" \/>\n<meta property=\"og:description\" content=\"Vari\u00e9t\u00e9 demi-pr\u00e9coce, ol\u00e9ique.  Resistance au mildiou : 8.  (Valeurs : 1-3 : Sensible \/ 4-6: Moyen - Bon \/ 7-9 : Tolerant - Excel\u00b7lent).   S\u00e9chage rapide \u00e0 la r\u00e9colte.  Potentiel productif extraordinaire de l\u2019huile \u00e0 haute teneur en acide ol\u00e9ique.  Bonne adaptation \u00e0 toutes les zones et conditions de croissance, gr\u00e2ce \u00e0 son profil sanitaire.  &nbsp;\" \/>\n<meta property=\"og:url\" content=\"https:\/\/mcazorla.com\/fr\/producte\/lg50-625hov\/\" \/>\n<meta property=\"og:site_name\" content=\"M. Cazorla\" \/>\n<meta property=\"article:modified_time\" content=\"2022-09-23T10:39:35+00:00\" \/>\n<meta property=\"og:image\" content=\"https:\/\/mcazorla.com\/wp-content\/uploads\/2022\/08\/GIRASOL-LG-50.625-HOV.jpg\" \/>\n\t<meta property=\"og:image:width\" content=\"500\" \/>\n\t<meta property=\"og:image:height\" content=\"386\" \/>\n\t<meta property=\"og:image:type\" content=\"image\/jpeg\" \/>\n<meta name=\"twitter:card\" content=\"summary_large_image\" \/>\n<script type=\"application\/ld+json\" class=\"yoast-schema-graph\">{\"@context\":\"https:\\\/\\\/schema.org\",\"@graph\":[{\"@type\":\"WebPage\",\"@id\":\"https:\\\/\\\/mcazorla.com\\\/fr\\\/producte\\\/lg50-625hov\\\/\",\"url\":\"https:\\\/\\\/mcazorla.com\\\/fr\\\/producte\\\/lg50-625hov\\\/\",\"name\":\"LG 50.625 HOV - M. Cazorla\",\"isPartOf\":{\"@id\":\"https:\\\/\\\/mcazorla.com\\\/#website\"},\"primaryImageOfPage\":{\"@id\":\"https:\\\/\\\/mcazorla.com\\\/fr\\\/producte\\\/lg50-625hov\\\/#primaryimage\"},\"image\":{\"@id\":\"https:\\\/\\\/mcazorla.com\\\/fr\\\/producte\\\/lg50-625hov\\\/#primaryimage\"},\"thumbnailUrl\":\"https:\\\/\\\/mcazorla.com\\\/wp-content\\\/uploads\\\/2022\\\/08\\\/GIRASOL-LG-50.625-HOV.jpg\",\"datePublished\":\"2022-08-30T10:25:31+00:00\",\"dateModified\":\"2022-09-23T10:39:35+00:00\",\"breadcrumb\":{\"@id\":\"https:\\\/\\\/mcazorla.com\\\/fr\\\/producte\\\/lg50-625hov\\\/#breadcrumb\"},\"inLanguage\":\"fr-FR\",\"potentialAction\":[{\"@type\":\"ReadAction\",\"target\":[\"https:\\\/\\\/mcazorla.com\\\/fr\\\/producte\\\/lg50-625hov\\\/\"]}]},{\"@type\":\"ImageObject\",\"inLanguage\":\"fr-FR\",\"@id\":\"https:\\\/\\\/mcazorla.com\\\/fr\\\/producte\\\/lg50-625hov\\\/#primaryimage\",\"url\":\"https:\\\/\\\/mcazorla.com\\\/wp-content\\\/uploads\\\/2022\\\/08\\\/GIRASOL-LG-50.625-HOV.jpg\",\"contentUrl\":\"https:\\\/\\\/mcazorla.com\\\/wp-content\\\/uploads\\\/2022\\\/08\\\/GIRASOL-LG-50.625-HOV.jpg\",\"width\":500,\"height\":386},{\"@type\":\"BreadcrumbList\",\"@id\":\"https:\\\/\\\/mcazorla.com\\\/fr\\\/producte\\\/lg50-625hov\\\/#breadcrumb\",\"itemListElement\":[{\"@type\":\"ListItem\",\"position\":1,\"name\":\"Portada\",\"item\":\"https:\\\/\\\/mcazorla.com\\\/fr\\\/\"},{\"@type\":\"ListItem\",\"position\":2,\"name\":\"Productes\",\"item\":\"https:\\\/\\\/mcazorla.com\\\/productes\\\/\"},{\"@type\":\"ListItem\",\"position\":3,\"name\":\"LG 50.625 HOV\"}]},{\"@type\":\"WebSite\",\"@id\":\"https:\\\/\\\/mcazorla.com\\\/#website\",\"url\":\"https:\\\/\\\/mcazorla.com\\\/\",\"name\":\"M. Cazorla\",\"description\":\"Comercialitzaci\u00f3 de llavors, fertilizants, adobs ,fitosanitaris i cereals.\",\"potentialAction\":[{\"@type\":\"SearchAction\",\"target\":{\"@type\":\"EntryPoint\",\"urlTemplate\":\"https:\\\/\\\/mcazorla.com\\\/?s={search_term_string}\"},\"query-input\":{\"@type\":\"PropertyValueSpecification\",\"valueRequired\":true,\"valueName\":\"search_term_string\"}}],\"inLanguage\":\"fr-FR\"}]}<\/script>\n<!-- \/ Yoast SEO plugin. -->","yoast_head_json":{"title":"LG 50.625 HOV - M. Cazorla","robots":{"index":"index","follow":"follow","max-snippet":"max-snippet:-1","max-image-preview":"max-image-preview:large","max-video-preview":"max-video-preview:-1"},"canonical":"https:\/\/mcazorla.com\/fr\/producte\/lg50-625hov\/","og_locale":"fr_FR","og_type":"article","og_title":"LG 50.625 HOV - M. Cazorla","og_description":"Vari\u00e9t\u00e9 demi-pr\u00e9coce, ol\u00e9ique.  Resistance au mildiou : 8.  (Valeurs : 1-3 : Sensible \/ 4-6: Moyen - Bon \/ 7-9 : Tolerant - Excel\u00b7lent).   S\u00e9chage rapide \u00e0 la r\u00e9colte.  Potentiel productif extraordinaire de l\u2019huile \u00e0 haute teneur en acide ol\u00e9ique.  Bonne adaptation \u00e0 toutes les zones et conditions de croissance, gr\u00e2ce \u00e0 son profil sanitaire.  &nbsp;","og_url":"https:\/\/mcazorla.com\/fr\/producte\/lg50-625hov\/","og_site_name":"M. Cazorla","article_modified_time":"2022-09-23T10:39:35+00:00","og_image":[{"width":500,"height":386,"url":"https:\/\/mcazorla.com\/wp-content\/uploads\/2022\/08\/GIRASOL-LG-50.625-HOV.jpg","type":"image\/jpeg"}],"twitter_card":"summary_large_image","schema":{"@context":"https:\/\/schema.org","@graph":[{"@type":"WebPage","@id":"https:\/\/mcazorla.com\/fr\/producte\/lg50-625hov\/","url":"https:\/\/mcazorla.com\/fr\/producte\/lg50-625hov\/","name":"LG 50.625 HOV - M. Cazorla","isPartOf":{"@id":"https:\/\/mcazorla.com\/#website"},"primaryImageOfPage":{"@id":"https:\/\/mcazorla.com\/fr\/producte\/lg50-625hov\/#primaryimage"},"image":{"@id":"https:\/\/mcazorla.com\/fr\/producte\/lg50-625hov\/#primaryimage"},"thumbnailUrl":"https:\/\/mcazorla.com\/wp-content\/uploads\/2022\/08\/GIRASOL-LG-50.625-HOV.jpg","datePublished":"2022-08-30T10:25:31+00:00","dateModified":"2022-09-23T10:39:35+00:00","breadcrumb":{"@id":"https:\/\/mcazorla.com\/fr\/producte\/lg50-625hov\/#breadcrumb"},"inLanguage":"fr-FR","potentialAction":[{"@type":"ReadAction","target":["https:\/\/mcazorla.com\/fr\/producte\/lg50-625hov\/"]}]},{"@type":"ImageObject","inLanguage":"fr-FR","@id":"https:\/\/mcazorla.com\/fr\/producte\/lg50-625hov\/#primaryimage","url":"https:\/\/mcazorla.com\/wp-content\/uploads\/2022\/08\/GIRASOL-LG-50.625-HOV.jpg","contentUrl":"https:\/\/mcazorla.com\/wp-content\/uploads\/2022\/08\/GIRASOL-LG-50.625-HOV.jpg","width":500,"height":386},{"@type":"BreadcrumbList","@id":"https:\/\/mcazorla.com\/fr\/producte\/lg50-625hov\/#breadcrumb","itemListElement":[{"@type":"ListItem","position":1,"name":"Portada","item":"https:\/\/mcazorla.com\/fr\/"},{"@type":"ListItem","position":2,"name":"Productes","item":"https:\/\/mcazorla.com\/productes\/"},{"@type":"ListItem","position":3,"name":"LG 50.625 HOV"}]},{"@type":"WebSite","@id":"https:\/\/mcazorla.com\/#website","url":"https:\/\/mcazorla.com\/","name":"M. Cazorla","description":"Comercialitzaci\u00f3 de llavors, fertilizants, adobs ,fitosanitaris i cereals.","potentialAction":[{"@type":"SearchAction","target":{"@type":"EntryPoint","urlTemplate":"https:\/\/mcazorla.com\/?s={search_term_string}"},"query-input":{"@type":"PropertyValueSpecification","valueRequired":true,"valueName":"search_term_string"}}],"inLanguage":"fr-FR"}]}},"_links":{"self":[{"href":"https:\/\/mcazorla.com\/fr\/wp-json\/wp\/v2\/product\/4541","targetHints":{"allow":["GET"]}}],"collection":[{"href":"https:\/\/mcazorla.com\/fr\/wp-json\/wp\/v2\/product"}],"about":[{"href":"https:\/\/mcazorla.com\/fr\/wp-json\/wp\/v2\/types\/product"}],"wp:featuredmedia":[{"embeddable":true,"href":"https:\/\/mcazorla.com\/fr\/wp-json\/wp\/v2\/media\/4704"}],"wp:attachment":[{"href":"https:\/\/mcazorla.com\/fr\/wp-json\/wp\/v2\/media?parent=4541"}],"wp:term":[{"taxonomy":"product_brand","embeddable":true,"href":"https:\/\/mcazorla.com\/fr\/wp-json\/wp\/v2\/product_brand?post=4541"},{"taxonomy":"product_cat","embeddable":true,"href":"https:\/\/mcazorla.com\/fr\/wp-json\/wp\/v2\/product_cat?post=4541"},{"taxonomy":"product_tag","embeddable":true,"href":"https:\/\/mcazorla.com\/fr\/wp-json\/wp\/v2\/product_tag?post=4541"}],"curies":[{"name":"wp","href":"https:\/\/api.w.org\/{rel}","templated":true}]}}