{"id":4802,"date":"2022-09-15T08:57:21","date_gmt":"2022-09-15T08:57:21","guid":{"rendered":"https:\/\/www.mcazorla.com\/?post_type=product&#038;p=4802"},"modified":"2022-09-23T10:49:00","modified_gmt":"2022-09-23T10:49:00","slug":"biokali-6-2-6","status":"publish","type":"product","link":"https:\/\/mcazorla.com\/fr\/producte\/biokali-6-2-6\/","title":{"rendered":"Biokali 6-2-6"},"content":{"rendered":"<div class=\"fusion-fullwidth fullwidth-box fusion-builder-row-1 fusion-flex-container has-pattern-background has-mask-background nonhundred-percent-fullwidth non-hundred-percent-height-scrolling\" style=\"--awb-border-radius-top-left:0px;--awb-border-radius-top-right:0px;--awb-border-radius-bottom-right:0px;--awb-border-radius-bottom-left:0px;--awb-flex-wrap:wrap;\" ><div class=\"fusion-builder-row fusion-row fusion-flex-align-items-flex-start fusion-flex-content-wrap\" style=\"max-width:1365px;margin-left: calc(-5% \/ 2 );margin-right: calc(-5% \/ 2 );\"><div class=\"fusion-layout-column fusion_builder_column fusion-builder-column-0 fusion_builder_column_1_2 1_2 fusion-flex-column\" style=\"--awb-bg-size:cover;--awb-width-large:50%;--awb-margin-top-large:0px;--awb-spacing-right-large:4.75%;--awb-margin-bottom-large:20px;--awb-spacing-left-large:4.75%;--awb-width-medium:50%;--awb-order-medium:0;--awb-spacing-right-medium:4.75%;--awb-spacing-left-medium:4.75%;--awb-width-small:100%;--awb-order-small:0;--awb-spacing-right-small:2.375%;--awb-spacing-left-small:2.375%;\"><div class=\"fusion-column-wrapper fusion-column-has-shadow fusion-flex-justify-content-flex-start fusion-content-layout-column\">\n<div class=\"table-1\">\n<table width=\"100%\">\n<thead>\n<tr>\n<th align=\"left\">\n<table width=\"737\">\n<tbody>\n<tr>\n<td width=\"226\"><strong>Pulv\u00e9risation au sol, relance<\/strong><\/td>\n<td width=\"510\">100 \u00e0 150 litres\/Ha<\/td>\n<\/tr>\n<tr>\n<td width=\"226\"><strong>Cultures mara\u00eech\u00e8res<\/strong><\/td>\n<td width=\"510\">60 \u00e0 100 litres \/Ha \u00e0 raison de 20 L\/Ha par semaine<\/td>\n<\/tr>\n<tr>\n<td width=\"226\"><strong>Vergers<\/strong><\/td>\n<td width=\"510\">30 \u00e0 50 ml par arbre dans l\u2019eau de plantation.<\/p>\n<p>En pulv\u00e9risation foliaire 3 \u00e0 6 litres\/Ha<\/td>\n<\/tr>\n<tr>\n<td width=\"226\"><strong>Vigne<\/strong><\/td>\n<td width=\"510\">20 \u00e0 30 ml par pied dans l\u2019eau de plantation.<\/p>\n<p>En foliaire, 3 litres\/Ha au stade G, au stade H puis au stade J<\/td>\n<\/tr>\n<tr>\n<td width=\"226\"><strong>Cultures horticoles et p\u00e9pini\u00e8res<\/strong><\/td>\n<td width=\"510\">Pulv\u00e9risation foliaire 2% et goutte \u00e0 goutte 4%<\/td>\n<\/tr>\n<\/tbody>\n<\/table>\n<\/th>\n<\/tr>\n<\/thead>\n<\/table>\n<\/div>\n<\/div><\/div><div class=\"fusion-layout-column fusion_builder_column fusion-builder-column-1 fusion_builder_column_1_2 1_2 fusion-flex-column\" style=\"--awb-bg-size:cover;--awb-width-large:50%;--awb-margin-top-large:0px;--awb-spacing-right-large:4.75%;--awb-margin-bottom-large:20px;--awb-spacing-left-large:4.75%;--awb-width-medium:50%;--awb-order-medium:0;--awb-spacing-right-medium:4.75%;--awb-spacing-left-medium:4.75%;--awb-width-small:100%;--awb-order-small:0;--awb-spacing-right-small:2.375%;--awb-spacing-left-small:2.375%;\"><div class=\"fusion-column-wrapper fusion-column-has-shadow fusion-flex-justify-content-flex-start fusion-content-layout-column\"><\/div><\/div><\/div><\/div>\n","protected":false},"excerpt":{"rendered":"<p>Fertilisant organique d&rsquo;origine v\u00e9g\u00e9tale contenant plus de 50% de Mati\u00e8re Organique, 10% d&rsquo;acides amin\u00e9s et 15% de Glycine B\u00e9ta\u00efne, des hydrolysats de prot\u00e9ines et des oligo-\u00e9l\u00e9ments. Il favorise une meilleure qualit\u00e9 des r\u00e9coltes, ainsi que la germination des semences, la couleur et la saveur des fruits et des l\u00e9gumes: vitamines, sucres, prot\u00e9ines, polyph\u00e9nols,etc. Il am\u00e9liore donc, la resistance des plantes aux stress abiotiques: printemps, froid, s\u00e9cheresse,etc&#8230;<\/p>\n<p>Peut \u00eatre utilis\u00e9 en foliaire ou en application au sol. Il peut \u00eatre incorpor\u00e9 dans les r\u00e9seaux d&rsquo;irrigation (syst\u00e8me goutte \u00e0 goutte et aspersion).<\/p>\n<h5>Teneurs garanties en \u00e9l\u00e9ments fertilisants :<\/h5>\n<h6>Azote total (N) : 5% dont 4.3% d&rsquo;Azote organique<\/h6>\n<h6>Oxyde de Potassium (K2O) : 5%<\/h6>\n[fusion_table fusion_table_type=\"1\" fusion_table_rows=\"\" fusion_table_columns=\"\" margin_top=\"\" margin_right=\"\" margin_bottom=\"\" margin_left=\"\" hide_on_mobile=\"small-visibility,medium-visibility,large-visibility\" class=\"\" id=\"\" animation_type=\"\" animation_direction=\"left\" animation_speed=\"0.3\" animation_offset=\"\"]<\/p>\n<div class=\"table-1\">\n<table width=\"100%\">\n<thead>\n<tr>\n<th align=\"left\">Culture<\/th>\n<th align=\"left\">Dose<\/th>\n<\/tr>\n<\/thead>\n<tbody>\n<tr>\n<td align=\"left\">Pulv\u00e9risation au sol, relance<\/td>\n<td align=\"left\">De 100 \u00e0 150 litres\/Ha<\/td>\n<\/tr>\n<tr>\n<td align=\"left\">Cultures Mara\u00eech\u00e8res<\/td>\n<td align=\"left\">De 60 \u00e0 100 litres\/Ha \u00e0 raison de 20 litres\/Ha par semaine<\/td>\n<\/tr>\n<tr>\n<td align=\"left\">Vergers<\/td>\n<td align=\"left\">De 30 \u00e0 50 ml par arbre dans l&rsquo;eau de plantation. En pulv\u00e9risation foliaire de 3 \u00e0 6 litres\/Ha<\/td>\n<\/tr>\n<tr>\n<td align=\"left\">Vignes<\/td>\n<td align=\"left\">De 20 \u00e0 30 ml par pied dans l&rsquo;eau de plantation. En foliaire, 3 litres\/Ha au stade G, au stade H puis au stade J.<\/td>\n<\/tr>\n<tr>\n<td align=\"left\">Cultures horticoles et p\u00e9pini\u00e8res<\/td>\n<td align=\"left\">Pulv\u00e9risation foliaire 2% et goutte \u00e0 goutte 4%<\/td>\n<\/tr>\n<\/tbody>\n<\/table>\n<\/div>\n<p>[\/fusion_table]\n<p><em>*Ne pas appliquer lors de fortes chaleurs et au soleil.\u00a0<\/em><\/p>\n<h3>Utilisable en Agriculture Biologique conform\u00e9ment au R\u00e8glement UE2018\/848 .<\/h3>\n<h3><strong>Engrais NF U42-001.<\/strong><\/h3>\n<p>&nbsp;<\/p>\n","protected":false},"featured_media":4803,"template":"","meta":[],"product_brand":[],"product_cat":[216,207],"product_tag":[],"class_list":{"0":"post-4802","1":"product","2":"type-product","3":"status-publish","4":"has-post-thumbnail","6":"product_cat-engrais-en-bio","7":"product_cat-produits-en-bio","9":"first","10":"instock","11":"shipping-taxable","12":"product-type-simple"},"yoast_head":"<!-- This site is optimized with the Yoast SEO plugin v27.4 - https:\/\/yoast.com\/product\/yoast-seo-wordpress\/ -->\n<title>Biokali 6-2-6 - M. Cazorla<\/title>\n<meta name=\"robots\" content=\"index, follow, max-snippet:-1, max-image-preview:large, max-video-preview:-1\" \/>\n<link rel=\"canonical\" href=\"https:\/\/mcazorla.com\/fr\/producte\/biokali-6-2-6\/\" \/>\n<meta property=\"og:locale\" content=\"fr_FR\" \/>\n<meta property=\"og:type\" content=\"article\" \/>\n<meta property=\"og:title\" content=\"Biokali 6-2-6 - M. Cazorla\" \/>\n<meta property=\"og:description\" content=\"Fertilisant organique d&#039;origine v\u00e9g\u00e9tale contenant plus de 50% de Mati\u00e8re Organique, 10% d&#039;acides amin\u00e9s et 15% de Glycine B\u00e9ta\u00efne, des hydrolysats de prot\u00e9ines et des oligo-\u00e9l\u00e9ments. Il favorise une meilleure qualit\u00e9 des r\u00e9coltes, ainsi que la germination des semences, la couleur et la saveur des fruits et des l\u00e9gumes: vitamines, sucres, prot\u00e9ines, polyph\u00e9nols,etc. Il am\u00e9liore donc, la resistance des plantes aux stress abiotiques: printemps, froid, s\u00e9cheresse,etc...  Peut \u00eatre utilis\u00e9 en foliaire ou en application au sol. Il peut \u00eatre incorpor\u00e9 dans les r\u00e9seaux d&#039;irrigation (syst\u00e8me goutte \u00e0 goutte et aspersion). Teneurs garanties en \u00e9l\u00e9ments fertilisants : Azote total (N) : 5% dont 4.3% d&#039;Azote organique Oxyde de Potassium (K2O) : 5%   *Ne pas appliquer lors de fortes chaleurs et au soleil.\u00a0 Utilisable en Agriculture Biologique conform\u00e9ment au R\u00e8glement UE2018\/848 . Engrais NF U42-001. &nbsp;\" \/>\n<meta property=\"og:url\" content=\"https:\/\/mcazorla.com\/fr\/producte\/biokali-6-2-6\/\" \/>\n<meta property=\"og:site_name\" content=\"M. Cazorla\" \/>\n<meta property=\"article:modified_time\" content=\"2022-09-23T10:49:00+00:00\" \/>\n<meta property=\"og:image\" content=\"https:\/\/mcazorla.com\/wp-content\/uploads\/2022\/09\/Byokali-626-768x768-1.png\" \/>\n\t<meta property=\"og:image:width\" content=\"377\" \/>\n\t<meta property=\"og:image:height\" content=\"291\" \/>\n\t<meta property=\"og:image:type\" content=\"image\/png\" \/>\n<meta name=\"twitter:card\" content=\"summary_large_image\" \/>\n<meta name=\"twitter:label1\" content=\"Dur\u00e9e de lecture estim\u00e9e\" \/>\n\t<meta name=\"twitter:data1\" content=\"3 minutes\" \/>\n<script type=\"application\/ld+json\" class=\"yoast-schema-graph\">{\"@context\":\"https:\\\/\\\/schema.org\",\"@graph\":[{\"@type\":\"WebPage\",\"@id\":\"https:\\\/\\\/mcazorla.com\\\/fr\\\/producte\\\/biokali-6-2-6\\\/\",\"url\":\"https:\\\/\\\/mcazorla.com\\\/fr\\\/producte\\\/biokali-6-2-6\\\/\",\"name\":\"Biokali 6-2-6 - M. Cazorla\",\"isPartOf\":{\"@id\":\"https:\\\/\\\/mcazorla.com\\\/#website\"},\"primaryImageOfPage\":{\"@id\":\"https:\\\/\\\/mcazorla.com\\\/fr\\\/producte\\\/biokali-6-2-6\\\/#primaryimage\"},\"image\":{\"@id\":\"https:\\\/\\\/mcazorla.com\\\/fr\\\/producte\\\/biokali-6-2-6\\\/#primaryimage\"},\"thumbnailUrl\":\"https:\\\/\\\/mcazorla.com\\\/wp-content\\\/uploads\\\/2022\\\/09\\\/Byokali-626-768x768-1.png\",\"datePublished\":\"2022-09-15T08:57:21+00:00\",\"dateModified\":\"2022-09-23T10:49:00+00:00\",\"breadcrumb\":{\"@id\":\"https:\\\/\\\/mcazorla.com\\\/fr\\\/producte\\\/biokali-6-2-6\\\/#breadcrumb\"},\"inLanguage\":\"fr-FR\",\"potentialAction\":[{\"@type\":\"ReadAction\",\"target\":[\"https:\\\/\\\/mcazorla.com\\\/fr\\\/producte\\\/biokali-6-2-6\\\/\"]}]},{\"@type\":\"ImageObject\",\"inLanguage\":\"fr-FR\",\"@id\":\"https:\\\/\\\/mcazorla.com\\\/fr\\\/producte\\\/biokali-6-2-6\\\/#primaryimage\",\"url\":\"https:\\\/\\\/mcazorla.com\\\/wp-content\\\/uploads\\\/2022\\\/09\\\/Byokali-626-768x768-1.png\",\"contentUrl\":\"https:\\\/\\\/mcazorla.com\\\/wp-content\\\/uploads\\\/2022\\\/09\\\/Byokali-626-768x768-1.png\",\"width\":377,\"height\":291},{\"@type\":\"BreadcrumbList\",\"@id\":\"https:\\\/\\\/mcazorla.com\\\/fr\\\/producte\\\/biokali-6-2-6\\\/#breadcrumb\",\"itemListElement\":[{\"@type\":\"ListItem\",\"position\":1,\"name\":\"Portada\",\"item\":\"https:\\\/\\\/mcazorla.com\\\/fr\\\/\"},{\"@type\":\"ListItem\",\"position\":2,\"name\":\"Productes\",\"item\":\"https:\\\/\\\/mcazorla.com\\\/productes\\\/\"},{\"@type\":\"ListItem\",\"position\":3,\"name\":\"Biokali 6-2-6\"}]},{\"@type\":\"WebSite\",\"@id\":\"https:\\\/\\\/mcazorla.com\\\/#website\",\"url\":\"https:\\\/\\\/mcazorla.com\\\/\",\"name\":\"M. Cazorla\",\"description\":\"Comercialitzaci\u00f3 de llavors, fertilizants, adobs ,fitosanitaris i cereals.\",\"potentialAction\":[{\"@type\":\"SearchAction\",\"target\":{\"@type\":\"EntryPoint\",\"urlTemplate\":\"https:\\\/\\\/mcazorla.com\\\/?s={search_term_string}\"},\"query-input\":{\"@type\":\"PropertyValueSpecification\",\"valueRequired\":true,\"valueName\":\"search_term_string\"}}],\"inLanguage\":\"fr-FR\"}]}<\/script>\n<!-- \/ Yoast SEO plugin. -->","yoast_head_json":{"title":"Biokali 6-2-6 - M. Cazorla","robots":{"index":"index","follow":"follow","max-snippet":"max-snippet:-1","max-image-preview":"max-image-preview:large","max-video-preview":"max-video-preview:-1"},"canonical":"https:\/\/mcazorla.com\/fr\/producte\/biokali-6-2-6\/","og_locale":"fr_FR","og_type":"article","og_title":"Biokali 6-2-6 - M. Cazorla","og_description":"Fertilisant organique d'origine v\u00e9g\u00e9tale contenant plus de 50% de Mati\u00e8re Organique, 10% d'acides amin\u00e9s et 15% de Glycine B\u00e9ta\u00efne, des hydrolysats de prot\u00e9ines et des oligo-\u00e9l\u00e9ments. Il favorise une meilleure qualit\u00e9 des r\u00e9coltes, ainsi que la germination des semences, la couleur et la saveur des fruits et des l\u00e9gumes: vitamines, sucres, prot\u00e9ines, polyph\u00e9nols,etc. Il am\u00e9liore donc, la resistance des plantes aux stress abiotiques: printemps, froid, s\u00e9cheresse,etc...  Peut \u00eatre utilis\u00e9 en foliaire ou en application au sol. Il peut \u00eatre incorpor\u00e9 dans les r\u00e9seaux d'irrigation (syst\u00e8me goutte \u00e0 goutte et aspersion). Teneurs garanties en \u00e9l\u00e9ments fertilisants : Azote total (N) : 5% dont 4.3% d'Azote organique Oxyde de Potassium (K2O) : 5%   *Ne pas appliquer lors de fortes chaleurs et au soleil.\u00a0 Utilisable en Agriculture Biologique conform\u00e9ment au R\u00e8glement UE2018\/848 . Engrais NF U42-001. &nbsp;","og_url":"https:\/\/mcazorla.com\/fr\/producte\/biokali-6-2-6\/","og_site_name":"M. Cazorla","article_modified_time":"2022-09-23T10:49:00+00:00","og_image":[{"width":377,"height":291,"url":"https:\/\/mcazorla.com\/wp-content\/uploads\/2022\/09\/Byokali-626-768x768-1.png","type":"image\/png"}],"twitter_card":"summary_large_image","twitter_misc":{"Dur\u00e9e de lecture estim\u00e9e":"3 minutes"},"schema":{"@context":"https:\/\/schema.org","@graph":[{"@type":"WebPage","@id":"https:\/\/mcazorla.com\/fr\/producte\/biokali-6-2-6\/","url":"https:\/\/mcazorla.com\/fr\/producte\/biokali-6-2-6\/","name":"Biokali 6-2-6 - M. Cazorla","isPartOf":{"@id":"https:\/\/mcazorla.com\/#website"},"primaryImageOfPage":{"@id":"https:\/\/mcazorla.com\/fr\/producte\/biokali-6-2-6\/#primaryimage"},"image":{"@id":"https:\/\/mcazorla.com\/fr\/producte\/biokali-6-2-6\/#primaryimage"},"thumbnailUrl":"https:\/\/mcazorla.com\/wp-content\/uploads\/2022\/09\/Byokali-626-768x768-1.png","datePublished":"2022-09-15T08:57:21+00:00","dateModified":"2022-09-23T10:49:00+00:00","breadcrumb":{"@id":"https:\/\/mcazorla.com\/fr\/producte\/biokali-6-2-6\/#breadcrumb"},"inLanguage":"fr-FR","potentialAction":[{"@type":"ReadAction","target":["https:\/\/mcazorla.com\/fr\/producte\/biokali-6-2-6\/"]}]},{"@type":"ImageObject","inLanguage":"fr-FR","@id":"https:\/\/mcazorla.com\/fr\/producte\/biokali-6-2-6\/#primaryimage","url":"https:\/\/mcazorla.com\/wp-content\/uploads\/2022\/09\/Byokali-626-768x768-1.png","contentUrl":"https:\/\/mcazorla.com\/wp-content\/uploads\/2022\/09\/Byokali-626-768x768-1.png","width":377,"height":291},{"@type":"BreadcrumbList","@id":"https:\/\/mcazorla.com\/fr\/producte\/biokali-6-2-6\/#breadcrumb","itemListElement":[{"@type":"ListItem","position":1,"name":"Portada","item":"https:\/\/mcazorla.com\/fr\/"},{"@type":"ListItem","position":2,"name":"Productes","item":"https:\/\/mcazorla.com\/productes\/"},{"@type":"ListItem","position":3,"name":"Biokali 6-2-6"}]},{"@type":"WebSite","@id":"https:\/\/mcazorla.com\/#website","url":"https:\/\/mcazorla.com\/","name":"M. Cazorla","description":"Comercialitzaci\u00f3 de llavors, fertilizants, adobs ,fitosanitaris i cereals.","potentialAction":[{"@type":"SearchAction","target":{"@type":"EntryPoint","urlTemplate":"https:\/\/mcazorla.com\/?s={search_term_string}"},"query-input":{"@type":"PropertyValueSpecification","valueRequired":true,"valueName":"search_term_string"}}],"inLanguage":"fr-FR"}]}},"_links":{"self":[{"href":"https:\/\/mcazorla.com\/fr\/wp-json\/wp\/v2\/product\/4802","targetHints":{"allow":["GET"]}}],"collection":[{"href":"https:\/\/mcazorla.com\/fr\/wp-json\/wp\/v2\/product"}],"about":[{"href":"https:\/\/mcazorla.com\/fr\/wp-json\/wp\/v2\/types\/product"}],"wp:featuredmedia":[{"embeddable":true,"href":"https:\/\/mcazorla.com\/fr\/wp-json\/wp\/v2\/media\/4803"}],"wp:attachment":[{"href":"https:\/\/mcazorla.com\/fr\/wp-json\/wp\/v2\/media?parent=4802"}],"wp:term":[{"taxonomy":"product_brand","embeddable":true,"href":"https:\/\/mcazorla.com\/fr\/wp-json\/wp\/v2\/product_brand?post=4802"},{"taxonomy":"product_cat","embeddable":true,"href":"https:\/\/mcazorla.com\/fr\/wp-json\/wp\/v2\/product_cat?post=4802"},{"taxonomy":"product_tag","embeddable":true,"href":"https:\/\/mcazorla.com\/fr\/wp-json\/wp\/v2\/product_tag?post=4802"}],"curies":[{"name":"wp","href":"https:\/\/api.w.org\/{rel}","templated":true}]}}