{"id":4808,"date":"2022-09-15T09:28:16","date_gmt":"2022-09-15T09:28:16","guid":{"rendered":"https:\/\/www.mcazorla.com\/?post_type=product&#038;p=4808"},"modified":"2022-09-19T10:21:15","modified_gmt":"2022-09-19T10:21:15","slug":"mo90","status":"publish","type":"product","link":"https:\/\/mcazorla.com\/fr\/producte\/mo90\/","title":{"rendered":"MO90"},"content":{"rendered":"","protected":false},"excerpt":{"rendered":"<p>Solution organique liquide compos\u00e9e de mati\u00e8re humique, carbone d&rsquo;origine naturelle que l&rsquo;on trouve dans certaines mati\u00e8res v\u00e9g\u00e9tales, associ\u00e9s \u00e0 des acides amin\u00e9s. Il favorise le d\u00e9marrage et le d\u00e9veloppement des cultures en mettant \u00e0 disposition des\u00a0 \u00e9l\u00e9ments nutritifs et \u00e9n\u00e9rgetiques.<\/p>\n<p>Contien 21% de Carbone Organique 100% d&rsquo;origine v\u00e9g\u00e9tale et 42% de Mati\u00e8re Organique. Il peut \u00eatre utilis\u00e9 en application au sol ou incorpor\u00e9 dans les reseaux d&rsquo;irrigation (Syst\u00e8me goutte \u00e0 goutte et aspersion).<\/p>\n<div class=\"table-1\"><\/div>\n[fusion_table fusion_table_type=\"2\" fusion_table_rows=\"\" fusion_table_columns=\"\" margin_top=\"\" margin_right=\"\" margin_bottom=\"\" margin_left=\"\" hide_on_mobile=\"small-visibility,medium-visibility,large-visibility\" class=\"\" id=\"\" animation_type=\"\" animation_direction=\"left\" animation_speed=\"0.3\" animation_offset=\"\"]<\/p>\n<div class=\"table-2\">\n<table width=\"100%\">\n<thead>\n<tr>\n<th align=\"left\">Cultures<\/th>\n<th align=\"left\">Dose<\/th>\n<\/tr>\n<\/thead>\n<tbody>\n<tr>\n<td align=\"left\">Pulv\u00e9risation au sol<\/td>\n<td align=\"left\">20 \u00e0 50 litres \/Ha<\/td>\n<\/tr>\n<tr>\n<td align=\"left\">Cultures Mara\u00eech\u00e8res<\/td>\n<td align=\"left\">10 \u00e0 20 litres\/ha<\/td>\n<\/tr>\n<tr>\n<td align=\"left\">Vergers<\/td>\n<td align=\"left\">1 \u00e0 2 applications de 10 \u00e0 20 litres\/Ha au d\u00e9marrage de la v\u00e9g\u00e9tation. De 30 \u00e0 50 ml par arbre dans l&rsquo;eau de plantation<\/td>\n<\/tr>\n<tr>\n<td align=\"left\">Vignes<\/td>\n<td align=\"left\">1 \u00e0 2 applications de 10 \u00e0 20 litres\/Ha au d\u00e9marrage de la v\u00e9g\u00e9tation. De 20 \u00e0 20 ml par pied dans l&rsquo;eau de plantation<\/td>\n<\/tr>\n<tr>\n<td align=\"left\">P\u00e9pini\u00e8re et Horticulture<\/td>\n<td align=\"left\">2 ml par plant (concentration 0.5%)<\/td>\n<\/tr>\n<tr>\n<td align=\"left\">Fertirrigation<\/td>\n<td align=\"left\">2 \u00e0 5 applications 5 litres \/Ha<\/td>\n<\/tr>\n<\/tbody>\n<\/table>\n<\/div>\n<p>[\/fusion_table]\n<h3>Utilisable en Agriculture Biologique conform\u00e9ment au R\u00e8glement UE 2018\/848.<\/h3>\n<h2>Engrais NF U42-001.<\/h2>\n","protected":false},"featured_media":4809,"template":"","meta":[],"product_brand":[],"product_cat":[216,207],"product_tag":[],"class_list":{"0":"post-4808","1":"product","2":"type-product","3":"status-publish","4":"has-post-thumbnail","6":"product_cat-engrais-en-bio","7":"product_cat-produits-en-bio","9":"first","10":"instock","11":"shipping-taxable","12":"product-type-simple"},"yoast_head":"<!-- This site is optimized with the Yoast SEO plugin v27.4 - https:\/\/yoast.com\/product\/yoast-seo-wordpress\/ -->\n<title>MO90 - M. Cazorla<\/title>\n<meta name=\"robots\" content=\"index, follow, max-snippet:-1, max-image-preview:large, max-video-preview:-1\" \/>\n<link rel=\"canonical\" href=\"https:\/\/mcazorla.com\/fr\/producte\/mo90\/\" \/>\n<meta property=\"og:locale\" content=\"fr_FR\" \/>\n<meta property=\"og:type\" content=\"article\" \/>\n<meta property=\"og:title\" content=\"MO90 - M. Cazorla\" \/>\n<meta property=\"og:description\" content=\"Solution organique liquide compos\u00e9e de mati\u00e8re humique, carbone d&#039;origine naturelle que l&#039;on trouve dans certaines mati\u00e8res v\u00e9g\u00e9tales, associ\u00e9s \u00e0 des acides amin\u00e9s. Il favorise le d\u00e9marrage et le d\u00e9veloppement des cultures en mettant \u00e0 disposition des\u00a0 \u00e9l\u00e9ments nutritifs et \u00e9n\u00e9rgetiques.  Contien 21% de Carbone Organique 100% d&#039;origine v\u00e9g\u00e9tale et 42% de Mati\u00e8re Organique. Il peut \u00eatre utilis\u00e9 en application au sol ou incorpor\u00e9 dans les reseaux d&#039;irrigation (Syst\u00e8me goutte \u00e0 goutte et aspersion).   Utilisable en Agriculture Biologique conform\u00e9ment au R\u00e8glement UE 2018\/848. Engrais NF U42-001.\" \/>\n<meta property=\"og:url\" content=\"https:\/\/mcazorla.com\/fr\/producte\/mo90\/\" \/>\n<meta property=\"og:site_name\" content=\"M. Cazorla\" \/>\n<meta property=\"article:modified_time\" content=\"2022-09-19T10:21:15+00:00\" \/>\n<meta property=\"og:image\" content=\"https:\/\/mcazorla.com\/wp-content\/uploads\/2022\/09\/MO90-1-768x768-1.jpg\" \/>\n\t<meta property=\"og:image:width\" content=\"500\" \/>\n\t<meta property=\"og:image:height\" content=\"386\" \/>\n\t<meta property=\"og:image:type\" content=\"image\/jpeg\" \/>\n<meta name=\"twitter:card\" content=\"summary_large_image\" \/>\n<script type=\"application\/ld+json\" class=\"yoast-schema-graph\">{\"@context\":\"https:\\\/\\\/schema.org\",\"@graph\":[{\"@type\":\"WebPage\",\"@id\":\"https:\\\/\\\/mcazorla.com\\\/fr\\\/producte\\\/mo90\\\/\",\"url\":\"https:\\\/\\\/mcazorla.com\\\/fr\\\/producte\\\/mo90\\\/\",\"name\":\"MO90 - M. Cazorla\",\"isPartOf\":{\"@id\":\"https:\\\/\\\/mcazorla.com\\\/#website\"},\"primaryImageOfPage\":{\"@id\":\"https:\\\/\\\/mcazorla.com\\\/fr\\\/producte\\\/mo90\\\/#primaryimage\"},\"image\":{\"@id\":\"https:\\\/\\\/mcazorla.com\\\/fr\\\/producte\\\/mo90\\\/#primaryimage\"},\"thumbnailUrl\":\"https:\\\/\\\/mcazorla.com\\\/wp-content\\\/uploads\\\/2022\\\/09\\\/MO90-1-768x768-1.jpg\",\"datePublished\":\"2022-09-15T09:28:16+00:00\",\"dateModified\":\"2022-09-19T10:21:15+00:00\",\"breadcrumb\":{\"@id\":\"https:\\\/\\\/mcazorla.com\\\/fr\\\/producte\\\/mo90\\\/#breadcrumb\"},\"inLanguage\":\"fr-FR\",\"potentialAction\":[{\"@type\":\"ReadAction\",\"target\":[\"https:\\\/\\\/mcazorla.com\\\/fr\\\/producte\\\/mo90\\\/\"]}]},{\"@type\":\"ImageObject\",\"inLanguage\":\"fr-FR\",\"@id\":\"https:\\\/\\\/mcazorla.com\\\/fr\\\/producte\\\/mo90\\\/#primaryimage\",\"url\":\"https:\\\/\\\/mcazorla.com\\\/wp-content\\\/uploads\\\/2022\\\/09\\\/MO90-1-768x768-1.jpg\",\"contentUrl\":\"https:\\\/\\\/mcazorla.com\\\/wp-content\\\/uploads\\\/2022\\\/09\\\/MO90-1-768x768-1.jpg\",\"width\":500,\"height\":386},{\"@type\":\"BreadcrumbList\",\"@id\":\"https:\\\/\\\/mcazorla.com\\\/fr\\\/producte\\\/mo90\\\/#breadcrumb\",\"itemListElement\":[{\"@type\":\"ListItem\",\"position\":1,\"name\":\"Portada\",\"item\":\"https:\\\/\\\/mcazorla.com\\\/fr\\\/\"},{\"@type\":\"ListItem\",\"position\":2,\"name\":\"Productes\",\"item\":\"https:\\\/\\\/mcazorla.com\\\/productes\\\/\"},{\"@type\":\"ListItem\",\"position\":3,\"name\":\"MO90\"}]},{\"@type\":\"WebSite\",\"@id\":\"https:\\\/\\\/mcazorla.com\\\/#website\",\"url\":\"https:\\\/\\\/mcazorla.com\\\/\",\"name\":\"M. Cazorla\",\"description\":\"Comercialitzaci\u00f3 de llavors, fertilizants, adobs ,fitosanitaris i cereals.\",\"potentialAction\":[{\"@type\":\"SearchAction\",\"target\":{\"@type\":\"EntryPoint\",\"urlTemplate\":\"https:\\\/\\\/mcazorla.com\\\/?s={search_term_string}\"},\"query-input\":{\"@type\":\"PropertyValueSpecification\",\"valueRequired\":true,\"valueName\":\"search_term_string\"}}],\"inLanguage\":\"fr-FR\"}]}<\/script>\n<!-- \/ Yoast SEO plugin. -->","yoast_head_json":{"title":"MO90 - M. Cazorla","robots":{"index":"index","follow":"follow","max-snippet":"max-snippet:-1","max-image-preview":"max-image-preview:large","max-video-preview":"max-video-preview:-1"},"canonical":"https:\/\/mcazorla.com\/fr\/producte\/mo90\/","og_locale":"fr_FR","og_type":"article","og_title":"MO90 - M. Cazorla","og_description":"Solution organique liquide compos\u00e9e de mati\u00e8re humique, carbone d'origine naturelle que l'on trouve dans certaines mati\u00e8res v\u00e9g\u00e9tales, associ\u00e9s \u00e0 des acides amin\u00e9s. Il favorise le d\u00e9marrage et le d\u00e9veloppement des cultures en mettant \u00e0 disposition des\u00a0 \u00e9l\u00e9ments nutritifs et \u00e9n\u00e9rgetiques.  Contien 21% de Carbone Organique 100% d'origine v\u00e9g\u00e9tale et 42% de Mati\u00e8re Organique. Il peut \u00eatre utilis\u00e9 en application au sol ou incorpor\u00e9 dans les reseaux d'irrigation (Syst\u00e8me goutte \u00e0 goutte et aspersion).   Utilisable en Agriculture Biologique conform\u00e9ment au R\u00e8glement UE 2018\/848. Engrais NF U42-001.","og_url":"https:\/\/mcazorla.com\/fr\/producte\/mo90\/","og_site_name":"M. Cazorla","article_modified_time":"2022-09-19T10:21:15+00:00","og_image":[{"width":500,"height":386,"url":"https:\/\/mcazorla.com\/wp-content\/uploads\/2022\/09\/MO90-1-768x768-1.jpg","type":"image\/jpeg"}],"twitter_card":"summary_large_image","schema":{"@context":"https:\/\/schema.org","@graph":[{"@type":"WebPage","@id":"https:\/\/mcazorla.com\/fr\/producte\/mo90\/","url":"https:\/\/mcazorla.com\/fr\/producte\/mo90\/","name":"MO90 - M. Cazorla","isPartOf":{"@id":"https:\/\/mcazorla.com\/#website"},"primaryImageOfPage":{"@id":"https:\/\/mcazorla.com\/fr\/producte\/mo90\/#primaryimage"},"image":{"@id":"https:\/\/mcazorla.com\/fr\/producte\/mo90\/#primaryimage"},"thumbnailUrl":"https:\/\/mcazorla.com\/wp-content\/uploads\/2022\/09\/MO90-1-768x768-1.jpg","datePublished":"2022-09-15T09:28:16+00:00","dateModified":"2022-09-19T10:21:15+00:00","breadcrumb":{"@id":"https:\/\/mcazorla.com\/fr\/producte\/mo90\/#breadcrumb"},"inLanguage":"fr-FR","potentialAction":[{"@type":"ReadAction","target":["https:\/\/mcazorla.com\/fr\/producte\/mo90\/"]}]},{"@type":"ImageObject","inLanguage":"fr-FR","@id":"https:\/\/mcazorla.com\/fr\/producte\/mo90\/#primaryimage","url":"https:\/\/mcazorla.com\/wp-content\/uploads\/2022\/09\/MO90-1-768x768-1.jpg","contentUrl":"https:\/\/mcazorla.com\/wp-content\/uploads\/2022\/09\/MO90-1-768x768-1.jpg","width":500,"height":386},{"@type":"BreadcrumbList","@id":"https:\/\/mcazorla.com\/fr\/producte\/mo90\/#breadcrumb","itemListElement":[{"@type":"ListItem","position":1,"name":"Portada","item":"https:\/\/mcazorla.com\/fr\/"},{"@type":"ListItem","position":2,"name":"Productes","item":"https:\/\/mcazorla.com\/productes\/"},{"@type":"ListItem","position":3,"name":"MO90"}]},{"@type":"WebSite","@id":"https:\/\/mcazorla.com\/#website","url":"https:\/\/mcazorla.com\/","name":"M. Cazorla","description":"Comercialitzaci\u00f3 de llavors, fertilizants, adobs ,fitosanitaris i cereals.","potentialAction":[{"@type":"SearchAction","target":{"@type":"EntryPoint","urlTemplate":"https:\/\/mcazorla.com\/?s={search_term_string}"},"query-input":{"@type":"PropertyValueSpecification","valueRequired":true,"valueName":"search_term_string"}}],"inLanguage":"fr-FR"}]}},"_links":{"self":[{"href":"https:\/\/mcazorla.com\/fr\/wp-json\/wp\/v2\/product\/4808","targetHints":{"allow":["GET"]}}],"collection":[{"href":"https:\/\/mcazorla.com\/fr\/wp-json\/wp\/v2\/product"}],"about":[{"href":"https:\/\/mcazorla.com\/fr\/wp-json\/wp\/v2\/types\/product"}],"wp:featuredmedia":[{"embeddable":true,"href":"https:\/\/mcazorla.com\/fr\/wp-json\/wp\/v2\/media\/4809"}],"wp:attachment":[{"href":"https:\/\/mcazorla.com\/fr\/wp-json\/wp\/v2\/media?parent=4808"}],"wp:term":[{"taxonomy":"product_brand","embeddable":true,"href":"https:\/\/mcazorla.com\/fr\/wp-json\/wp\/v2\/product_brand?post=4808"},{"taxonomy":"product_cat","embeddable":true,"href":"https:\/\/mcazorla.com\/fr\/wp-json\/wp\/v2\/product_cat?post=4808"},{"taxonomy":"product_tag","embeddable":true,"href":"https:\/\/mcazorla.com\/fr\/wp-json\/wp\/v2\/product_tag?post=4808"}],"curies":[{"name":"wp","href":"https:\/\/api.w.org\/{rel}","templated":true}]}}